{"id":1028855,"date":"2024-06-17T16:19:48","date_gmt":"2024-06-17T08:19:48","guid":{"rendered":"https:\/\/vimaterial.de\/product\/fluoruro-de-tulio\/"},"modified":"2025-03-10T17:56:42","modified_gmt":"2025-03-10T09:56:42","slug":"fluoruro-de-tulio","status":"publish","type":"product","link":"https:\/\/vimaterial.de\/es\/product\/fluoruro-de-tulio\/","title":{"rendered":"Fluoruro de tulio"},"content":{"rendered":"<p>El polvo de fluoruro de tulio es un polvo de fluoruro met\u00e1lico de tierras raras que suele ser blanco o ligeramente verde claro, tiene cierta estabilidad qu\u00edmica y propiedades \u00f3pticas especiales, y desempe\u00f1a un papel importante en los campos de la tecnolog\u00eda l\u00e1ser, las fibras \u00f3pticas y los materiales luminiscentes de conversi\u00f3n ascendente.<\/p>\n<p>VIMATERIAL proporciona polvo de fluoruro de tulio en varias especificaciones y admite el servicio de uni\u00f3n de objetivos. Aceptamos la personalizaci\u00f3n de los productos, <span style=\"color: #0000ff;\"><a style=\"color: #0000ff;\" href=\"https:\/\/vimaterial.de\/es\/contacto\/\">cont\u00e1ctenos.<\/a><\/span><\/p>\n<h2><span style=\"font-size: 14pt;\">Propiedades<\/span><\/h2>\n<p>F\u00f3rmula molecular: TmF\u2083<\/p>\n<p>Peso molecular: 225.929<\/p>\n<p>Aspecto: Polvo blanco<\/p>\n<p>Punto de fusi\u00f3n: 1158 \u00b0C<\/p>\n<p>Punto de ebullici\u00f3n: 2200\u00b0C<\/p>\n<p>Estructura cristalina: Tiene la estructura cristalina del sistema cristalino hexagonal, en su cristal, Tm\u00b3\u207a y F- se combinan a trav\u00e9s de un enlace i\u00f3nico, y F- forma una disposici\u00f3n espacial espec\u00edfica alrededor de Tm\u00b3\u207a.<\/p>\n<h2><span style=\"font-size: 14pt;\"> Aplicaci\u00f3n<\/span><\/h2>\n<p>Campo l\u00e1ser: el polvo de TmF \u2083 se puede usar para preparar cristales y vidrios l\u00e1ser dopados con Tm\u00b3\u207a de alto rendimiento con excelente rendimiento en la salida de l\u00e1ser de banda de 2 \u03bcm, que se usan ampliamente en medicina l\u00e1ser, comunicaci\u00f3n \u00f3ptica y rango l\u00e1ser.<\/p>\n<p>Campo de fibra \u00f3ptica: el polvo de TmF \u2083 se agrega a la fibra \u00f3ptica como dopante, lo que puede lograr efectivamente la amplificaci\u00f3n de la luz en la banda de 1,8 a 2,1 \u03bcm, mejorando en gran medida la distancia de transmisi\u00f3n y la eficiencia de los sistemas de comunicaci\u00f3n \u00f3ptica.<\/p>\n<p>Materiales magn\u00e9ticos: Los iones Tm\u00b3\u207a en polvo de TmF\u2083 tienen electrones desapareados, lo que le da un comportamiento magn\u00e9tico \u00fanico en el estudio de materiales magn\u00e9ticos, y se pueden utilizar para desarrollar nuevos materiales magneto-\u00f3pticos y de almacenamiento magn\u00e9tico.<\/p>\n<p>Campo de materiales cer\u00e1micos: el polvo de TmF \u2083 se puede utilizar como aditivo en la preparaci\u00f3n de materiales cer\u00e1micos, lo que puede mejorar las propiedades de sinterizaci\u00f3n, las propiedades mec\u00e1nicas y las propiedades \u00f3pticas de la cer\u00e1mica, y mejorar la calidad integral de los materiales cer\u00e1micos.<\/p>\n<h2><span style=\"font-size: 14pt;\">Control de calidad<\/span><\/h2>\n<p><span style=\"color: #0000ff;\"><a style=\"color: #0000ff;\" href=\"https:\/\/vimaterial.de\/es\/control-de-calidad\/\">Cada lote<\/a> <\/span>de productos protege estrictamente la calidad, desde la selecci\u00f3n de proveedores de materias primas, hasta el uso de equipos de prueba avanzados para monitorear con precisi\u00f3n todo el proceso de producci\u00f3n, hasta el producto terminado a trav\u00e9s de muchas rondas de muestreo severo y certificaci\u00f3n autorizada de terceros, hasta un sistema de control de calidad integral de tolerancia cero para garantizar que cada lote de productos cumpla y supere los altos est\u00e1ndares de la industria, para proporcionar a nuestros clientes la mejor calidad y los productos m\u00e1s estables.<\/p>\n<h2><span style=\"font-size: 14pt;\">Embalaje y almacenamiento<\/span><\/h2>\n<p>El polvo de fluoruro de tulio se envasa en una bolsa de vac\u00edo o en una botella de vac\u00edo en una caja de cart\u00f3n para garantizar un transporte seguro.<\/p>\n<p>El polvo de fluoruro de tulio debe almacenarse en recipientes sellados en un ambiente seco, fresco, bien ventilado y estable a la temperatura, evitando el contacto con \u00e1cidos, \u00e1lcalis y sustancias oxidantes fuertes, para evitar reacciones qu\u00edmicas que conduzcan al deterioro.<\/p>\n","protected":false},"excerpt":{"rendered":"<p>El polvo de fluoruro de tulio es un polvo de fluoruro met\u00e1lico de tierras raras que suele ser blanco o ligeramente verde claro, tiene cierta estabilidad qu\u00edmica y propiedades \u00f3pticas especiales, y desempe\u00f1a un papel importante en los campos de la tecnolog\u00eda l\u00e1ser, las fibras \u00f3pticas y los materiales luminiscentes de conversi\u00f3n ascendente.<\/p>\n<p>VIMATERIAL proporciona polvo de fluoruro de tulio en varias especificaciones y admite el servicio de uni\u00f3n de objetivos. Aceptamos la personalizaci\u00f3n de los productos, <span style=\"color: #0000ff;\"><a style=\"color: #0000ff;\" href=\"https:\/\/vimaterial.de\/es\/contacto\/\">cont\u00e1ctenos.<\/a><\/span><\/p>\n<p>&nbsp;<\/p>\n","protected":false},"featured_media":1034569,"comment_status":"open","ping_status":"closed","template":"","meta":{"_acf_changed":false},"product_brand":[],"product_cat":[184],"product_tag":[],"class_list":{"0":"post-1028855","1":"product","2":"type-product","3":"status-publish","4":"has-post-thumbnail","6":"product_cat-materiales-de-tierras-raras","8":"first","9":"instock","10":"shipping-taxable","11":"purchasable","12":"product-type-variable"},"acf":[],"_links":{"self":[{"href":"https:\/\/vimaterial.de\/es\/wp-json\/wp\/v2\/product\/1028855","targetHints":{"allow":["GET"]}}],"collection":[{"href":"https:\/\/vimaterial.de\/es\/wp-json\/wp\/v2\/product"}],"about":[{"href":"https:\/\/vimaterial.de\/es\/wp-json\/wp\/v2\/types\/product"}],"replies":[{"embeddable":true,"href":"https:\/\/vimaterial.de\/es\/wp-json\/wp\/v2\/comments?post=1028855"}],"wp:featuredmedia":[{"embeddable":true,"href":"https:\/\/vimaterial.de\/es\/wp-json\/wp\/v2\/media\/1034569"}],"wp:attachment":[{"href":"https:\/\/vimaterial.de\/es\/wp-json\/wp\/v2\/media?parent=1028855"}],"wp:term":[{"taxonomy":"product_brand","embeddable":true,"href":"https:\/\/vimaterial.de\/es\/wp-json\/wp\/v2\/product_brand?post=1028855"},{"taxonomy":"product_cat","embeddable":true,"href":"https:\/\/vimaterial.de\/es\/wp-json\/wp\/v2\/product_cat?post=1028855"},{"taxonomy":"product_tag","embeddable":true,"href":"https:\/\/vimaterial.de\/es\/wp-json\/wp\/v2\/product_tag?post=1028855"}],"curies":[{"name":"wp","href":"https:\/\/api.w.org\/{rel}","templated":true}]}}