{"id":1028851,"date":"2024-06-17T16:19:47","date_gmt":"2024-06-17T08:19:47","guid":{"rendered":"https:\/\/vimaterial.de\/product\/cloruro-de-tulio\/"},"modified":"2025-03-11T13:30:11","modified_gmt":"2025-03-11T05:30:11","slug":"cloruro-de-tulio","status":"publish","type":"product","link":"https:\/\/vimaterial.de\/es\/product\/cloruro-de-tulio\/","title":{"rendered":"Cloruro de tulio"},"content":{"rendered":"<p>El polvo de cloruro de tulio es un cloruro met\u00e1lico de tierras raras con una apariencia cristalina generalmente verde, higrosc\u00f3pico, soluble en agua y aplicaciones en cer\u00e1mica, vidrio, f\u00f3sforos, l\u00e1seres y amplificadores de fibra \u00f3ptica.<\/p>\n<p>VIMATERIAL proporciona polvo TmCl3 en varias especificaciones y admite el servicio de encuadernaci\u00f3n de objetivos. Aceptamos la personalizaci\u00f3n de los productos, <span style=\"color: #0000ff;\"><a style=\"color: #0000ff;\" href=\"https:\/\/vimaterial.de\/es\/contacto\/\">cont\u00e1ctenos<\/a><\/span>.<\/p>\n<h2><span style=\"font-size: 14pt;\">Propiedades<\/span><\/h2>\n<p>F\u00f3rmula molecular: TmCl\u2083<\/p>\n<p>Peso molecular: 275.29<\/p>\n<p>Aspecto: polvo verde claro o blanco<\/p>\n<p>Densidad: 3,98 g\/cm\u00b3<\/p>\n<p>Punto de fusi\u00f3n: 821\u00b0C<\/p>\n<p>Punto de ebullici\u00f3n: 1488\u00b0C<\/p>\n<p>Estructura cristalina: El cloruro de tulio (TmCl\u2083) suele tener una estructura cristalina hexagonal, en la que los iones de tulio (Tm\u00b3\u207a) y los iones de cloruro (Cl-) forman una red cristalina en una disposici\u00f3n geom\u00e9trica espec\u00edfica.<\/p>\n<h2><span style=\"font-size: 14pt;\">Aplicaciones<\/span><\/h2>\n<p>S\u00edntesis de materiales: Como precursor para la s\u00edntesis de otros compuestos que contienen tulio. Al reaccionar con otros compuestos, se puede preparar una variedad de materiales a base de tulio con estructuras y propiedades espec\u00edficas, que tienen una amplia gama de aplicaciones en \u00f3ptica, electr\u00f3nica y otros campos.<\/p>\n<p>Cat\u00e1lisis: El polvo de cloruro de tulio tiene el potencial de participar en ciertas reacciones qu\u00edmicas como catalizador o precursor del catalizador. Aunque la aplicaci\u00f3n del cloruro de tulio en cat\u00e1lisis a\u00fan se encuentra en la etapa de investigaci\u00f3n, la estructura electr\u00f3nica especial de los elementos de tierras raras lo hace potencialmente valioso en las reacciones catal\u00edticas.<\/p>\n<p>Campo \u00f3ptico: El polvo de cloruro de tulio se dopa en algunos materiales para el desarrollo de l\u00e1seres y amplificadores \u00f3pticos. En campos como la tecnolog\u00eda l\u00e1ser y las comunicaciones \u00f3pticas, donde se imponen altas exigencias a las propiedades \u00f3pticas de los materiales, el dopaje con cloruro de tulio puede mejorar las propiedades \u00f3pticas de los materiales y mejorar el rendimiento de los l\u00e1seres y amplificadores \u00f3pticos.<\/p>\n<p>Im\u00e1genes m\u00e9dicas: Los materiales dopados con tulio tambi\u00e9n se han explorado para aplicaciones de im\u00e1genes m\u00e9dicas, como en im\u00e1genes \u00f3pticas y espectroscopia, donde se pueden usar como agentes de contraste o sondas de im\u00e1genes para ayudar en el diagn\u00f3stico m\u00e9dico.<\/p>\n<h2><span style=\"font-size: 14pt;\">Control de calidad<\/span><\/h2>\n<p><span style=\"color: #0000ff;\"><a style=\"color: #0000ff;\" href=\"https:\/\/vimaterial.de\/es\/control-de-calidad\/\">Cada lote <\/a><\/span>de productos protege estrictamente la calidad, desde la selecci\u00f3n de proveedores de materias primas, hasta el uso de equipos de prueba avanzados para monitorear con precisi\u00f3n todo el proceso de producci\u00f3n, hasta el producto terminado a trav\u00e9s de muchas rondas de muestreo severo y certificaci\u00f3n autorizada de terceros, hasta un sistema de control de calidad integral de tolerancia cero para garantizar que cada lote de productos cumpla y supere los altos est\u00e1ndares de la industria, para proporcionar a nuestros clientes la mejor calidad y los productos m\u00e1s estables.<\/p>\n<h2><span style=\"font-size: 14pt;\">Embalaje y almacenamiento<\/span><\/h2>\n<p>El polvo de cloruro de tulio se envasa en una bolsa de vac\u00edo o en una botella de vac\u00edo en una caja de cart\u00f3n para garantizar un transporte seguro.<\/p>\n<div class=\"message-box-content-wrapper-fgNGpz\">\n<div class=\"message-content message-box-content-xoCEoU receive-message-box-content-bNaFpa samantha-message-box-content-gWlptz\" data-testid=\"message_content\">\n<div class=\"container-ZYIsnH flow-markdown-body theme-samantha-Nbr9UN\" dir=\"ltr\" data-testid=\"message_text_content\" data-show-indicator=\"false\"><\/div>\n<\/div>\n<\/div>\n<div class=\"answer-action-bar-wEWc6C bottom-action-bar-wrapper-qtqrci large-space-b582O0 answer-action-bar\" data-testid=\"message_action_bar\">\n<div class=\"container-seCXVJ container-TRt1mF bottom-action-bar-iUQiGg\" data-message-action-bar=\"1\">\n<div class=\"left-Qpwvoi\">\n<div class=\"bp5-overflow-list container-LFxhPL align-start-B2LgK_ inner-TjQIQn\">El polvo de cloruro de tulio debe almacenarse en un ambiente seco, fresco y ventilado, sellado en recipientes a prueba de humedad, lejos del agua y la humedad, evitando el contacto con \u00e1cidos, \u00e1lcalis y sustancias reductoras fuertes para evitar la absorci\u00f3n y el deterioro de la humedad y otras reacciones qu\u00edmicas.<\/div>\n<\/div>\n<\/div>\n<\/div>\n","protected":false},"excerpt":{"rendered":"<p>El polvo de cloruro de tulio es un cloruro met\u00e1lico de tierras raras con una apariencia cristalina generalmente verde, higrosc\u00f3pico, soluble en agua y aplicaciones en cer\u00e1mica, vidrio, f\u00f3sforos, l\u00e1seres y amplificadores de fibra \u00f3ptica.<\/p>\n<p>VIMATERIAL proporciona polvo TmCl3 en varias especificaciones y admite el servicio de encuadernaci\u00f3n de objetivos. Aceptamos la personalizaci\u00f3n de los productos, <span style=\"color: #0000ff;\"><a style=\"color: #0000ff;\" href=\"https:\/\/vimaterial.de\/es\/contacto\/\">cont\u00e1ctenos<\/a><\/span>.<\/p>\n","protected":false},"featured_media":1034564,"comment_status":"open","ping_status":"closed","template":"","meta":{"_acf_changed":false},"product_brand":[],"product_cat":[184],"product_tag":[],"class_list":{"0":"post-1028851","1":"product","2":"type-product","3":"status-publish","4":"has-post-thumbnail","6":"product_cat-materiales-de-tierras-raras","8":"first","9":"instock","10":"shipping-taxable","11":"purchasable","12":"product-type-variable"},"acf":[],"_links":{"self":[{"href":"https:\/\/vimaterial.de\/es\/wp-json\/wp\/v2\/product\/1028851","targetHints":{"allow":["GET"]}}],"collection":[{"href":"https:\/\/vimaterial.de\/es\/wp-json\/wp\/v2\/product"}],"about":[{"href":"https:\/\/vimaterial.de\/es\/wp-json\/wp\/v2\/types\/product"}],"replies":[{"embeddable":true,"href":"https:\/\/vimaterial.de\/es\/wp-json\/wp\/v2\/comments?post=1028851"}],"wp:featuredmedia":[{"embeddable":true,"href":"https:\/\/vimaterial.de\/es\/wp-json\/wp\/v2\/media\/1034564"}],"wp:attachment":[{"href":"https:\/\/vimaterial.de\/es\/wp-json\/wp\/v2\/media?parent=1028851"}],"wp:term":[{"taxonomy":"product_brand","embeddable":true,"href":"https:\/\/vimaterial.de\/es\/wp-json\/wp\/v2\/product_brand?post=1028851"},{"taxonomy":"product_cat","embeddable":true,"href":"https:\/\/vimaterial.de\/es\/wp-json\/wp\/v2\/product_cat?post=1028851"},{"taxonomy":"product_tag","embeddable":true,"href":"https:\/\/vimaterial.de\/es\/wp-json\/wp\/v2\/product_tag?post=1028851"}],"curies":[{"name":"wp","href":"https:\/\/api.w.org\/{rel}","templated":true}]}}