{"id":1028840,"date":"2024-06-17T16:19:48","date_gmt":"2024-06-17T08:19:48","guid":{"rendered":"https:\/\/vimaterial.de\/product\/nitruro-de-tulio\/"},"modified":"2025-03-11T10:18:47","modified_gmt":"2025-03-11T02:18:47","slug":"nitruro-de-tulio","status":"publish","type":"product","link":"https:\/\/vimaterial.de\/es\/product\/nitruro-de-tulio\/","title":{"rendered":"Nitruro de tulio"},"content":{"rendered":"<p>El polvo de nitruro de tulio es un polvo de nitruro met\u00e1lico de tierras raras que generalmente exhibe buena estabilidad t\u00e9rmica, conductividad el\u00e9ctrica y propiedades \u00f3pticas y magn\u00e9ticas \u00fanicas, y tiene aplicaciones importantes en los campos de optoelectr\u00f3nica, fabricaci\u00f3n de semiconductores y materiales magn\u00e9ticos.<\/p>\n<p>VIMATERIAL proporciona polvo LuPO4 en varias especificaciones y admite el servicio de encuadernaci\u00f3n de objetivos. Aceptamos la personalizaci\u00f3n de los productos, <span style=\"color: #0000ff;\"><a style=\"color: #0000ff;\" href=\"https:\/\/vimaterial.de\/es\/contacto\/\">cont\u00e1ctenos.<\/a><\/span><\/p>\n<h2><span style=\"font-size: 14pt;\">Propiedades<\/span><\/h2>\n<p>F\u00f3rmula molecular: TmN<\/p>\n<p>Peso molecular: 182.9407<\/p>\n<p>Aspecto: Polvo negro o gris oscuro<\/p>\n<p>Estructura cristalina: Puede tener una estructura cristalina c\u00fabica centrada en las caras similar a la del cloruro de sodio (NaCl), con \u00e1tomos de nitr\u00f3geno y tulio dispuestos alternativamente en la red cristalina.<\/p>\n<h3>Aplicaci\u00f3n<\/h3>\n<p>Dispositivos electr\u00f3nicos: En la fabricaci\u00f3n de dispositivos electr\u00f3nicos, el nitruro de tulio se puede utilizar como material emisor de electrones o en la preparaci\u00f3n de dispositivos semiconductores de alto rendimiento, lo que ayuda a mejorar el rendimiento y la estabilidad de los dispositivos electr\u00f3nicos.<\/p>\n<p>Campo \u00f3ptico: se puede utilizar en la fabricaci\u00f3n de pel\u00edculas \u00f3pticas, lentes \u00f3pticas, etc. para mejorar las propiedades \u00f3pticas, como aumentar la transmitancia de la luz, reducir la reflectividad, etc., y tiene importantes aplicaciones en instrumentos \u00f3pticos, tecnolog\u00eda l\u00e1ser, etc.<\/p>\n<p>Modificaci\u00f3n de la superficie de los materiales: Al depositar recubrimientos de TmN en la superficie de los materiales, la dureza, la resistencia a la abrasi\u00f3n y la resistencia a la corrosi\u00f3n de los materiales se pueden mejorar para prolongar la vida \u00fatil de los materiales, lo que se usa ampliamente en el tratamiento de superficies de metales, cer\u00e1micas y otros materiales.<\/p>\n<h2><span style=\"font-size: 14pt;\">Control de calidad<\/span><\/h2>\n<p><span style=\"color: #0000ff;\"><a style=\"color: #0000ff;\" href=\"https:\/\/vimaterial.de\/en\/quality-control\/\">Cada lote<\/a> <\/span>de productos protege estrictamente la calidad, desde la selecci\u00f3n de proveedores de materias primas, hasta el uso de equipos de prueba avanzados para monitorear con precisi\u00f3n todo el proceso de producci\u00f3n, hasta el producto terminado a trav\u00e9s de muchas rondas de muestreo severo y certificaci\u00f3n autorizada de terceros, hasta un sistema de control de calidad integral de tolerancia cero para garantizar que cada lote de productos cumpla y supere los altos est\u00e1ndares de la industria, para proporcionar a nuestros clientes la mejor calidad y los productos m\u00e1s estables.<\/p>\n<h2><span style=\"font-size: 14pt;\">Embalaje y almacenamiento<\/span><\/h2>\n<p>El polvo de nitruro de tulio se envasa en una bolsa de vac\u00edo o en una botella de vac\u00edo en una caja de cart\u00f3n para garantizar un transporte seguro.<\/p>\n<p>El polvo de nitruro de tulio debe almacenarse en un ambiente seco, fresco y bien ventilado, preferiblemente en recipientes sellados para evitar que reaccione con la humedad, el ox\u00edgeno y otras sustancias en el aire y afecte su rendimiento y pureza, y evite colocarlo con sustancias corrosivas como \u00e1cidos y \u00e1lcalis, y mant\u00e9ngalo alejado de fuentes de calor e incendio.<\/p>\n","protected":false},"excerpt":{"rendered":"<p>El polvo de nitruro de tulio es un polvo de nitruro met\u00e1lico de tierras raras que generalmente exhibe buena estabilidad t\u00e9rmica, conductividad el\u00e9ctrica y propiedades \u00f3pticas y magn\u00e9ticas \u00fanicas, y tiene aplicaciones importantes en los campos de optoelectr\u00f3nica, fabricaci\u00f3n de semiconductores y materiales magn\u00e9ticos.<\/p>\n<p>VIMATERIAL proporciona polvo LuPO4 en varias especificaciones y admite el servicio de encuadernaci\u00f3n de objetivos. Aceptamos la personalizaci\u00f3n de los productos, <span style=\"color: #0000ff;\"><a style=\"color: #0000ff;\" href=\"https:\/\/vimaterial.de\/es\/contacto\/\">cont\u00e1ctenos.<\/a><\/span><\/p>\n","protected":false},"featured_media":1034579,"comment_status":"open","ping_status":"closed","template":"","meta":{"_acf_changed":false},"product_brand":[],"product_cat":[184],"product_tag":[],"class_list":{"0":"post-1028840","1":"product","2":"type-product","3":"status-publish","4":"has-post-thumbnail","6":"product_cat-materiales-de-tierras-raras","8":"first","9":"instock","10":"shipping-taxable","11":"product-type-variable"},"acf":[],"_links":{"self":[{"href":"https:\/\/vimaterial.de\/es\/wp-json\/wp\/v2\/product\/1028840","targetHints":{"allow":["GET"]}}],"collection":[{"href":"https:\/\/vimaterial.de\/es\/wp-json\/wp\/v2\/product"}],"about":[{"href":"https:\/\/vimaterial.de\/es\/wp-json\/wp\/v2\/types\/product"}],"replies":[{"embeddable":true,"href":"https:\/\/vimaterial.de\/es\/wp-json\/wp\/v2\/comments?post=1028840"}],"wp:featuredmedia":[{"embeddable":true,"href":"https:\/\/vimaterial.de\/es\/wp-json\/wp\/v2\/media\/1034579"}],"wp:attachment":[{"href":"https:\/\/vimaterial.de\/es\/wp-json\/wp\/v2\/media?parent=1028840"}],"wp:term":[{"taxonomy":"product_brand","embeddable":true,"href":"https:\/\/vimaterial.de\/es\/wp-json\/wp\/v2\/product_brand?post=1028840"},{"taxonomy":"product_cat","embeddable":true,"href":"https:\/\/vimaterial.de\/es\/wp-json\/wp\/v2\/product_cat?post=1028840"},{"taxonomy":"product_tag","embeddable":true,"href":"https:\/\/vimaterial.de\/es\/wp-json\/wp\/v2\/product_tag?post=1028840"}],"curies":[{"name":"wp","href":"https:\/\/api.w.org\/{rel}","templated":true}]}}