{"id":1028836,"date":"2024-06-17T16:19:48","date_gmt":"2024-06-17T08:19:48","guid":{"rendered":"https:\/\/vimaterial.de\/product\/yoduro-de-tulio\/"},"modified":"2025-03-10T18:08:27","modified_gmt":"2025-03-10T10:08:27","slug":"yoduro-de-tulio","status":"publish","type":"product","link":"https:\/\/vimaterial.de\/es\/product\/yoduro-de-tulio\/","title":{"rendered":"Yoduro de tulio"},"content":{"rendered":"<p><span style=\"font-size: 12pt;\">El polvo de yoduro de tulio es un polvo qu\u00edmicamente activo que puede exhibir propiedades \u00f3pticas, el\u00e9ctricas o magn\u00e9ticas especiales asociadas con los iones de tulio, y se utiliza principalmente en los campos de s\u00edntesis org\u00e1nica y ciencia de materiales.<\/span><\/p>\n<p>VIMATERIAL proporciona polvo de yoduro de tulio en varias especificaciones y admite el servicio de uni\u00f3n de objetivos. Aceptamos la personalizaci\u00f3n de los productos, <span style=\"color: #0000ff;\"><a style=\"color: #0000ff;\" href=\"https:\/\/vimaterial.de\/es\/contacto\/\">cont\u00e1ctenos.<\/a><\/span><\/p>\n<h2><span style=\"font-size: 14pt;\">Propiedades<\/span><\/h2>\n<p>F\u00f3rmula molecular: TmI\u2083.<\/p>\n<p>Peso molecular: alrededor de 549.646<\/p>\n<p>Aspecto: Polvo verde amarillento<\/p>\n<p>Estructura cristalina: sistema cristalino ortorr\u00f3mbico<\/p>\n<h2><span style=\"font-size: 14pt;\">Aplicaciones<\/span><\/h2>\n<p>Investigaci\u00f3n en ciencia de materiales: El polvo de TmI\u2083, como objeto de investigaci\u00f3n, ayuda a los cient\u00edficos a explorar el mecanismo de crecimiento de los cristales, la estructura y la relaci\u00f3n de propiedades de los compuestos de tierras raras, y proporciona una base te\u00f3rica para el desarrollo de nuevos materiales funcionales.<\/p>\n<p>S\u00edntesis org\u00e1nica: En algunas reacciones org\u00e1nicas, el polvo de TmI puede actuar como catalizador y, en virtud de su estructura electr\u00f3nica \u00fanica, puede acelerar eficazmente el proceso de reacci\u00f3n, mejorar el rendimiento de los productos y promover el desarrollo de la tecnolog\u00eda de s\u00edntesis org\u00e1nica.<\/p>\n<p>Investigaci\u00f3n \u00f3ptica: utilizando sus propiedades de absorci\u00f3n y emisi\u00f3n de luz, el polvo de TmI \u2083 se puede usar para preparar vidrio \u00f3ptico, materiales emisores de luz, para proporcionar soporte material para la actualizaci\u00f3n de instrumentos \u00f3pticos y equipos de iluminaci\u00f3n.<\/p>\n<h2><span style=\"font-size: 14pt;\">Control de calidad<\/span><\/h2>\n<p><span style=\"color: #0000ff;\"><a style=\"color: #0000ff;\" href=\"https:\/\/vimaterial.de\/es\/control-de-calidad\/\">Cada lote<\/a> <span style=\"color: #000000;\">de<\/span><\/span><span style=\"color: #000000;\"> productos protege estrictamente la calidad, desde la selecci\u00f3n de proveedores de materias primas, hasta el uso de equipos de prueba avanzados para monitorear con precisi\u00f3n todo el proceso de producci\u00f3n, hasta el producto terminado a trav\u00e9s de muchas rondas de muestreo severo y certificaci\u00f3n autorizada de terceros, hasta un sistema de control de calidad integral y de tolerancia cero para garantizar que cada lote de productos cumpla y supere los altos est\u00e1ndares de la industria, para proporcionar a nuestros clientes la mejor calidad y los productos m\u00e1s estables.<\/span><\/p>\n<h2><span style=\"font-size: 14pt;\">Embalaje y almacenamiento<\/span><\/h2>\n<p>El polvo de yoduro de tulio se envasa en una bolsa de vac\u00edo o en una botella de vac\u00edo en una caja de cart\u00f3n para garantizar un transporte seguro.<\/p>\n<p>El polvo de yoduro de tulio debe almacenarse en recipientes bien sellados en un ambiente seco, fresco y ventilado a temperatura ambiente y fuera de la luz solar directa, y debe almacenarse separado de sustancias inflamables, explosivas y oxidantes para evitar reacciones o deterioro.<\/p>\n","protected":false},"excerpt":{"rendered":"<p><span style=\"font-size: 12pt;\">El polvo de yoduro de tulio es un polvo qu\u00edmicamente activo que puede exhibir propiedades \u00f3pticas, el\u00e9ctricas o magn\u00e9ticas especiales asociadas con los iones de tulio, y se utiliza principalmente en los campos de s\u00edntesis org\u00e1nica y ciencia de materiales.<\/span><\/p>\n<p>VIMATERIAL proporciona polvo de yoduro de tulio en varias especificaciones y admite el servicio de uni\u00f3n de objetivos. Aceptamos la personalizaci\u00f3n de los productos, <span style=\"color: #0000ff;\"><a style=\"color: #0000ff;\" href=\"https:\/\/vimaterial.de\/es\/contacto\/\">cont\u00e1ctenos.<\/a><\/span><\/p>\n<p>&nbsp;<\/p>\n","protected":false},"featured_media":1034574,"comment_status":"open","ping_status":"closed","template":"","meta":{"_acf_changed":false},"product_brand":[],"product_cat":[184],"product_tag":[],"class_list":{"0":"post-1028836","1":"product","2":"type-product","3":"status-publish","4":"has-post-thumbnail","6":"product_cat-materiales-de-tierras-raras","8":"first","9":"instock","10":"shipping-taxable","11":"purchasable","12":"product-type-variable"},"acf":[],"_links":{"self":[{"href":"https:\/\/vimaterial.de\/es\/wp-json\/wp\/v2\/product\/1028836","targetHints":{"allow":["GET"]}}],"collection":[{"href":"https:\/\/vimaterial.de\/es\/wp-json\/wp\/v2\/product"}],"about":[{"href":"https:\/\/vimaterial.de\/es\/wp-json\/wp\/v2\/types\/product"}],"replies":[{"embeddable":true,"href":"https:\/\/vimaterial.de\/es\/wp-json\/wp\/v2\/comments?post=1028836"}],"wp:featuredmedia":[{"embeddable":true,"href":"https:\/\/vimaterial.de\/es\/wp-json\/wp\/v2\/media\/1034574"}],"wp:attachment":[{"href":"https:\/\/vimaterial.de\/es\/wp-json\/wp\/v2\/media?parent=1028836"}],"wp:term":[{"taxonomy":"product_brand","embeddable":true,"href":"https:\/\/vimaterial.de\/es\/wp-json\/wp\/v2\/product_brand?post=1028836"},{"taxonomy":"product_cat","embeddable":true,"href":"https:\/\/vimaterial.de\/es\/wp-json\/wp\/v2\/product_cat?post=1028836"},{"taxonomy":"product_tag","embeddable":true,"href":"https:\/\/vimaterial.de\/es\/wp-json\/wp\/v2\/product_tag?post=1028836"}],"curies":[{"name":"wp","href":"https:\/\/api.w.org\/{rel}","templated":true}]}}