{"id":1028824,"date":"2024-06-17T16:19:48","date_gmt":"2024-06-17T08:19:48","guid":{"rendered":"https:\/\/vimaterial.de\/product\/fosfato-de-tulio\/"},"modified":"2025-03-11T10:35:10","modified_gmt":"2025-03-11T02:35:10","slug":"fosfato-de-tulio","status":"publish","type":"product","link":"https:\/\/vimaterial.de\/es\/product\/fosfato-de-tulio\/","title":{"rendered":"Fosfato de tulio"},"content":{"rendered":"<p>El polvo de fosfato de tulio es un polvo compuesto de fosfato de tierras raras con apariencia blanca, que tiene cierta estabilidad qu\u00edmica, estructura cristalina espec\u00edfica y propiedades \u00f3pticas, y tiene valor de aplicaci\u00f3n en materiales \u00f3pticos, materiales fluorescentes y algunos dispositivos electr\u00f3nicos de alta gama.<\/p>\n<p>VIMATERIAL proporciona TmPO4powder en varias especificaciones y admite el servicio de encuadernaci\u00f3n de objetivos. Aceptamos la personalizaci\u00f3n de los productos, <span style=\"color: #0000ff;\"><a style=\"color: #0000ff;\" href=\"https:\/\/vimaterial.de\/es\/contacto\/\">cont\u00e1ctenos.<\/a><\/span><\/p>\n<h2><span style=\"font-size: 14pt;\">Propiedades<\/span><\/h2>\n<p>F\u00f3rmula molecular: TmPO\u2084<\/p>\n<p>Peso molecular: 283.85<\/p>\n<p>Aspecto: Polvo blanco<\/p>\n<p>Estructura cristalina: estructura de monacita, grupo espacial P2\u2081\/n, los par\u00e1metros de la celda tienen un rango espec\u00edfico de valores, en el que los iones Tm\u00b3\u207a y los iones PO\u2084\u00b3- est\u00e1n dispuestos en la red de acuerdo con un cierto patr\u00f3n, formando una estructura cristalina m\u00e1s estable.<\/p>\n<h2>Aplicaciones<\/h2>\n<p>Ciencia de los materiales: Se puede utilizar como aditivo para mejorar las propiedades de los materiales, como la dureza, la resistencia a la abrasi\u00f3n y la resistencia a altas temperaturas. La adici\u00f3n de polvo de fosfato de tulio a algunos materiales cer\u00e1micos puede mejorar las propiedades mec\u00e1nicas y la estabilidad t\u00e9rmica de la cer\u00e1mica.<\/p>\n<p>Dispositivos electr\u00f3nicos: pueden tener ciertas aplicaciones en la fabricaci\u00f3n de componentes electr\u00f3nicos, como materiales de emisi\u00f3n electr\u00f3nica o para la preparaci\u00f3n de dispositivos semiconductores con propiedades espec\u00edficas.<\/p>\n<p>Campo \u00f3ptico: tiene cierta influencia en las propiedades \u00f3pticas y se puede utilizar en la fabricaci\u00f3n de vidrio \u00f3ptico, pel\u00edcula \u00f3ptica, etc. para ajustar el \u00edndice de refracci\u00f3n y la transmitancia de los materiales \u00f3pticos.<\/p>\n<h2><span style=\"font-size: 14pt;\">Control de calidad<\/span><\/h2>\n<p><span style=\"color: #0000ff;\"><a style=\"color: #0000ff;\" href=\"https:\/\/vimaterial.de\/es\/control-de-calidad\/\">Cada lote<\/a><\/span> de productos protege estrictamente la calidad, desde la selecci\u00f3n de proveedores de materias primas, hasta el uso de equipos de prueba avanzados para monitorear con precisi\u00f3n todo el proceso de producci\u00f3n, hasta el producto terminado a trav\u00e9s de muchas rondas de muestreo severo y certificaci\u00f3n autorizada de terceros, hasta un sistema de control de calidad integral de tolerancia cero para garantizar que cada lote de productos cumpla y supere los altos est\u00e1ndares de la industria, para proporcionar a nuestros clientes la mejor calidad y los productos m\u00e1s estables.<\/p>\n<h2><span style=\"font-size: 14pt;\">Embalaje y almacenamiento<\/span><\/h2>\n<p>El polvo de fosfato de tulio se empaqueta en una bolsa de vac\u00edo o una botella de vac\u00edo en una caja de cart\u00f3n para garantizar un transporte seguro.<\/p>\n<p>El polvo de fosfato de tulio debe almacenarse en un ambiente seco y limpio con una temperatura adecuada y sin gases corrosivos. Debe sellarse y almacenarse en bolsas a prueba de humedad para evitar que reaccione con la humedad, el di\u00f3xido de carbono y otras sustancias en el aire, y para evitar el contacto con agentes oxidantes fuertes, \u00e1cidos fuertes, bases fuertes y otras sustancias.<\/p>\n","protected":false},"excerpt":{"rendered":"<p>El polvo de fosfato de tulio es un polvo compuesto de fosfato de tierras raras con apariencia blanca, que tiene cierta estabilidad qu\u00edmica, estructura cristalina espec\u00edfica y propiedades \u00f3pticas, y tiene valor de aplicaci\u00f3n en materiales \u00f3pticos, materiales fluorescentes y algunos dispositivos electr\u00f3nicos de alta gama.<\/p>\n<p>VIMATERIAL proporciona TmPO4powder en varias especificaciones y admite el servicio de encuadernaci\u00f3n de objetivos. Aceptamos la personalizaci\u00f3n de los productos, <span style=\"color: #0000ff;\"><a style=\"color: #0000ff;\" href=\"https:\/\/vimaterial.de\/es\/contacto\/\">cont\u00e1ctenos.<\/a><\/span><\/p>\n<p>&nbsp;<\/p>\n<p>&nbsp;<\/p>\n","protected":false},"featured_media":1034584,"comment_status":"open","ping_status":"closed","template":"","meta":{"_acf_changed":false},"product_brand":[],"product_cat":[164],"product_tag":[],"class_list":{"0":"post-1028824","1":"product","2":"type-product","3":"status-publish","4":"has-post-thumbnail","6":"product_cat-sin-categoria","8":"first","9":"instock","10":"shipping-taxable","11":"product-type-variable"},"acf":[],"_links":{"self":[{"href":"https:\/\/vimaterial.de\/es\/wp-json\/wp\/v2\/product\/1028824","targetHints":{"allow":["GET"]}}],"collection":[{"href":"https:\/\/vimaterial.de\/es\/wp-json\/wp\/v2\/product"}],"about":[{"href":"https:\/\/vimaterial.de\/es\/wp-json\/wp\/v2\/types\/product"}],"replies":[{"embeddable":true,"href":"https:\/\/vimaterial.de\/es\/wp-json\/wp\/v2\/comments?post=1028824"}],"wp:featuredmedia":[{"embeddable":true,"href":"https:\/\/vimaterial.de\/es\/wp-json\/wp\/v2\/media\/1034584"}],"wp:attachment":[{"href":"https:\/\/vimaterial.de\/es\/wp-json\/wp\/v2\/media?parent=1028824"}],"wp:term":[{"taxonomy":"product_brand","embeddable":true,"href":"https:\/\/vimaterial.de\/es\/wp-json\/wp\/v2\/product_brand?post=1028824"},{"taxonomy":"product_cat","embeddable":true,"href":"https:\/\/vimaterial.de\/es\/wp-json\/wp\/v2\/product_cat?post=1028824"},{"taxonomy":"product_tag","embeddable":true,"href":"https:\/\/vimaterial.de\/es\/wp-json\/wp\/v2\/product_tag?post=1028824"}],"curies":[{"name":"wp","href":"https:\/\/api.w.org\/{rel}","templated":true}]}}