{"id":1028798,"date":"2024-06-17T16:19:48","date_gmt":"2024-06-17T08:19:48","guid":{"rendered":"https:\/\/vimaterial.de\/product\/iterbio-metalico\/"},"modified":"2025-03-11T10:54:08","modified_gmt":"2025-03-11T02:54:08","slug":"iterbio-metalico","status":"publish","type":"product","link":"https:\/\/vimaterial.de\/es\/product\/iterbio-metalico\/","title":{"rendered":"Iterbio met\u00e1lico"},"content":{"rendered":"<p><span style=\"color: #0000ff;\"><a style=\"color: #0000ff;\" href=\"https:\/\/vimaterial.de\/es\/product\/iterbio-metalico-3\/\">Los gr\u00e1nulos de iterbio<\/a><\/span> son un material granular gris plateado con un brillo met\u00e1lico, textura suave, buena ductilidad y conductividad, las propiedades qu\u00edmicas son m\u00e1s activas, en electr\u00f3nica, \u00f3ptica, materiales magn\u00e9ticos y aleaciones de tierras raras y otros campos tienen aplicaciones importantes.<\/p>\n<p>VIMATERIAL proporciona gr\u00e1nulos de Yb en varias especificaciones y admite el servicio de uni\u00f3n de objetivos. Aceptamos la personalizaci\u00f3n de los productos, <span style=\"color: #0000ff;\"><a style=\"color: #0000ff;\" href=\"https:\/\/vimaterial.de\/es\/contacto\/\">cont\u00e1ctenos.<\/a><\/span><\/p>\n<h2><span style=\"font-size: 14pt;\">Propiedades<\/span><\/h2>\n<p>F\u00f3rmula molecular: Yb<\/p>\n<p>Peso molecular: 173.04<\/p>\n<p>Aspecto: gr\u00e1nulo gris plateado o blanco plateado<\/p>\n<p>Densidad: 6.979 g\/cm\u00b3 (\u03b1), 6.54 g\/cm\u00b3 (\u03b2)<\/p>\n<p>Punto de fusi\u00f3n: 824 \u00b0C<\/p>\n<p>Punto de ebullici\u00f3n: 1196\u00b0C<\/p>\n<p>Estructura cristalina: Hay dos estructuras cristalinas, el tipo \u03b1 es un sistema cristalino c\u00fabico centrado en la cara (temperatura ambiente &#8211; 798 \u00b0C), el tipo \u03b2 es c\u00fabico centrado en el cuerpo (superior a 798 \u00b0C)<\/p>\n<h2><span style=\"font-size: 14pt;\">Aplicaci\u00f3n<\/span><\/h2>\n<p>Tecnolog\u00eda l\u00e1ser: El iterbio met\u00e1lico se usa ampliamente en aplicaciones l\u00e1ser debido a su estructura de nivel de energ\u00eda espec\u00edfica. Por ejemplo, como dopante en l\u00e1seres y amplificadores de fibra de alta potencia, puede aumentar significativamente la potencia de salida y la eficiencia del l\u00e1ser.<\/p>\n<p>Materiales \u00f3pticos: como dopante en vidrio, \u00f3ptica l\u00e1ser y fibras \u00f3pticas, puede mejorar las propiedades \u00f3pticas del material, como aumentar el \u00edndice de refracci\u00f3n, reducir la p\u00e9rdida \u00f3ptica, etc., y desempe\u00f1a un papel importante en las comunicaciones \u00f3pticas y la detecci\u00f3n \u00f3ptica.<\/p>\n<p>Dispositivos electr\u00f3nicos: se pueden utilizar en la fabricaci\u00f3n de componentes electr\u00f3nicos, como en dispositivos semiconductores como dopaje de impurezas, para ajustar las propiedades el\u00e9ctricas de los semiconductores, mejorar su conductividad el\u00e9ctrica, movilidad del portador, etc.<\/p>\n<p>Modificaci\u00f3n de la superficie del material: agregado a algunos materiales, puede mejorar la dureza, la resistencia al desgaste y la resistencia a la corrosi\u00f3n del material, etc., se puede utilizar para materiales met\u00e1licos, materiales cer\u00e1micos, etc., el recubrimiento de la superficie, para prolongar la vida \u00fatil del material.<\/p>\n<h2><span style=\"font-size: 14pt;\">Control de calidad<\/span><\/h2>\n<p><a href=\"https:\/\/vimaterial.de\/es\/control-de-calidad\/\"><span style=\"color: #0000ff;\">Cada lote<\/span><\/a> de productos protege estrictamente la calidad, desde la selecci\u00f3n de proveedores de materias primas, hasta el uso de equipos de prueba avanzados para monitorear con precisi\u00f3n todo el proceso de producci\u00f3n, hasta el producto terminado a trav\u00e9s de muchas rondas de muestreo severo y certificaci\u00f3n autorizada de terceros, hasta un sistema de control de calidad integral de tolerancia cero para garantizar que cada lote de productos cumpla y supere los altos est\u00e1ndares de la industria, para proporcionar a nuestros clientes la mejor calidad y los productos m\u00e1s estables.<\/p>\n<h2><span style=\"font-size: 14pt;\">Embalaje y almacenamiento<\/span><\/h2>\n<p>Los gr\u00e1nulos de metal de iterbio se empaquetan en una bolsa de vac\u00edo o en una botella de vac\u00edo en una caja de cart\u00f3n para garantizar un transporte seguro.<\/p>\n<p>Los gr\u00e1nulos met\u00e1licos de iterbio deben almacenarse en un ambiente seco, fresco y bien ventilado, sellados en un vac\u00edo o recipiente lleno de gas inerte (como el arg\u00f3n) para evitar sus reacciones qu\u00edmicas como la oxidaci\u00f3n con ox\u00edgeno y humedad en el aire, y al mismo tiempo para evitar el contacto con sustancias corrosivas como \u00e1cidos, \u00e1lcalis y agentes oxidantes fuertes. y mant\u00e9ngase alejado de fuentes de fuego y calor.<\/p>\n","protected":false},"excerpt":{"rendered":"<p><span style=\"color: #0000ff;\"><a style=\"color: #0000ff;\" href=\"https:\/\/vimaterial.de\/es\/product\/iterbio-metalico-3\/\">Los gr\u00e1nulos de iterbio<\/a><\/span> son un material granular gris plateado con un brillo met\u00e1lico, textura suave, buena ductilidad y conductividad, las propiedades qu\u00edmicas son m\u00e1s activas, en electr\u00f3nica, \u00f3ptica, materiales magn\u00e9ticos y aleaciones de tierras raras y otros campos tienen aplicaciones importantes.<\/p>\n<p>VIMATERIAL proporciona gr\u00e1nulos de Yb en varias especificaciones y admite el servicio de uni\u00f3n de objetivos. Aceptamos la personalizaci\u00f3n de los productos, <span style=\"color: #0000ff;\"><a style=\"color: #0000ff;\" href=\"https:\/\/vimaterial.de\/es\/contacto\/\">cont\u00e1ctenos.<\/a><\/span><\/p>\n<p>&nbsp;<\/p>\n<p>&nbsp;<\/p>\n","protected":false},"featured_media":1034589,"comment_status":"open","ping_status":"closed","template":"","meta":{"_acf_changed":false},"product_brand":[],"product_cat":[179,184],"product_tag":[],"class_list":{"0":"post-1028798","1":"product","2":"type-product","3":"status-publish","4":"has-post-thumbnail","6":"product_cat-materiales-de-evaporacion","7":"product_cat-materiales-de-tierras-raras","9":"first","10":"instock","11":"shipping-taxable","12":"product-type-variable"},"acf":[],"_links":{"self":[{"href":"https:\/\/vimaterial.de\/es\/wp-json\/wp\/v2\/product\/1028798","targetHints":{"allow":["GET"]}}],"collection":[{"href":"https:\/\/vimaterial.de\/es\/wp-json\/wp\/v2\/product"}],"about":[{"href":"https:\/\/vimaterial.de\/es\/wp-json\/wp\/v2\/types\/product"}],"replies":[{"embeddable":true,"href":"https:\/\/vimaterial.de\/es\/wp-json\/wp\/v2\/comments?post=1028798"}],"wp:featuredmedia":[{"embeddable":true,"href":"https:\/\/vimaterial.de\/es\/wp-json\/wp\/v2\/media\/1034589"}],"wp:attachment":[{"href":"https:\/\/vimaterial.de\/es\/wp-json\/wp\/v2\/media?parent=1028798"}],"wp:term":[{"taxonomy":"product_brand","embeddable":true,"href":"https:\/\/vimaterial.de\/es\/wp-json\/wp\/v2\/product_brand?post=1028798"},{"taxonomy":"product_cat","embeddable":true,"href":"https:\/\/vimaterial.de\/es\/wp-json\/wp\/v2\/product_cat?post=1028798"},{"taxonomy":"product_tag","embeddable":true,"href":"https:\/\/vimaterial.de\/es\/wp-json\/wp\/v2\/product_tag?post=1028798"}],"curies":[{"name":"wp","href":"https:\/\/api.w.org\/{rel}","templated":true}]}}