{"id":1028775,"date":"2024-06-17T16:19:49","date_gmt":"2024-06-17T08:19:49","guid":{"rendered":"https:\/\/vimaterial.de\/product\/nitrato-de-iterbio\/"},"modified":"2025-03-10T15:09:39","modified_gmt":"2025-03-10T07:09:39","slug":"nitrato-de-iterbio","status":"publish","type":"product","link":"https:\/\/vimaterial.de\/es\/product\/nitrato-de-iterbio\/","title":{"rendered":"Nitrato de iterbio"},"content":{"rendered":"<p>El polvo de nitrato de iterbio es un tipo de polvo cristalino soluble en agua, blanco delicuescente o incoloro que contiene el elemento de tierras raras iterbio, que se utiliza principalmente en la preparaci\u00f3n de materiales \u00f3pticos, dopaje de tierras raras, cat\u00e1lisis e investigaci\u00f3n cient\u00edfica y otros campos.<\/p>\n<p>VIMATERIAL proporciona polvo de nitrato de iterbio en varias especificaciones y admite el servicio de uni\u00f3n de objetivos. Aceptamos la personalizaci\u00f3n de los productos, <span style=\"color: #0000ff;\"><a style=\"color: #0000ff;\" href=\"https:\/\/vimaterial.de\/es\/contacto\/\">cont\u00e1ctenos.<\/a><\/span><\/p>\n<h2>Propiedades<\/h2>\n<p>F\u00f3rmula molecular: Yb(NO\u2083)\u2083<\/p>\n<p>Peso molecular: alrededor de 339.04<\/p>\n<p>Aspecto: polvo cristalino blanco o incoloro<\/p>\n<p>Estructura cristalina: Estructura cristalina i\u00f3nica, compuesta de Yb\u00b3\u207a y NO\u2083- unidos por enlace i\u00f3nico, NO\u2083- tiene forma triangular plana e Yb\u00b3\u207a puede estar rodeado por varios NO\u2083- en una determinada coordinaci\u00f3n de configuraci\u00f3n de espacio<\/p>\n<h2><span style=\"font-size: 14pt;\">Aplicaciones<\/span><\/h2>\n<p>Materiales \u00f3pticos: El polvo anhidro de Yb (NO\u2083)\u2083 es una materia prima clave para la fabricaci\u00f3n de vidrio y cristales \u00f3pticos de alto rendimiento, que pueden otorgar al material excelentes caracter\u00edsticas de absorci\u00f3n y emisi\u00f3n de luz, y se utiliza en dispositivos l\u00e1ser y filtros \u00f3pticos.<\/p>\n<p>Electr\u00f3nica: En la producci\u00f3n de semiconductores y cer\u00e1micas electr\u00f3nicas, el polvo anhidro de Yb (NO\u2083)\u2083 puede optimizar las propiedades el\u00e9ctricas del material y mejorar la estabilidad y eficiencia de los componentes electr\u00f3nicos, que se utilizan en circuitos integrados, sensores y otros productos.<\/p>\n<p>Campo catal\u00edtico: Como componente catalizador, el polvo anhidro de Yb (NO\u2083)\u2083 puede promover eficazmente la reacci\u00f3n de s\u00edntesis org\u00e1nica, mejorar la velocidad de reacci\u00f3n y la selectividad, y ayudar al desarrollo de las industrias farmac\u00e9utica y de qu\u00edmica fina.<\/p>\n<p>Materiales magn\u00e9ticos: Involucrado en la preparaci\u00f3n de nuevos materiales magn\u00e9ticos permanentes y blandos de tierras raras, el elemento iterbio en polvo anhidro de Yb (NO\u2083)\u2083 puede regular las propiedades magn\u00e9ticas de los materiales, para satisfacer las necesidades de motores el\u00e9ctricos, dispositivos de almacenamiento magn\u00e9tico, etc.<\/p>\n<h2><span style=\"font-size: 14pt;\">Control de calidad<\/span><\/h2>\n<p><span style=\"color: #0000ff;\"><a style=\"color: #0000ff;\" href=\"https:\/\/vimaterial.de\/es\/control-de-calidad\/\">Cada lote<\/a> <\/span>de productos protege estrictamente la calidad, desde la selecci\u00f3n de proveedores de materias primas, hasta el uso de equipos de prueba avanzados para monitorear con precisi\u00f3n todo el proceso de producci\u00f3n, hasta el producto terminado a trav\u00e9s de muchas rondas de muestreo severo y certificaci\u00f3n autorizada de terceros, hasta un sistema de control de calidad integral de tolerancia cero para garantizar que cada lote de productos cumpla y supere los altos est\u00e1ndares de la industria, para proporcionar a nuestros clientes la mejor calidad y los productos m\u00e1s estables.<\/p>\n<h2><span style=\"font-size: 14pt;\">Embalaje y almacenamiento<\/span><\/h2>\n<p>El polvo de nitrato de iterbio se envasa en una bolsa de vac\u00edo o en una botella de vac\u00edo en una caja de cart\u00f3n para garantizar un transporte seguro.<\/p>\n<p>El polvo de nitrato de iterbio debe almacenarse en un ambiente seco, fresco y bien ventilado, sellado y guardado en recipientes originales o recipientes herm\u00e9ticos adecuados, lejos de sustancias inflamables, combustibles y reductoras, para evitar la humedad y el contacto con el agua con el fin de evitar la delicuescencia y, al mismo tiempo, para evitar la mezcla y el almacenamiento con \u00e1cidos, \u00e1lcalis y otras sustancias. con el fin de evitar reacciones qu\u00edmicas.<\/p>\n","protected":false},"excerpt":{"rendered":"<p>El polvo de nitrato de iterbio es un tipo de polvo cristalino soluble en agua, blanco delicuescente o incoloro que contiene el elemento de tierras raras iterbio, que se utiliza principalmente en la preparaci\u00f3n de materiales \u00f3pticos, dopaje de tierras raras, cat\u00e1lisis e investigaci\u00f3n cient\u00edfica y otros campos.<\/p>\n<p>VIMATERIAL proporciona polvo de nitrato de iterbio en varias especificaciones y admite el servicio de uni\u00f3n de objetivos. Aceptamos la personalizaci\u00f3n de los productos, <span style=\"color: #0000ff;\"><a style=\"color: #0000ff;\" href=\"https:\/\/vimaterial.de\/es\/contacto\/\">cont\u00e1ctenos.<\/a><\/span><\/p>\n<p>&nbsp;<\/p>\n","protected":false},"featured_media":1034599,"comment_status":"open","ping_status":"closed","template":"","meta":{"_acf_changed":false},"product_brand":[],"product_cat":[184],"product_tag":[],"class_list":{"0":"post-1028775","1":"product","2":"type-product","3":"status-publish","4":"has-post-thumbnail","6":"product_cat-materiales-de-tierras-raras","8":"first","9":"instock","10":"shipping-taxable","11":"purchasable","12":"product-type-variable"},"acf":[],"_links":{"self":[{"href":"https:\/\/vimaterial.de\/es\/wp-json\/wp\/v2\/product\/1028775","targetHints":{"allow":["GET"]}}],"collection":[{"href":"https:\/\/vimaterial.de\/es\/wp-json\/wp\/v2\/product"}],"about":[{"href":"https:\/\/vimaterial.de\/es\/wp-json\/wp\/v2\/types\/product"}],"replies":[{"embeddable":true,"href":"https:\/\/vimaterial.de\/es\/wp-json\/wp\/v2\/comments?post=1028775"}],"wp:featuredmedia":[{"embeddable":true,"href":"https:\/\/vimaterial.de\/es\/wp-json\/wp\/v2\/media\/1034599"}],"wp:attachment":[{"href":"https:\/\/vimaterial.de\/es\/wp-json\/wp\/v2\/media?parent=1028775"}],"wp:term":[{"taxonomy":"product_brand","embeddable":true,"href":"https:\/\/vimaterial.de\/es\/wp-json\/wp\/v2\/product_brand?post=1028775"},{"taxonomy":"product_cat","embeddable":true,"href":"https:\/\/vimaterial.de\/es\/wp-json\/wp\/v2\/product_cat?post=1028775"},{"taxonomy":"product_tag","embeddable":true,"href":"https:\/\/vimaterial.de\/es\/wp-json\/wp\/v2\/product_tag?post=1028775"}],"curies":[{"name":"wp","href":"https:\/\/api.w.org\/{rel}","templated":true}]}}