{"id":1028760,"date":"2024-06-17T16:19:49","date_gmt":"2024-06-17T08:19:49","guid":{"rendered":"https:\/\/vimaterial.de\/product\/carbonato-de-iterbio\/"},"modified":"2025-03-10T16:24:08","modified_gmt":"2025-03-10T08:24:08","slug":"carbonato-de-iterbio","status":"publish","type":"product","link":"https:\/\/vimaterial.de\/es\/product\/carbonato-de-iterbio\/","title":{"rendered":"Carbonato de iterbio"},"content":{"rendered":"<p>El polvo de carbonato de iterbio es un tipo de polvo de compuesto inorg\u00e1nico con apariencia blanca o blanquecina y cierta estabilidad qu\u00edmica, que tiene un importante valor de aplicaci\u00f3n en los campos de extracci\u00f3n y separaci\u00f3n de tierras raras, preparaci\u00f3n de materiales \u00f3pticos e industria cer\u00e1mica.<\/p>\n<p>VIMATERIAL proporciona polvo de carbonato de iterbio en varias especificaciones y admite el servicio de uni\u00f3n de objetivos. Aceptamos la personalizaci\u00f3n de los productos,<span style=\"color: #0000ff;\"><a style=\"color: #0000ff;\" href=\"https:\/\/vimaterial.de\/es\/contacto\/\"> cont\u00e1ctenos.<\/a><\/span><\/p>\n<h2><span style=\"font-size: 14pt;\">Propiedades<\/span><\/h2>\n<p>F\u00f3rmula molecular: Yb\u2082(CO\u2083)\u2083<\/p>\n<p>Peso molecular: 526.141<\/p>\n<p>Aspecto: Polvo s\u00f3lido blanco<\/p>\n<p>Solubilidad: sustancia insoluble, pero soluble en soluci\u00f3n \u00e1cida fuerte.<\/p>\n<p>Estabilidad: A temperatura y presi\u00f3n ambiente, el Yb\u2082(CO\u2083)\u2083 tiene cierta estabilidad. Sin embargo, en condiciones de alta temperatura, experimentar\u00e1 una reacci\u00f3n de descomposici\u00f3n para producir \u00f3xido de iterbio (Yb\u2082O\u2083) y di\u00f3xido de carbono (CO\u2082). Adem\u00e1s, en ambientes fuertemente \u00e1cidos o alcalinos, su estabilidad se ve afectada y se consume f\u00e1cilmente por reacciones con \u00e1cidos o bases.<\/p>\n<h3>Aplicaciones<\/h3>\n<p>Campo \u00f3ptico: el polvo de Yb \u2082 (CO\u2083) \u2083 se puede usar como aditivo para vidrio \u00f3ptico, utilizado en la fabricaci\u00f3n de vidrio con propiedades \u00f3pticas especiales, que pueden mejorar efectivamente el \u00edndice de refracci\u00f3n, la dispersi\u00f3n y otros par\u00e1metros \u00f3pticos del vidrio, y mejorar la calidad de imagen de los dispositivos \u00f3pticos.<\/p>\n<p>Materiales electr\u00f3nicos: En la preparaci\u00f3n de materiales electr\u00f3nicos, el polvo de Yb\u2082(CO\u2083)\u2083 se puede utilizar como materia prima para la s\u00edntesis de materiales cer\u00e1micos electr\u00f3nicos dopados con tierras raras, lo que puede ayudar a mejorar las propiedades diel\u00e9ctricas y piezoel\u00e9ctricas de los componentes electr\u00f3nicos y, por lo tanto, mejorar el rendimiento y la estabilidad de los dispositivos electr\u00f3nicos.<\/p>\n<p>Campo catalizador: el polvo de Yb\u2082(CO\u2083)\u2083 se puede utilizar como catalizador o portador de catalizador en algunas reacciones qu\u00edmicas org\u00e1nicas despu\u00e9s de un tratamiento especial, lo que puede mejorar la actividad y la selectividad de la reacci\u00f3n y promover la reacci\u00f3n qu\u00edmica.<\/p>\n<h2><span style=\"font-size: 14pt;\">Control de calidad<\/span><\/h2>\n<p><span style=\"color: #0000ff;\"><a style=\"color: #0000ff;\" href=\"https:\/\/vimaterial.de\/es\/control-de-calidad\/\">Cada lote<\/a> <\/span>de productos protege estrictamente la calidad, desde la selecci\u00f3n de proveedores de materias primas, hasta el uso de equipos de prueba avanzados para monitorear con precisi\u00f3n todo el proceso de producci\u00f3n, hasta el producto terminado a trav\u00e9s de muchas rondas de muestreo severo y certificaci\u00f3n autorizada de terceros, hasta un sistema de control de calidad integral de tolerancia cero para garantizar que cada lote de productos cumpla y supere los altos est\u00e1ndares de la industria, para proporcionar a nuestros clientes la mejor calidad y los productos m\u00e1s estables.<\/p>\n<h2><span style=\"font-size: 14pt;\">Embalaje y almacenamiento<\/span><\/h2>\n<p>El polvo de carbonato de iterbio se envasa en una bolsa de vac\u00edo o en una botella de vac\u00edo en una caja de cart\u00f3n para garantizar un transporte seguro.<\/p>\n<p>El polvo de carbonato de iterbio debe sellarse y almacenarse en un ambiente seco, fresco y ventilado, la temperatura debe mantenerse a temperatura ambiente y evitar la luz solar directa, y debe mantenerse alejado de sustancias corrosivas como \u00e1cidos, \u00e1lcalis y agentes oxidantes fuertes para evitar que reaccione y se deteriore.<\/p>\n","protected":false},"excerpt":{"rendered":"<p>El polvo de carbonato de iterbio es un tipo de polvo de compuesto inorg\u00e1nico con apariencia blanca o blanquecina y cierta estabilidad qu\u00edmica, que tiene un importante valor de aplicaci\u00f3n en los campos de extracci\u00f3n y separaci\u00f3n de tierras raras, preparaci\u00f3n de materiales \u00f3pticos e industria cer\u00e1mica.<\/p>\n<p>VIMATERIAL proporciona polvo de carbonato de iterbio en varias especificaciones y admite el servicio de uni\u00f3n de objetivos. Aceptamos la personalizaci\u00f3n de los productos,<span style=\"color: #0000ff;\"><a style=\"color: #0000ff;\" href=\"https:\/\/vimaterial.de\/es\/contacto\/\"> cont\u00e1ctenos.<\/a><\/span><\/p>\n<p>&nbsp;<\/p>\n","protected":false},"featured_media":1038404,"comment_status":"open","ping_status":"closed","template":"","meta":{"_acf_changed":false},"product_brand":[],"product_cat":[184],"product_tag":[],"class_list":{"0":"post-1028760","1":"product","2":"type-product","3":"status-publish","4":"has-post-thumbnail","6":"product_cat-materiales-de-tierras-raras","8":"first","9":"instock","10":"shipping-taxable","11":"purchasable","12":"product-type-variable"},"acf":[],"_links":{"self":[{"href":"https:\/\/vimaterial.de\/es\/wp-json\/wp\/v2\/product\/1028760","targetHints":{"allow":["GET"]}}],"collection":[{"href":"https:\/\/vimaterial.de\/es\/wp-json\/wp\/v2\/product"}],"about":[{"href":"https:\/\/vimaterial.de\/es\/wp-json\/wp\/v2\/types\/product"}],"replies":[{"embeddable":true,"href":"https:\/\/vimaterial.de\/es\/wp-json\/wp\/v2\/comments?post=1028760"}],"wp:featuredmedia":[{"embeddable":true,"href":"https:\/\/vimaterial.de\/es\/wp-json\/wp\/v2\/media\/1038404"}],"wp:attachment":[{"href":"https:\/\/vimaterial.de\/es\/wp-json\/wp\/v2\/media?parent=1028760"}],"wp:term":[{"taxonomy":"product_brand","embeddable":true,"href":"https:\/\/vimaterial.de\/es\/wp-json\/wp\/v2\/product_brand?post=1028760"},{"taxonomy":"product_cat","embeddable":true,"href":"https:\/\/vimaterial.de\/es\/wp-json\/wp\/v2\/product_cat?post=1028760"},{"taxonomy":"product_tag","embeddable":true,"href":"https:\/\/vimaterial.de\/es\/wp-json\/wp\/v2\/product_tag?post=1028760"}],"curies":[{"name":"wp","href":"https:\/\/api.w.org\/{rel}","templated":true}]}}