{"id":1028742,"date":"2024-06-17T16:19:50","date_gmt":"2024-06-17T08:19:50","guid":{"rendered":"https:\/\/vimaterial.de\/product\/octahidrato-de-sulfato-de-iterbio\/"},"modified":"2025-03-05T15:05:08","modified_gmt":"2025-03-05T07:05:08","slug":"octahidrato-de-sulfato-de-iterbio","status":"publish","type":"product","link":"https:\/\/vimaterial.de\/es\/product\/octahidrato-de-sulfato-de-iterbio\/","title":{"rendered":"Sulfato de iterbio octahidratado"},"content":{"rendered":"<p>El polvo octahidratado de sulfato de iterbio es un polvo hidratado de sulfato de iterbio con 8 aguas cristalinas, generalmente incoloras o de apariencia blanca, con un cierto grado de solubilidad, la composici\u00f3n qu\u00edmica consta de iones de iterbio, iones de sulfato y agua cristalina, que se pueden utilizar en una serie de experimentos qu\u00edmicos relacionados con tierras raras y preparaci\u00f3n de materiales y otros campos.<\/p>\n<p>VIMATERIAL proporciona polvo de octahidrato de sulfato de iterbio en varias especificaciones y admite el servicio de uni\u00f3n de objetivos. Aceptamos la personalizaci\u00f3n de los productos,<span style=\"color: #0000ff;\"><a style=\"color: #0000ff;\" href=\"https:\/\/vimaterial.de\/es\/contacto\/\"> cont\u00e1ctenos<\/a><\/span>.<\/p>\n<h2><span style=\"font-size: 14pt;\">Caracter\u00edsticas<\/span><\/h2>\n<p>F\u00f3rmula qu\u00edmica: Yb2(SO4)3 \u00b7 8H2O<\/p>\n<p>Peso molecular: 778.393<\/p>\n<p>Aspecto: Polvo cristalino blanco<\/p>\n<p>Densidad: 3.286 g\/cm\u00b3<\/p>\n<p>Punto de fusi\u00f3n: 900 \u00b0C<\/p>\n<h2><span style=\"font-size: 14pt;\">Aplicaciones<\/span><\/h2>\n<p>Ciencia de los materiales: Los polvos de Yb\u2082(SO\u2084)\u2083\u30fb8H\u2082O se pueden utilizar como materias primas para preparar cer\u00e1micas funcionales que contienen iterbio a trav\u00e9s de un proceso espec\u00edfico, que se utiliza para mejorar la estabilidad y la funcionalidad de los componentes electr\u00f3nicos.<\/p>\n<p>\u00d3ptica: El iterbio se puede agregar a las formulaciones de vidrio \u00f3ptico para mejorar las propiedades \u00f3pticas del vidrio mediante la utilizaci\u00f3n de iones de iterbio, por ejemplo, en la fabricaci\u00f3n de lentes \u00f3pticas de baja dispersi\u00f3n y alto \u00edndice de refracci\u00f3n.<\/p>\n<p>Cat\u00e1lisis: Debido a su estructura qu\u00edmica \u00fanica, los polvos de Yb\u2082(SO\u2084)\u2083\u30fb8H\u2082O se pueden utilizar como catalizadores potenciales o portadores de catalizadores para reacciones espec\u00edficas de s\u00edntesis org\u00e1nica para mejorar la eficiencia de la reacci\u00f3n.<\/p>\n<h2><span style=\"font-size: 14pt;\">Control de calidad<\/span><\/h2>\n<p><span style=\"color: #0000ff;\"><a style=\"color: #0000ff;\" href=\"https:\/\/vimaterial.de\/es\/control-de-calidad\/\">Cada lote<\/a><\/span> de productos protege estrictamente la calidad, desde la selecci\u00f3n de proveedores de materias primas, hasta el uso de equipos de prueba avanzados para monitorear con precisi\u00f3n todo el proceso de producci\u00f3n, hasta el producto terminado a trav\u00e9s de muchas rondas de muestreo severo y certificaci\u00f3n autorizada de terceros, hasta un sistema de control de calidad integral de tolerancia cero para garantizar que cada lote de productos cumpla y supere los altos est\u00e1ndares de la industria, para proporcionar a nuestros clientes la mejor calidad y los productos m\u00e1s estables.<\/p>\n<h2><span style=\"font-size: 14pt;\">Embalaje y almacenamiento<\/span><\/h2>\n<p>El polvo de sulfato de iterbio octahidratado se empaqueta en una bolsa de vac\u00edo o en una botella de vac\u00edo en una caja de cart\u00f3n para garantizar un transporte seguro.<\/p>\n<p>El sulfato de iterbio octahidratado debe almacenarse en recipientes sellados en un ambiente seco, fresco y bien ventilado, evitando el contacto con oxidantes fuertes, \u00e1cidos y otras sustancias que puedan reaccionar con \u00e9l, para evitar que pierda su agua de cristalizaci\u00f3n o se deteriore debido a otras reacciones qu\u00edmicas.<\/p>\n","protected":false},"excerpt":{"rendered":"<p>El polvo octahidratado de sulfato de iterbio es un polvo hidratado de sulfato de iterbio con 8 aguas cristalinas, generalmente incoloras o de apariencia blanca, con un cierto grado de solubilidad, la composici\u00f3n qu\u00edmica consta de iones de iterbio, iones de sulfato y agua cristalina, que se pueden utilizar en una serie de experimentos qu\u00edmicos relacionados con tierras raras y preparaci\u00f3n de materiales y otros campos.<\/p>\n<p>VIMATERIAL proporciona polvo de octahidrato de sulfato de iterbio en varias especificaciones y admite el servicio de uni\u00f3n de objetivos. Aceptamos la personalizaci\u00f3n de los productos,<span style=\"color: #0000ff;\"><a style=\"color: #0000ff;\" href=\"https:\/\/vimaterial.de\/es\/contacto\/\"> cont\u00e1ctenos<\/a><\/span>.<\/p>\n","protected":false},"featured_media":1034609,"comment_status":"open","ping_status":"closed","template":"","meta":{"_acf_changed":false},"product_brand":[],"product_cat":[184],"product_tag":[],"class_list":{"0":"post-1028742","1":"product","2":"type-product","3":"status-publish","4":"has-post-thumbnail","6":"product_cat-materiales-de-tierras-raras","8":"first","9":"instock","10":"shipping-taxable","11":"purchasable","12":"product-type-variable"},"acf":[],"_links":{"self":[{"href":"https:\/\/vimaterial.de\/es\/wp-json\/wp\/v2\/product\/1028742","targetHints":{"allow":["GET"]}}],"collection":[{"href":"https:\/\/vimaterial.de\/es\/wp-json\/wp\/v2\/product"}],"about":[{"href":"https:\/\/vimaterial.de\/es\/wp-json\/wp\/v2\/types\/product"}],"replies":[{"embeddable":true,"href":"https:\/\/vimaterial.de\/es\/wp-json\/wp\/v2\/comments?post=1028742"}],"wp:featuredmedia":[{"embeddable":true,"href":"https:\/\/vimaterial.de\/es\/wp-json\/wp\/v2\/media\/1034609"}],"wp:attachment":[{"href":"https:\/\/vimaterial.de\/es\/wp-json\/wp\/v2\/media?parent=1028742"}],"wp:term":[{"taxonomy":"product_brand","embeddable":true,"href":"https:\/\/vimaterial.de\/es\/wp-json\/wp\/v2\/product_brand?post=1028742"},{"taxonomy":"product_cat","embeddable":true,"href":"https:\/\/vimaterial.de\/es\/wp-json\/wp\/v2\/product_cat?post=1028742"},{"taxonomy":"product_tag","embeddable":true,"href":"https:\/\/vimaterial.de\/es\/wp-json\/wp\/v2\/product_tag?post=1028742"}],"curies":[{"name":"wp","href":"https:\/\/api.w.org\/{rel}","templated":true}]}}