{"id":1028719,"date":"2024-06-17T16:19:50","date_gmt":"2024-06-17T08:19:50","guid":{"rendered":"https:\/\/vimaterial.de\/product\/oxido-de-iterbio-2\/"},"modified":"2024-10-21T17:54:22","modified_gmt":"2024-10-21T09:54:22","slug":"oxido-de-iterbio-2","status":"publish","type":"product","link":"https:\/\/vimaterial.de\/es\/product\/oxido-de-iterbio-2\/","title":{"rendered":"\u00d3xido de iterbio"},"content":{"rendered":"<p>Las part\u00edculas de Yb\u2082O\u2083, es decir, las part\u00edculas de \u00f3xido de iterbio, son un importante \u00f3xido de tierras raras.<\/p>\n<h4>Informaci\u00f3n b\u00e1sica<\/h4>\n<p>F\u00f3rmula qu\u00edmica: Yb\u2082O\u2083 .<\/p>\n<p>Peso molecular: 394,08 .<\/p>\n<p>N\u00famero de Registro CAS: 1314-37-0 .<\/p>\n<p>Aspecto: Generalmente polvo blanco y ligeramente verdoso, tambi\u00e9n hay nanopart\u00edculas de \u00f3xido de iterbio en polvo blancas o amarillentas.<\/p>\n<p>Densidad: 9,17 g\/cm\u00b3.<\/p>\n<p>Punto de fusi\u00f3n: 2372\u00b0C.<\/p>\n<p>Punto de ebullici\u00f3n: 4070\u00b0C.<\/p>\n<h4>Aplicaciones<\/h4>\n<p>Campo \u00f3ptico: es un aditivo importante para el vidrio \u00f3ptico y la cer\u00e1mica, que puede mejorar el \u00edndice de refracci\u00f3n, la dureza y la estabilidad qu\u00edmica del vidrio y la cer\u00e1mica, lo que lo hace ampliamente utilizado en instrumentos \u00f3pticos, equipos electr\u00f3nicos y otros campos; Tambi\u00e9n se puede utilizar en la fabricaci\u00f3n de amplificadores de fibra \u00f3ptica y dopantes de fibra \u00f3ptica, que pueden ayudar a mejorar la eficiencia de la transmisi\u00f3n y amplificaci\u00f3n de se\u00f1ales \u00f3pticas.<\/p>\n<p>Campo l\u00e1ser: utilizado como dopante en el cristal de granate, puede mejorar significativamente el rendimiento del cristal l\u00e1ser, como aumentar la potencia de salida del l\u00e1ser, mejorar la calidad del rayo l\u00e1ser, etc., y desempe\u00f1a un papel importante en el procesamiento l\u00e1ser, la comunicaci\u00f3n l\u00e1ser, la terapia l\u00e1ser y muchas otras aplicaciones l\u00e1ser.<\/p>\n<p>Industria electr\u00f3nica: utilizada en la fabricaci\u00f3n de materiales de burbujas magn\u00e9ticas para computadoras, de modo que el almacenamiento de burbujas magn\u00e9ticas con alta velocidad, gran capacidad, tama\u00f1o peque\u00f1o, multifuncional y otras caracter\u00edsticas; Tambi\u00e9n se puede utilizar como dopante en componentes electr\u00f3nicos para mejorar el rendimiento de los componentes electr\u00f3nicos.<\/p>\n","protected":false},"excerpt":{"rendered":"<p>Las part\u00edculas de \u00f3xido de iterbio, es decir, las part\u00edculas de \u00f3xido de iterbio, son un importante \u00f3xido de tierras raras.<\/p>\n<p>Campo \u00f3ptico: es un aditivo importante para el vidrio \u00f3ptico y la cer\u00e1mica, que puede mejorar el \u00edndice de refracci\u00f3n, la dureza y la estabilidad qu\u00edmica del vidrio y la cer\u00e1mica, lo que lo hace ampliamente utilizado en instrumentos \u00f3pticos, equipos electr\u00f3nicos y otros campos; Tambi\u00e9n se puede utilizar en la fabricaci\u00f3n de amplificadores de fibra \u00f3ptica y dopantes de fibra \u00f3ptica, que pueden ayudar a mejorar la eficiencia de la transmisi\u00f3n y amplificaci\u00f3n de se\u00f1ales \u00f3pticas.<\/p>\n<p>&nbsp;<\/p>\n","protected":false},"featured_media":1034614,"comment_status":"open","ping_status":"closed","template":"","meta":{"_acf_changed":false},"product_brand":[],"product_cat":[179],"product_tag":[],"class_list":{"0":"post-1028719","1":"product","2":"type-product","3":"status-publish","4":"has-post-thumbnail","6":"product_cat-materiales-de-evaporacion","8":"first","9":"instock","10":"shipping-taxable","11":"product-type-variable"},"acf":[],"_links":{"self":[{"href":"https:\/\/vimaterial.de\/es\/wp-json\/wp\/v2\/product\/1028719","targetHints":{"allow":["GET"]}}],"collection":[{"href":"https:\/\/vimaterial.de\/es\/wp-json\/wp\/v2\/product"}],"about":[{"href":"https:\/\/vimaterial.de\/es\/wp-json\/wp\/v2\/types\/product"}],"replies":[{"embeddable":true,"href":"https:\/\/vimaterial.de\/es\/wp-json\/wp\/v2\/comments?post=1028719"}],"wp:featuredmedia":[{"embeddable":true,"href":"https:\/\/vimaterial.de\/es\/wp-json\/wp\/v2\/media\/1034614"}],"wp:attachment":[{"href":"https:\/\/vimaterial.de\/es\/wp-json\/wp\/v2\/media?parent=1028719"}],"wp:term":[{"taxonomy":"product_brand","embeddable":true,"href":"https:\/\/vimaterial.de\/es\/wp-json\/wp\/v2\/product_brand?post=1028719"},{"taxonomy":"product_cat","embeddable":true,"href":"https:\/\/vimaterial.de\/es\/wp-json\/wp\/v2\/product_cat?post=1028719"},{"taxonomy":"product_tag","embeddable":true,"href":"https:\/\/vimaterial.de\/es\/wp-json\/wp\/v2\/product_tag?post=1028719"}],"curies":[{"name":"wp","href":"https:\/\/api.w.org\/{rel}","templated":true}]}}