{"id":1028655,"date":"2024-06-17T16:19:51","date_gmt":"2024-06-17T08:19:51","guid":{"rendered":"https:\/\/vimaterial.de\/product\/cloruro-de-iterbio\/"},"modified":"2025-03-05T14:03:44","modified_gmt":"2025-03-05T06:03:44","slug":"cloruro-de-iterbio","status":"publish","type":"product","link":"https:\/\/vimaterial.de\/es\/product\/cloruro-de-iterbio\/","title":{"rendered":"Cloruro de iterbio"},"content":{"rendered":"<p><span style=\"color: #0000ff;\"><a style=\"color: #0000ff;\" href=\"https:\/\/vimaterial.de\/es\/product\/hidrato-de-cloruro-de-iterbio\/\">El polvo de cloruro de iterbio<\/a><\/span> es un polvo compuesto blanco higrosc\u00f3pico, que generalmente muestra una estructura cristalina hexagonal, f\u00e1cil de delicuescer en el aire, se puede utilizar en la preparaci\u00f3n de otros compuestos de iterbio y como catalizador o aditivo para ciertas reacciones qu\u00edmicas.<\/p>\n<p>VIMATERIAL proporciona polvo de cloruro de iterbio en varias especificaciones y admite el servicio de uni\u00f3n de objetivos. Aceptamos la personalizaci\u00f3n de los productos,<span style=\"color: #0000ff;\"><a style=\"color: #0000ff;\" href=\"https:\/\/vimaterial.de\/es\/contacto\/\"> cont\u00e1ctenos.<\/a><\/span><\/p>\n<h2><span style=\"font-size: 18pt;\">Caracter\u00edsticas<\/span><\/h2>\n<p>F\u00f3rmula qu\u00edmica: YbCl3<\/p>\n<p>Peso molecular: 279,40 g\/mol<\/p>\n<p>Aspecto: generalmente s\u00f3lido polvoriento blanco<\/p>\n<p>Densidad: 4,06 g\/cm\u00b3<\/p>\n<p>Punto de fusi\u00f3n: aprox. 884 \u00b0C<\/p>\n<p>Estructura cristalina: Estructura cristalina hexagonal, en la que Yb\u00b3\u207a y Cl- se disponen regularmente en una relaci\u00f3n de coordinaci\u00f3n espec\u00edfica dentro de la c\u00e9lula, formando una arquitectura cristalina con cierta simetr\u00eda espacial y periodicidad a trav\u00e9s de interacciones de enlace i\u00f3nico.<\/p>\n<h3>Aplicaci\u00f3n<\/h3>\n<p>Cat\u00e1lisis: El polvo de YbCl\u2083 puede utilizarse como catalizador de \u00e1cido de Lewis para catalizar reacciones de s\u00edntesis org\u00e1nica como la alquilaci\u00f3n, la reacci\u00f3n de aldeh\u00eddo de hidroxilo y la reacci\u00f3n de Pictet-Spengler.<\/p>\n<p>Resonancia magn\u00e9tica nuclear (RMN): El polvo de YbCl\u2083 es un reactivo de desplazamiento de RMN, que se puede utilizar para la investigaci\u00f3n de la biolog\u00eda de membranas, como la detecci\u00f3n de se\u00f1ales nerviosas y actuar como sonda de iones de calcio o sodio.<\/p>\n<p>Campo biol\u00f3gico: El polvo de YbCl\u2083 puede a\u00f1adirse a la alimentaci\u00f3n animal para seguir el proceso digestivo del animal y determinar la absorci\u00f3n \u00f3ptima de los aditivos alimentarios.<\/p>\n<p>En el campo de la ciencia de los materiales: el polvo de YbCl\u2083 puede utilizarse como fuente de dopaje de tierras raras para la preparaci\u00f3n de materiales de calcogenuro de haluro de plomo dopado con tierras raras para mejorar las propiedades \u00f3pticas y el\u00e9ctricas de los materiales.<\/p>\n<h2><span style=\"font-size: 14pt;\">Control de calidad<\/span><\/h2>\n<p><span style=\"color: #0000ff;\"><a style=\"color: #0000ff;\" href=\"https:\/\/vimaterial.de\/es\/control-de-calidad\/\">Cada lote<\/a><\/span> de productos protege estrictamente la calidad, desde la selecci\u00f3n de proveedores de materias primas, hasta el uso de equipos de prueba avanzados para monitorear con precisi\u00f3n todo el proceso de producci\u00f3n, hasta el producto terminado a trav\u00e9s de muchas rondas de muestreo severo y certificaci\u00f3n autorizada de terceros, hasta un sistema de control de calidad integral de tolerancia cero para garantizar que cada lote de productos cumpla y supere los altos est\u00e1ndares de la industria, para proporcionar a nuestros clientes la mejor calidad y los productos m\u00e1s estables.<\/p>\n<h2><span style=\"font-size: 14pt;\">Embalaje y almacenamiento<\/span><\/h2>\n<p>El polvo de cloruro de iterbio se empaqueta en una bolsa de vac\u00edo o una botella de vac\u00edo en una caja de cart\u00f3n para garantizar un transporte seguro.<\/p>\n<p>El polvo de cloruro de iterbio debe almacenarse en un ambiente seco, fresco y bien ventilado, mantenerse sellado y evitar el contacto con agua, ox\u00edgeno y otras sustancias que puedan reaccionar para prevenir la delicuescencia y el deterioro.<\/p>\n","protected":false},"excerpt":{"rendered":"<p><span style=\"color: #0000ff;\"><a style=\"color: #0000ff;\" href=\"https:\/\/vimaterial.de\/es\/product\/hidrato-de-cloruro-de-iterbio\/\">El polvo de cloruro de iterbio<\/a><\/span> es un polvo compuesto blanco higrosc\u00f3pico, que generalmente muestra una estructura cristalina hexagonal, f\u00e1cil de delicuescer en el aire, se puede utilizar en la preparaci\u00f3n de otros compuestos de iterbio y como catalizador o aditivo para ciertas reacciones qu\u00edmicas.<\/p>\n<p>VIMATERIAL proporciona polvo de cloruro de iterbio en varias especificaciones y admite el servicio de uni\u00f3n de objetivos. Aceptamos la personalizaci\u00f3n de los productos,<span style=\"color: #0000ff;\"><a style=\"color: #0000ff;\" href=\"https:\/\/vimaterial.de\/es\/contacto\/\"> cont\u00e1ctenos.<\/a><\/span><\/p>\n<p>&nbsp;<\/p>\n","protected":false},"featured_media":1034629,"comment_status":"open","ping_status":"closed","template":"","meta":{"_acf_changed":false},"product_brand":[],"product_cat":[184],"product_tag":[],"class_list":{"0":"post-1028655","1":"product","2":"type-product","3":"status-publish","4":"has-post-thumbnail","6":"product_cat-materiales-de-tierras-raras","8":"first","9":"instock","10":"shipping-taxable","11":"purchasable","12":"product-type-variable"},"acf":[],"_links":{"self":[{"href":"https:\/\/vimaterial.de\/es\/wp-json\/wp\/v2\/product\/1028655","targetHints":{"allow":["GET"]}}],"collection":[{"href":"https:\/\/vimaterial.de\/es\/wp-json\/wp\/v2\/product"}],"about":[{"href":"https:\/\/vimaterial.de\/es\/wp-json\/wp\/v2\/types\/product"}],"replies":[{"embeddable":true,"href":"https:\/\/vimaterial.de\/es\/wp-json\/wp\/v2\/comments?post=1028655"}],"wp:featuredmedia":[{"embeddable":true,"href":"https:\/\/vimaterial.de\/es\/wp-json\/wp\/v2\/media\/1034629"}],"wp:attachment":[{"href":"https:\/\/vimaterial.de\/es\/wp-json\/wp\/v2\/media?parent=1028655"}],"wp:term":[{"taxonomy":"product_brand","embeddable":true,"href":"https:\/\/vimaterial.de\/es\/wp-json\/wp\/v2\/product_brand?post=1028655"},{"taxonomy":"product_cat","embeddable":true,"href":"https:\/\/vimaterial.de\/es\/wp-json\/wp\/v2\/product_cat?post=1028655"},{"taxonomy":"product_tag","embeddable":true,"href":"https:\/\/vimaterial.de\/es\/wp-json\/wp\/v2\/product_tag?post=1028655"}],"curies":[{"name":"wp","href":"https:\/\/api.w.org\/{rel}","templated":true}]}}