{"id":1028637,"date":"2024-06-17T16:08:37","date_gmt":"2024-06-17T08:08:37","guid":{"rendered":"https:\/\/vimaterial.de\/product\/boruro-de-samario-2\/"},"modified":"2024-10-24T09:22:41","modified_gmt":"2024-10-24T01:22:41","slug":"boruro-de-samario-2","status":"publish","type":"product","link":"https:\/\/vimaterial.de\/es\/product\/boruro-de-samario-2\/","title":{"rendered":"Borido de samario"},"content":{"rendered":"<h4>Informaci\u00f3n b\u00e1sica<\/h4>\n<p>Borido de samario\u00a0(SmB\u2086) es un compuesto intermet\u00e1lico formado por samario (Sm) y boro (B). El samario es un elemento de tierras raras con propiedades f\u00edsicas y qu\u00edmicas \u00fanicas, mientras que el boro es un elemento no met\u00e1lico. La combinaci\u00f3n de los dos formas boruro de samario, que muestra un valor especial en muchos campos.<\/p>\n<h4>Propiedades f\u00edsicas<\/h4>\n<p>Aspecto y color: Suele ser una sustancia pulverulenta de color negro o gris negruzco.<\/p>\n<p>Estructura cristalina: Tiene una estructura cristalina c\u00fabica, lo que le confiere un alto grado de simetr\u00eda.<\/p>\n<p>Densidad: La densidad es relativamente alta, alrededor de 5,07 g\/cm\u00b3. Dureza: alta dureza y buena resistencia al desgaste.<\/p>\n<h4>Campo de aplicaci\u00f3n<\/h4>\n<p>Dispositivos electr\u00f3nicos: Borido de samario a sus propiedades el\u00e9ctricas especiales, como el comportamiento aislante de Kondo, se puede utilizar en la fabricaci\u00f3n de dispositivos electr\u00f3nicos de alta frecuencia, dispositivos electr\u00f3nicos superconductores y otros nuevos tipos de dispositivos electr\u00f3nicos, y es un material potencial para el estudio de la computaci\u00f3n cu\u00e1ntica y el almacenamiento de informaci\u00f3n cu\u00e1ntica y otros campos.<\/p>\n<p>Investigaci\u00f3n en ciencia de materiales: Como material aislante t\u00edpico de Kondo, desempe\u00f1a un papel clave como material experimental en el estudio de las teor\u00edas de ciencia de materiales de vanguardia, como los sistemas electr\u00f3nicos fuertemente correlacionados y las transiciones de fase cu\u00e1nticas, lo que ayuda a los cient\u00edficos a obtener una comprensi\u00f3n m\u00e1s profunda de fen\u00f3menos f\u00edsicos complejos.<\/p>\n<p>Campo de material resistente al desgaste: con su gran dureza y buenas propiedades de resistencia al desgaste, se puede utilizar para preparar recubrimientos resistentes al desgaste o piezas resistentes al desgaste, que se aplican en maquinaria, aeroespacial y otros campos.<\/p>\n","protected":false},"excerpt":{"rendered":"<p>Borido de samario\u00a0(SmB\u2086) es un compuesto intermet\u00e1lico formado por samario (Sm) y boro (B). El samario es un elemento de tierras raras con propiedades f\u00edsicas y qu\u00edmicas \u00fanicas, mientras que el boro es un elemento no met\u00e1lico. La combinaci\u00f3n de los dos formas boruro de samario, que muestra un valor especial en muchos campos.<\/p>\n<p>Dispositivos electr\u00f3nicos: Borido de samario a sus propiedades el\u00e9ctricas especiales, como el comportamiento aislante de Kondo, se puede utilizar en la fabricaci\u00f3n de dispositivos electr\u00f3nicos de alta frecuencia, dispositivos electr\u00f3nicos superconductores y otros nuevos tipos de dispositivos electr\u00f3nicos, y es un material potencial para el estudio de la computaci\u00f3n cu\u00e1ntica y el almacenamiento de informaci\u00f3n cu\u00e1ntica y otros campos.<\/p>\n<p>&nbsp;<\/p>\n","protected":false},"featured_media":1034224,"comment_status":"open","ping_status":"closed","template":"","meta":{"_acf_changed":false},"product_brand":[],"product_cat":[183,184],"product_tag":[],"class_list":{"0":"post-1028637","1":"product","2":"type-product","3":"status-publish","4":"has-post-thumbnail","6":"product_cat-c-n-b-si-materiales","7":"product_cat-materiales-de-tierras-raras","9":"first","10":"instock","11":"shipping-taxable","12":"purchasable","13":"product-type-variable"},"acf":[],"_links":{"self":[{"href":"https:\/\/vimaterial.de\/es\/wp-json\/wp\/v2\/product\/1028637","targetHints":{"allow":["GET"]}}],"collection":[{"href":"https:\/\/vimaterial.de\/es\/wp-json\/wp\/v2\/product"}],"about":[{"href":"https:\/\/vimaterial.de\/es\/wp-json\/wp\/v2\/types\/product"}],"replies":[{"embeddable":true,"href":"https:\/\/vimaterial.de\/es\/wp-json\/wp\/v2\/comments?post=1028637"}],"wp:featuredmedia":[{"embeddable":true,"href":"https:\/\/vimaterial.de\/es\/wp-json\/wp\/v2\/media\/1034224"}],"wp:attachment":[{"href":"https:\/\/vimaterial.de\/es\/wp-json\/wp\/v2\/media?parent=1028637"}],"wp:term":[{"taxonomy":"product_brand","embeddable":true,"href":"https:\/\/vimaterial.de\/es\/wp-json\/wp\/v2\/product_brand?post=1028637"},{"taxonomy":"product_cat","embeddable":true,"href":"https:\/\/vimaterial.de\/es\/wp-json\/wp\/v2\/product_cat?post=1028637"},{"taxonomy":"product_tag","embeddable":true,"href":"https:\/\/vimaterial.de\/es\/wp-json\/wp\/v2\/product_tag?post=1028637"}],"curies":[{"name":"wp","href":"https:\/\/api.w.org\/{rel}","templated":true}]}}