{"id":1028632,"date":"2024-06-17T16:08:37","date_gmt":"2024-06-17T08:08:37","guid":{"rendered":"https:\/\/vimaterial.de\/product\/sulfuro-de-samario\/"},"modified":"2024-10-24T08:59:48","modified_gmt":"2024-10-24T00:59:48","slug":"sulfuro-de-samario","status":"publish","type":"product","link":"https:\/\/vimaterial.de\/es\/product\/sulfuro-de-samario\/","title":{"rendered":"Sulfuro de samario"},"content":{"rendered":"<p>El polvo de sulfuro de samario es un polvo de sulfuro de tierras raras.<\/p>\n<h3>Informaci\u00f3n b\u00e1sica:<\/h3>\n<p>F\u00f3rmula qu\u00edmica: Sm2S3, compuesto por dos elementos, samario (Sm) y azufre (S).<\/p>\n<p>Peso molecular: 396.915 g\/mol.<\/p>\n<p>Aspecto: generalmente polvo de cristal de color marr\u00f3n rojizo.<\/p>\n<p>Densidad: 5,87 g\/cm\u00b3.<\/p>\n<p>Punto de fusi\u00f3n: alrededor de 1720 \u00b0C.<\/p>\n<p>Estructura cristalina: estructura cristalina c\u00fabica.<\/p>\n<p>Propiedades magn\u00e9ticas: Algunas propiedades magn\u00e9ticas, la permeabilidad magn\u00e9tica es de +3300.0\u30fb10-\u2076 cm\u00b3 \/ mol.<\/p>\n<h3>Propiedades qu\u00edmicas:<\/h3>\n<p>Estabilidad: Estable a temperatura y presi\u00f3n ambiente, pero comienza a oxidarse cuando se calienta por encima de 200 \u00b0C.<\/p>\n<p>Solubilidad: insoluble en agua, se descompone en agua caliente y \u00e1cido diluido. Puede oxidarse en \u00f3xidos mediante agentes oxidantes como el per\u00f3xido de hidr\u00f3geno.<\/p>\n<h3>\u00c1reas de aplicaci\u00f3n:<\/h3>\n<p>Reactivo anal\u00edtico: el sulfuro de samario se puede utilizar para pruebas anal\u00edticas en el laboratorio.<\/p>\n<p>Material semiconductor: El sulfuro de samario como material semiconductor, tiene un valor de aplicaci\u00f3n potencial en el campo de la electr\u00f3nica y la fotoelectricidad.<\/p>\n<p>Material de almacenamiento de energ\u00eda: En el campo de la energ\u00eda, se puede utilizar como material de electrodo de supercondensador, etc., mostrando una buena capacidad de almacenamiento de energ\u00eda.<\/p>\n","protected":false},"excerpt":{"rendered":"<p>El polvo de sulfuro de samario es un polvo de sulfuro de tierras raras.<\/p>\n<p>Reactivo anal\u00edtico: se puede utilizar para pruebas anal\u00edticas en el laboratorio.<\/p>\n<p>Material semiconductor: como material semiconductor, tiene un valor de aplicaci\u00f3n potencial en el campo de la electr\u00f3nica y la fotoelectricidad.<\/p>\n<p>Material de almacenamiento de energ\u00eda: En el campo de la energ\u00eda, se puede utilizar como material de electrodo de supercondensador, etc., mostrando una buena capacidad de almacenamiento de energ\u00eda.<\/p>\n","protected":false},"featured_media":1034219,"comment_status":"open","ping_status":"closed","template":"","meta":{"_acf_changed":false},"product_brand":[],"product_cat":[184],"product_tag":[],"class_list":{"0":"post-1028632","1":"product","2":"type-product","3":"status-publish","4":"has-post-thumbnail","6":"product_cat-materiales-de-tierras-raras","8":"first","9":"instock","10":"shipping-taxable","11":"product-type-variable"},"acf":[],"_links":{"self":[{"href":"https:\/\/vimaterial.de\/es\/wp-json\/wp\/v2\/product\/1028632","targetHints":{"allow":["GET"]}}],"collection":[{"href":"https:\/\/vimaterial.de\/es\/wp-json\/wp\/v2\/product"}],"about":[{"href":"https:\/\/vimaterial.de\/es\/wp-json\/wp\/v2\/types\/product"}],"replies":[{"embeddable":true,"href":"https:\/\/vimaterial.de\/es\/wp-json\/wp\/v2\/comments?post=1028632"}],"wp:featuredmedia":[{"embeddable":true,"href":"https:\/\/vimaterial.de\/es\/wp-json\/wp\/v2\/media\/1034219"}],"wp:attachment":[{"href":"https:\/\/vimaterial.de\/es\/wp-json\/wp\/v2\/media?parent=1028632"}],"wp:term":[{"taxonomy":"product_brand","embeddable":true,"href":"https:\/\/vimaterial.de\/es\/wp-json\/wp\/v2\/product_brand?post=1028632"},{"taxonomy":"product_cat","embeddable":true,"href":"https:\/\/vimaterial.de\/es\/wp-json\/wp\/v2\/product_cat?post=1028632"},{"taxonomy":"product_tag","embeddable":true,"href":"https:\/\/vimaterial.de\/es\/wp-json\/wp\/v2\/product_tag?post=1028632"}],"curies":[{"name":"wp","href":"https:\/\/api.w.org\/{rel}","templated":true}]}}