{"id":1028621,"date":"2024-06-17T16:08:38","date_gmt":"2024-06-17T08:08:38","guid":{"rendered":"https:\/\/vimaterial.de\/product\/cloruro-de-samario\/"},"modified":"2024-10-23T16:31:40","modified_gmt":"2024-10-23T08:31:40","slug":"cloruro-de-samario","status":"publish","type":"product","link":"https:\/\/vimaterial.de\/es\/product\/cloruro-de-samario\/","title":{"rendered":"Cloruro de samario"},"content":{"rendered":"<p>El polvo de cloruro de samario es un importante compuesto de tierras raras.<\/p>\n<h3>Informaci\u00f3n b\u00e1sica:<\/h3>\n<p>F\u00f3rmula qu\u00edmica: SmCl3, compuesto por elementos samario (Sm) y cloro (Cl).<\/p>\n<p>N\u00ba CAS: 10361-82-7.<\/p>\n<p>N\u00ba EINECS: 233-797-0.<\/p>\n<p>Peso molecular: 256,72.<\/p>\n<p>Aspecto: Generalmente polvo de color blanco a amarillo.<\/p>\n<p>Densidad: 2.383 g\/ml (25\/4\u00b0C).<\/p>\n<p>Punto de fusi\u00f3n: 686\u00b12\u00b0C.<\/p>\n<h3>M\u00e9todo de preparaci\u00f3n:<\/h3>\n<p>Cloraci\u00f3n directa de \u00f3xido de tierras raras: use \u00f3xido de samario para reaccionar con el gas cloro bajo ciertas condiciones para producir cloruro de samario.<\/p>\n<p>M\u00e9todo de cloraci\u00f3n con cloruro de amonio: mezcle cloruro de amonio con \u00f3xido de samario de acuerdo con 2 ~ 3 veces la cantidad te\u00f3rica y cali\u00e9ntelo a menos de 300 ~ 350 \u00b0C para clorar el \u00f3xido de samario, y luego elimine el exceso de cloruro de amonio mediante desgasificaci\u00f3n.<\/p>\n<p>M\u00e9todo de disoluci\u00f3n de \u00e1cido clorh\u00eddrico: disuelva el \u00f3xido de samario en \u00e1cido clorh\u00eddrico, evapore, concentre y precipite cristales hexahidratados despu\u00e9s de enfriar en un ba\u00f1o de agua.<\/p>\n<h3>Usos:<\/h3>\n<p>Preparaci\u00f3n de metal de samario: el cloruro de samario se puede utilizar como materia prima para la preparaci\u00f3n de metal de samario, que tiene muchos usos en el campo de los imanes, etc.<\/p>\n<p>Fundente: El cloruro de samario anhidro se puede utilizar como fundente para cloruro de sodio y cloruro de calcio.<\/p>\n<p>Investigaci\u00f3n qu\u00edmica: Se puede utilizar como material de partida para preparar otros compuestos de samario en el laboratorio para la investigaci\u00f3n qu\u00edmica relacionada.<\/p>\n","protected":false},"excerpt":{"rendered":"<p>El polvo de cloruro de samario es un importante compuesto de tierras raras.<\/p>\n<p>Preparaci\u00f3n de metal de samario: SmCl3 se puede utilizar como materia prima para la preparaci\u00f3n de metal de samario, que tiene muchos usos en el campo de los imanes, etc.<\/p>\n<p>&nbsp;<\/p>\n","protected":false},"featured_media":1034234,"comment_status":"open","ping_status":"closed","template":"","meta":{"_acf_changed":false},"product_brand":[],"product_cat":[184],"product_tag":[],"class_list":{"0":"post-1028621","1":"product","2":"type-product","3":"status-publish","4":"has-post-thumbnail","6":"product_cat-materiales-de-tierras-raras","8":"first","9":"instock","10":"shipping-taxable","11":"purchasable","12":"product-type-variable"},"acf":[],"_links":{"self":[{"href":"https:\/\/vimaterial.de\/es\/wp-json\/wp\/v2\/product\/1028621","targetHints":{"allow":["GET"]}}],"collection":[{"href":"https:\/\/vimaterial.de\/es\/wp-json\/wp\/v2\/product"}],"about":[{"href":"https:\/\/vimaterial.de\/es\/wp-json\/wp\/v2\/types\/product"}],"replies":[{"embeddable":true,"href":"https:\/\/vimaterial.de\/es\/wp-json\/wp\/v2\/comments?post=1028621"}],"wp:featuredmedia":[{"embeddable":true,"href":"https:\/\/vimaterial.de\/es\/wp-json\/wp\/v2\/media\/1034234"}],"wp:attachment":[{"href":"https:\/\/vimaterial.de\/es\/wp-json\/wp\/v2\/media?parent=1028621"}],"wp:term":[{"taxonomy":"product_brand","embeddable":true,"href":"https:\/\/vimaterial.de\/es\/wp-json\/wp\/v2\/product_brand?post=1028621"},{"taxonomy":"product_cat","embeddable":true,"href":"https:\/\/vimaterial.de\/es\/wp-json\/wp\/v2\/product_cat?post=1028621"},{"taxonomy":"product_tag","embeddable":true,"href":"https:\/\/vimaterial.de\/es\/wp-json\/wp\/v2\/product_tag?post=1028621"}],"curies":[{"name":"wp","href":"https:\/\/api.w.org\/{rel}","templated":true}]}}