{"id":1028613,"date":"2024-06-17T16:08:38","date_gmt":"2024-06-17T08:08:38","guid":{"rendered":"https:\/\/vimaterial.de\/product\/boruro-de-samario\/"},"modified":"2024-10-23T16:12:49","modified_gmt":"2024-10-23T08:12:49","slug":"boruro-de-samario","status":"publish","type":"product","link":"https:\/\/vimaterial.de\/es\/product\/boruro-de-samario\/","title":{"rendered":"Borido de samario"},"content":{"rendered":"<p>Borido de samario\u00a0es un material con importantes aplicaciones.<\/p>\n<h3>Informaci\u00f3n b\u00e1sica:<\/h3>\n<p>Composici\u00f3n qu\u00edmica: Est\u00e1 compuesto principalmente por dos elementos, samario (Sm) y boro (B), y su f\u00f3rmula qu\u00edmica es SmB6.<\/p>\n<p>Estructura cristalina: Tiene estructura cristalina c\u00fabica.<\/p>\n<p>Pureza: 99.5% y m\u00e1s, la alta pureza es muy importante para garantizar la calidad y el rendimiento del recubrimiento por pulverizaci\u00f3n cat\u00f3dica.<\/p>\n<p>N\u00famero CAS: 12008-30-9. Alto punto de fusi\u00f3n: SmB6 tiene un alto punto de fusi\u00f3n de aproximadamente 2350 \u00b0C.<\/p>\n<h3>\u00c1reas de aplicaci\u00f3n:<\/h3>\n<p>Epintr\u00f3nica:Borido de samario a su estructura electr\u00f3nica \u00fanica y sus propiedades de esp\u00edn, el samario boruro tiene aplicaciones potenciales en dispositivos espintr\u00f3nicos.<\/p>\n<p>Computaci\u00f3n cu\u00e1ntica topol\u00f3gica: Como aislante topol\u00f3gico, el boruro de samario tiene un estado de superficie topol\u00f3gico con un espacio nulo en su superficie, una propiedad que lo convierte en una perspectiva de aplicaci\u00f3n importante en la computaci\u00f3n cu\u00e1ntica topol\u00f3gica.<\/p>\n<p>Campo \u00f3ptico: Las pel\u00edculas preparadas de objetivos SmB6 tambi\u00e9n tienen ciertas aplicaciones en el campo de la \u00f3ptica, por ejemplo, se pueden utilizar para preparar filtros \u00f3pticos, espejos y otros dispositivos \u00f3pticos, el uso de sus propiedades \u00f3pticas especiales para lograr la regulaci\u00f3n y transmisi\u00f3n de la luz.<\/p>\n","protected":false},"excerpt":{"rendered":"<p>El blanco de boruro de samario es un material con importantes aplicaciones.<\/p>\n<p>Epintr\u00f3nica: Debido a su estructura electr\u00f3nica \u00fanica y sus propiedades de esp\u00edn, SmB6 tiene aplicaciones potenciales en dispositivos espintr\u00f3nicos.<\/p>\n<p>Computaci\u00f3n cu\u00e1ntica topol\u00f3gica: Como aislante topol\u00f3gico, Borido de samario tiene un estado de superficie topol\u00f3gico con un espacio nulo en su superficie, una propiedad que lo convierte en una perspectiva de aplicaci\u00f3n importante en la computaci\u00f3n cu\u00e1ntica topol\u00f3gica.<\/p>\n","protected":false},"featured_media":1034229,"comment_status":"open","ping_status":"closed","template":"","meta":{"_acf_changed":false},"product_brand":[],"product_cat":[178],"product_tag":[],"class_list":{"0":"post-1028613","1":"product","2":"type-product","3":"status-publish","4":"has-post-thumbnail","6":"product_cat-catodos-para-sputtering-planar","8":"first","9":"instock","10":"shipping-taxable","11":"product-type-variable"},"acf":[],"_links":{"self":[{"href":"https:\/\/vimaterial.de\/es\/wp-json\/wp\/v2\/product\/1028613","targetHints":{"allow":["GET"]}}],"collection":[{"href":"https:\/\/vimaterial.de\/es\/wp-json\/wp\/v2\/product"}],"about":[{"href":"https:\/\/vimaterial.de\/es\/wp-json\/wp\/v2\/types\/product"}],"replies":[{"embeddable":true,"href":"https:\/\/vimaterial.de\/es\/wp-json\/wp\/v2\/comments?post=1028613"}],"wp:featuredmedia":[{"embeddable":true,"href":"https:\/\/vimaterial.de\/es\/wp-json\/wp\/v2\/media\/1034229"}],"wp:attachment":[{"href":"https:\/\/vimaterial.de\/es\/wp-json\/wp\/v2\/media?parent=1028613"}],"wp:term":[{"taxonomy":"product_brand","embeddable":true,"href":"https:\/\/vimaterial.de\/es\/wp-json\/wp\/v2\/product_brand?post=1028613"},{"taxonomy":"product_cat","embeddable":true,"href":"https:\/\/vimaterial.de\/es\/wp-json\/wp\/v2\/product_cat?post=1028613"},{"taxonomy":"product_tag","embeddable":true,"href":"https:\/\/vimaterial.de\/es\/wp-json\/wp\/v2\/product_tag?post=1028613"}],"curies":[{"name":"wp","href":"https:\/\/api.w.org\/{rel}","templated":true}]}}