{"id":1028593,"date":"2024-06-17T16:08:38","date_gmt":"2024-06-17T08:08:38","guid":{"rendered":"https:\/\/vimaterial.de\/product\/cloruro-de-samario-hexahidrato\/"},"modified":"2024-10-23T16:47:05","modified_gmt":"2024-10-23T08:47:05","slug":"cloruro-de-samario-hexahidrato","status":"publish","type":"product","link":"https:\/\/vimaterial.de\/es\/product\/cloruro-de-samario-hexahidrato\/","title":{"rendered":"Cloruro de samario hexahidratado"},"content":{"rendered":"<p>El polvo SmCl3\u30fb6H2O es un Cloruro de samario hexahidratado.<\/p>\n<h3>Informaci\u00f3n b\u00e1sica:<\/h3>\n<p>F\u00f3rmula qu\u00edmica: SmCl3\u30fb6H2O, compuesto por samario (Sm), cloro (Cl) y agua (H2O).<\/p>\n<p>Peso molecular: 364,81.<\/p>\n<p>N\u00ba CAS: 13465-55-9.<\/p>\n<p>Aspecto: Generalmente s\u00f3lido pulverulento de color amarillo claro o color crema, tambi\u00e9n puede presentarse como cristales granulares o grumosos.<\/p>\n<p>Densidad: 2.383 g\/cm\u00b3.<\/p>\n<h3>Propiedades qu\u00edmicas:<\/h3>\n<p>Estabilidad: Relativamente estable a temperatura ambiente, pero puede sufrir hidr\u00f3lisis cuando se calienta. Cinco mol\u00e9culas de agua se perder\u00e1n a 110 \u00b0C.<\/p>\n<p>Acidez: El cloruro de samario hexahidratado es un \u00e1cido de Lewis y puede mostrar acidez en reacciones qu\u00edmicas.<\/p>\n<h3>Usos:<\/h3>\n<p>Campo industrial: se puede utilizar para preparar samario met\u00e1lico, que tiene muchos usos en imanes, etc. Tambi\u00e9n se utiliza en vidrio, cer\u00e1mica, catalizadores, etc. Por ejemplo, se utiliza como aditivo en el vidrio para mejorar sus propiedades \u00f3pticas.<\/p>\n<p>En el campo de la investigaci\u00f3n cient\u00edfica, se puede utilizar como material de partida para la preparaci\u00f3n de otros compuestos de samario en el laboratorio, que se pueden utilizar en la investigaci\u00f3n qu\u00edmica relacionada y la preparaci\u00f3n de materiales.<\/p>\n<p>Otras \u00e1reas: se utiliza como dopante en fibra \u00f3ptica, l\u00e1ser, f\u00f3sforo, etc., lo que puede mejorar el rendimiento de estos materiales.<\/p>\n","protected":false},"excerpt":{"rendered":"<p>El polvo SmCl3\u30fb6H2O es un Cloruro de samario hexahidratado.<\/p>\n<p>Campo industrial: se puede utilizar para preparar samario met\u00e1lico, que tiene muchos usos en imanes, etc. Tambi\u00e9n se utiliza en vidrio, cer\u00e1mica, catalizadores, etc. Por ejemplo, se utiliza como aditivo en el vidrio para mejorar sus propiedades \u00f3pticas.<\/p>\n<p>En el campo de la investigaci\u00f3n cient\u00edfica, se puede utilizar como material de partida para la preparaci\u00f3n de otros compuestos de samario en el laboratorio, que se pueden utilizar en la investigaci\u00f3n qu\u00edmica relacionada y la preparaci\u00f3n de materiales.<\/p>\n","protected":false},"featured_media":1034239,"comment_status":"open","ping_status":"closed","template":"","meta":{"_acf_changed":false},"product_brand":[],"product_cat":[184],"product_tag":[],"class_list":{"0":"post-1028593","1":"product","2":"type-product","3":"status-publish","4":"has-post-thumbnail","6":"product_cat-materiales-de-tierras-raras","8":"first","9":"instock","10":"shipping-taxable","11":"purchasable","12":"product-type-variable"},"acf":[],"_links":{"self":[{"href":"https:\/\/vimaterial.de\/es\/wp-json\/wp\/v2\/product\/1028593","targetHints":{"allow":["GET"]}}],"collection":[{"href":"https:\/\/vimaterial.de\/es\/wp-json\/wp\/v2\/product"}],"about":[{"href":"https:\/\/vimaterial.de\/es\/wp-json\/wp\/v2\/types\/product"}],"replies":[{"embeddable":true,"href":"https:\/\/vimaterial.de\/es\/wp-json\/wp\/v2\/comments?post=1028593"}],"wp:featuredmedia":[{"embeddable":true,"href":"https:\/\/vimaterial.de\/es\/wp-json\/wp\/v2\/media\/1034239"}],"wp:attachment":[{"href":"https:\/\/vimaterial.de\/es\/wp-json\/wp\/v2\/media?parent=1028593"}],"wp:term":[{"taxonomy":"product_brand","embeddable":true,"href":"https:\/\/vimaterial.de\/es\/wp-json\/wp\/v2\/product_brand?post=1028593"},{"taxonomy":"product_cat","embeddable":true,"href":"https:\/\/vimaterial.de\/es\/wp-json\/wp\/v2\/product_cat?post=1028593"},{"taxonomy":"product_tag","embeddable":true,"href":"https:\/\/vimaterial.de\/es\/wp-json\/wp\/v2\/product_tag?post=1028593"}],"curies":[{"name":"wp","href":"https:\/\/api.w.org\/{rel}","templated":true}]}}