{"id":1028555,"date":"2024-06-17T16:08:39","date_gmt":"2024-06-17T08:08:39","guid":{"rendered":"https:\/\/vimaterial.de\/product\/aleacion-de-cobalto-samario-2\/"},"modified":"2024-10-23T15:21:00","modified_gmt":"2024-10-23T07:21:00","slug":"aleacion-de-cobalto-samario-2","status":"publish","type":"product","link":"https:\/\/vimaterial.de\/es\/product\/aleacion-de-cobalto-samario-2\/","title":{"rendered":"Aleaci\u00f3n de samario y cobalto"},"content":{"rendered":"<p>El objetivo de aleaci\u00f3n de samario y cobalto es un objetivo de material magn\u00e9tico importante.<\/p>\n<p>Informaci\u00f3n b\u00e1sica:<\/p>\n<p>Composici\u00f3n: Est\u00e1 compuesto por dos elementos de samario (Sm) y cobalto (Co) en proporci\u00f3n espec\u00edfica, y su f\u00f3rmula qu\u00edmica es SmCo5.<br \/>\nEstructura cristalina: Estructura cristalina tipo CaCu5.<br \/>\nAspecto: Generalmente gris o negro grumoso.<br \/>\nDensidad: La densidad es relativamente alta, lo que hace que el objetivo tenga una mejor estabilidad y durabilidad en el proceso de pulverizaci\u00f3n cat\u00f3dica.<br \/>\nDureza: Mayor dureza para resistir el bombardeo de iones durante el proceso de pulverizaci\u00f3n cat\u00f3dica y menos probable que se deforme o da\u00f1e.<\/p>\n<p>\u00c1reas de aplicaci\u00f3n:<\/p>\n<p>Campo de almacenamiento magn\u00e9tico: Debido a las excelentes propiedades magn\u00e9ticas de los objetivos de aleaci\u00f3n de samario y cobalto, se pueden utilizar para preparar recubrimientos magn\u00e9ticos para medios de almacenamiento magn\u00e9tico como discos duros, cintas magn\u00e9ticas, etc., que pueden mejorar la densidad de almacenamiento y la velocidad de lectura y escritura de datos.<\/p>\n<p>Campo de sistemas microelectromec\u00e1nicos (MEMS): En los dispositivos MEMS, los objetivos de aleaci\u00f3n de samario y cobalto se pueden usar para preparar sensores magn\u00e9ticos en miniatura, actuadores y otros componentes para proporcionar funciones magn\u00e9ticas para dispositivos MEMS.<\/p>\n<p>Campo del motor de imanes permanentes: Los objetivos de aleaci\u00f3n de samario y cobalto se pueden utilizar para preparar imanes permanentes para motores de imanes permanentes, mejorando la eficiencia y la densidad de potencia de los motores.<\/p>\n","protected":false},"excerpt":{"rendered":"<p>El objetivo de aleaci\u00f3n de samario y cobalto es un objetivo de material magn\u00e9tico importante.<\/p>\n<p>Campo de almacenamiento magn\u00e9tico: Debido a las excelentes propiedades magn\u00e9ticas de los objetivos SmCo5, se pueden utilizar para preparar recubrimientos magn\u00e9ticos para medios de almacenamiento magn\u00e9tico como discos duros, cintas magn\u00e9ticas, etc., que pueden mejorar la densidad de almacenamiento y la velocidad de lectura y escritura de datos.<\/p>\n<p>Campo de sistemas microelectromec\u00e1nicos (MEMS): En los dispositivos MEMS, los objetivos SmCo5 se pueden utilizar para preparar sensores magn\u00e9ticos en miniatura, actuadores y otros componentes para proporcionar funciones magn\u00e9ticas para dispositivos MEMS.<\/p>\n","protected":false},"featured_media":1034244,"comment_status":"open","ping_status":"closed","template":"","meta":{"_acf_changed":false},"product_brand":[],"product_cat":[178],"product_tag":[],"class_list":{"0":"post-1028555","1":"product","2":"type-product","3":"status-publish","4":"has-post-thumbnail","6":"product_cat-catodos-para-sputtering-planar","8":"first","9":"instock","10":"shipping-taxable","11":"product-type-variable"},"acf":[],"_links":{"self":[{"href":"https:\/\/vimaterial.de\/es\/wp-json\/wp\/v2\/product\/1028555","targetHints":{"allow":["GET"]}}],"collection":[{"href":"https:\/\/vimaterial.de\/es\/wp-json\/wp\/v2\/product"}],"about":[{"href":"https:\/\/vimaterial.de\/es\/wp-json\/wp\/v2\/types\/product"}],"replies":[{"embeddable":true,"href":"https:\/\/vimaterial.de\/es\/wp-json\/wp\/v2\/comments?post=1028555"}],"wp:featuredmedia":[{"embeddable":true,"href":"https:\/\/vimaterial.de\/es\/wp-json\/wp\/v2\/media\/1034244"}],"wp:attachment":[{"href":"https:\/\/vimaterial.de\/es\/wp-json\/wp\/v2\/media?parent=1028555"}],"wp:term":[{"taxonomy":"product_brand","embeddable":true,"href":"https:\/\/vimaterial.de\/es\/wp-json\/wp\/v2\/product_brand?post=1028555"},{"taxonomy":"product_cat","embeddable":true,"href":"https:\/\/vimaterial.de\/es\/wp-json\/wp\/v2\/product_cat?post=1028555"},{"taxonomy":"product_tag","embeddable":true,"href":"https:\/\/vimaterial.de\/es\/wp-json\/wp\/v2\/product_tag?post=1028555"}],"curies":[{"name":"wp","href":"https:\/\/api.w.org\/{rel}","templated":true}]}}