{"id":1028496,"date":"2024-06-17T16:08:40","date_gmt":"2024-06-17T08:08:40","guid":{"rendered":"https:\/\/vimaterial.de\/product\/sulfato-de-europio\/"},"modified":"2024-10-23T14:49:19","modified_gmt":"2024-10-23T06:49:19","slug":"sulfato-de-europio","status":"publish","type":"product","link":"https:\/\/vimaterial.de\/es\/product\/sulfato-de-europio\/","title":{"rendered":"Sulfato de europio"},"content":{"rendered":"<p>El polvo de sulfato de europio es un compuesto de sulfato que contiene europio.<\/p>\n<h3>Informaci\u00f3n b\u00e1sica:<\/h3>\n<p>F\u00f3rmula qu\u00edmica: Eu\u2082(SO\u2084)\u2083\u30fb8H\u2082O, lo que indica que la sustancia consta de dos iones de europio (Eu\u00b3\u207a), tres iones de sulfato (SO\u2084\u00b2-) y ocho aguas cristalinas.<\/p>\n<p>Peso molecular: 736,23.<\/p>\n<p>N\u00famero CAS: 10031-54-6 (o 10031-55-7).<\/p>\n<p>Aspecto: Generalmente cristales grises.<\/p>\n<p>Solubilidad: Soluble en agua y delicuescente.<\/p>\n<p>Densidad: Relativamente alta, 4,95 g\/cm\u00b3.<\/p>\n<p>Punto de fusi\u00f3n: alrededor de 375 \u00b0C.<\/p>\n<h3>Propiedades qu\u00edmicas:<\/h3>\n<p>Estabilidad t\u00e9rmica: El sulfato de europio perder\u00e1 gradualmente el agua de cristalizaci\u00f3n cuando se caliente y se descompondr\u00e1 para formar los \u00f3xidos correspondientes y otras sustancias a temperaturas m\u00e1s altas.<\/p>\n<p>Hidr\u00f3lisis: su soluci\u00f3n acuosa puede sufrir un cierto grado de reacci\u00f3n de hidr\u00f3lisis, haciendo que la soluci\u00f3n muestre un cierto grado de acidez.<\/p>\n<h3>Usos:<\/h3>\n<p>Reactivo qu\u00edmico: El sulfato de europio se puede utilizar en an\u00e1lisis qu\u00edmicos, investigaci\u00f3n de laboratorio, etc., como intermediario de los compuestos de europio.<\/p>\n<p>Preparaci\u00f3n de materiales: se utiliza en la preparaci\u00f3n de f\u00f3sforo, materiales luminiscentes, etc. Por ejemplo, el f\u00f3sforo rojo utilizado en tubos de rayos cat\u00f3dicos en color, pantallas de cristal l\u00edquido, monitores de ordenador y televisores, etc., puede utilizar compuestos de europio preparados a partir de sulfato de europio.<\/p>\n<p>Campo catalizador: Se puede utilizar como material precursor para la s\u00edntesis de catalizadores basados en europio.<\/p>\n","protected":false},"excerpt":{"rendered":"<p>El polvo de sulfato de europio es un compuesto de sulfato que contiene europio.<\/p>\n<p>Reactivo qu\u00edmico: se puede utilizar en an\u00e1lisis qu\u00edmicos, investigaci\u00f3n de laboratorio, etc., como intermedio de los compuestos de europio.<\/p>\n<p>Preparaci\u00f3n de materiales: se utiliza en la preparaci\u00f3n de f\u00f3sforo, materiales luminiscentes, etc. Por ejemplo, el f\u00f3sforo rojo utilizado en tubos de rayos cat\u00f3dicos en color, pantallas de cristal l\u00edquido, monitores de ordenador y televisores, etc., puede utilizar compuestos de europio preparados a partir de sulfato de europio.<\/p>\n","protected":false},"featured_media":1034269,"comment_status":"open","ping_status":"closed","template":"","meta":{"_acf_changed":false},"product_brand":[],"product_cat":[184],"product_tag":[],"class_list":{"0":"post-1028496","1":"product","2":"type-product","3":"status-publish","4":"has-post-thumbnail","6":"product_cat-materiales-de-tierras-raras","8":"first","9":"instock","10":"shipping-taxable","11":"purchasable","12":"product-type-variable"},"acf":[],"_links":{"self":[{"href":"https:\/\/vimaterial.de\/es\/wp-json\/wp\/v2\/product\/1028496","targetHints":{"allow":["GET"]}}],"collection":[{"href":"https:\/\/vimaterial.de\/es\/wp-json\/wp\/v2\/product"}],"about":[{"href":"https:\/\/vimaterial.de\/es\/wp-json\/wp\/v2\/types\/product"}],"replies":[{"embeddable":true,"href":"https:\/\/vimaterial.de\/es\/wp-json\/wp\/v2\/comments?post=1028496"}],"wp:featuredmedia":[{"embeddable":true,"href":"https:\/\/vimaterial.de\/es\/wp-json\/wp\/v2\/media\/1034269"}],"wp:attachment":[{"href":"https:\/\/vimaterial.de\/es\/wp-json\/wp\/v2\/media?parent=1028496"}],"wp:term":[{"taxonomy":"product_brand","embeddable":true,"href":"https:\/\/vimaterial.de\/es\/wp-json\/wp\/v2\/product_brand?post=1028496"},{"taxonomy":"product_cat","embeddable":true,"href":"https:\/\/vimaterial.de\/es\/wp-json\/wp\/v2\/product_cat?post=1028496"},{"taxonomy":"product_tag","embeddable":true,"href":"https:\/\/vimaterial.de\/es\/wp-json\/wp\/v2\/product_tag?post=1028496"}],"curies":[{"name":"wp","href":"https:\/\/api.w.org\/{rel}","templated":true}]}}