{"id":1028471,"date":"2024-06-17T16:08:40","date_gmt":"2024-06-17T08:08:40","guid":{"rendered":"https:\/\/vimaterial.de\/product\/oxido-de-europio-2\/"},"modified":"2024-10-23T15:04:04","modified_gmt":"2024-10-23T07:04:04","slug":"oxido-de-europio-2","status":"publish","type":"product","link":"https:\/\/vimaterial.de\/es\/product\/oxido-de-europio-2\/","title":{"rendered":"\u00d3xido de europio"},"content":{"rendered":"<p>El \u00f3xido de europio es un importante compuesto de tierras raras.<\/p>\n<h3>Informaci\u00f3n b\u00e1sica:<\/h3>\n<p>F\u00f3rmula qu\u00edmica: Eu\u2082O\u2083, lo que indica que est\u00e1 formado por dos iones de europio (Eu\u00b3\u207a) y tres iones de ox\u00edgeno (O\u00b2-).<\/p>\n<p>Peso molecular: 351,9262.<\/p>\n<p>N\u00ba CAS: 1308-96-9.<\/p>\n<p>Aspecto: Por lo general, un polvo rosado claro.<\/p>\n<p>Densidad: Densidad relativa 7,42 g\/cm\u00b3.<\/p>\n<p>Punto de fusi\u00f3n: el punto de fusi\u00f3n es de aproximadamente 2002 \u00b0C.<\/p>\n<p>Solubilidad: insoluble en agua, pero soluble en \u00e1cido.<\/p>\n<h3>Usos:<\/h3>\n<p>Campo de f\u00f3sforo: \u00f3xido de europio utilizado como activador del f\u00f3sforo rojo para televisores en color y f\u00f3sforo para l\u00e1mparas de mercurio de alta presi\u00f3n, etc. Desempe\u00f1a un papel importante en la tecnolog\u00eda de visualizaci\u00f3n y el campo de la iluminaci\u00f3n.<\/p>\n<p>Industria qu\u00edmica: El \u00f3xido de europio se puede utilizar en la producci\u00f3n de tintes, aceleradores de vulcanizaci\u00f3n de caucho, fungicidas plaguicidas, resinas de amino\u00e1cidos, resinas de etilendiamina urea-formaldeh\u00eddo, agente quelante de metales EDTA, etc.<\/p>\n<p>Otros campos: se utiliza como disolvente de fibrina, etc., y tiene ciertas aplicaciones en el campo de la biomedicina; Tambi\u00e9n tiene aplicaciones importantes en la industria de la energ\u00eda at\u00f3mica y se puede utilizar en la fabricaci\u00f3n de materiales de control de reactores y materiales de protecci\u00f3n de neutrones.<\/p>\n","protected":false},"excerpt":{"rendered":"<p>El \u00f3xido de europio es un importante compuesto de tierras raras.<\/p>\n<p>Campo de f\u00f3sforo: \u00f3xido de europio utilizado como activador del f\u00f3sforo rojo para televisores en color y f\u00f3sforo para l\u00e1mparas de mercurio de alta presi\u00f3n, etc. Desempe\u00f1a un papel importante en la tecnolog\u00eda de visualizaci\u00f3n y el campo de la iluminaci\u00f3n.<\/p>\n<p>Industria qu\u00edmica: Se puede utilizar en la producci\u00f3n de tintes, aceleradores de vulcanizaci\u00f3n de caucho, fungicidas plaguicidas, resinas de amino\u00e1cidos, resinas de etilendiamina urea-formaldeh\u00eddo, agente quelante de metales EDTA, etc.<\/p>\n","protected":false},"featured_media":1034274,"comment_status":"open","ping_status":"closed","template":"","meta":{"_acf_changed":false},"product_brand":[],"product_cat":[179],"product_tag":[],"class_list":{"0":"post-1028471","1":"product","2":"type-product","3":"status-publish","4":"has-post-thumbnail","6":"product_cat-materiales-de-evaporacion","8":"first","9":"instock","10":"shipping-taxable","11":"product-type-variable"},"acf":[],"_links":{"self":[{"href":"https:\/\/vimaterial.de\/es\/wp-json\/wp\/v2\/product\/1028471","targetHints":{"allow":["GET"]}}],"collection":[{"href":"https:\/\/vimaterial.de\/es\/wp-json\/wp\/v2\/product"}],"about":[{"href":"https:\/\/vimaterial.de\/es\/wp-json\/wp\/v2\/types\/product"}],"replies":[{"embeddable":true,"href":"https:\/\/vimaterial.de\/es\/wp-json\/wp\/v2\/comments?post=1028471"}],"wp:featuredmedia":[{"embeddable":true,"href":"https:\/\/vimaterial.de\/es\/wp-json\/wp\/v2\/media\/1034274"}],"wp:attachment":[{"href":"https:\/\/vimaterial.de\/es\/wp-json\/wp\/v2\/media?parent=1028471"}],"wp:term":[{"taxonomy":"product_brand","embeddable":true,"href":"https:\/\/vimaterial.de\/es\/wp-json\/wp\/v2\/product_brand?post=1028471"},{"taxonomy":"product_cat","embeddable":true,"href":"https:\/\/vimaterial.de\/es\/wp-json\/wp\/v2\/product_cat?post=1028471"},{"taxonomy":"product_tag","embeddable":true,"href":"https:\/\/vimaterial.de\/es\/wp-json\/wp\/v2\/product_tag?post=1028471"}],"curies":[{"name":"wp","href":"https:\/\/api.w.org\/{rel}","templated":true}]}}