{"id":1028147,"date":"2024-06-17T16:12:02","date_gmt":"2024-06-17T08:12:02","guid":{"rendered":"https:\/\/vimaterial.de\/product\/cloruro-de-gadolinio\/"},"modified":"2024-10-22T17:20:30","modified_gmt":"2024-10-22T09:20:30","slug":"cloruro-de-gadolinio","status":"publish","type":"product","link":"https:\/\/vimaterial.de\/es\/product\/cloruro-de-gadolinio\/","title":{"rendered":"Cloruro de gadolinio"},"content":{"rendered":"<p>Las part\u00edculas de cloruro de gadolinio son blancas, solubles en agua y alcohol, y delebles en aire h\u00famedo. Se pueden utilizar en la fabricaci\u00f3n de materiales de ferroaleaciones de gadolinio, intermedios de compuestos de gadolinio y reactivos qu\u00edmicos. Su f\u00f3rmula qu\u00edmica es GdCl3\u00a0 GdCl3 6H2O.<\/p>\n<p>Propiedades:<\/p>\n<p>N\u00famero EINECS: 233-386-6<br \/>\nAspecto: Generalmente granular<br \/>\ncristalino blanco Densidad: alrededor de 4,52 g \/ cm\u00b3<br \/>\nPunto de fusi\u00f3n: El punto de fusi\u00f3n del cloruro de gadolinio anhidro es 609 \u00b0C; El cloruro de gadolinio hexahidratado perder\u00e1 gradualmente agua cristalina cuando se caliente y, finalmente, se convertir\u00e1 en anhidro<br \/>\nSolubilidad: f\u00e1cilmente soluble en agua y etanol, f\u00e1cil delicuescencia en aire h\u00famedo<\/p>\n<p>Aplicaci\u00f3n:<\/p>\n<p>Campo industrial: se puede utilizar en la fabricaci\u00f3n de materiales de ferroaleaci\u00f3n de gadolinio, que tiene aplicaciones en materiales magn\u00e9ticos permanentes, materiales magnetostrictivos, etc. Tambi\u00e9n es una fuente importante de compuestos de gadolinio, intermedios para la posterior s\u00edntesis de otros compuestos de gadolinio.<\/p>\n<p>Reactivos qu\u00edmicos: Como reactivo qu\u00edmico de uso com\u00fan en el laboratorio, se utiliza para an\u00e1lisis qu\u00edmicos relacionados, investigaci\u00f3n experimental, etc.<\/p>\n<p>M\u00e9dico: Ciertos compuestos que contienen gadolinum se pueden usar como agentes de contraste en im\u00e1genes de resonancia magn\u00e9tica (IRM) para ayudar a mejorar la claridad y precisi\u00f3n de las im\u00e1genes.<\/p>\n","protected":false},"excerpt":{"rendered":"<p>Las part\u00edculas de cloruro de gadolinio son blancas, solubles en agua y alcohol, y delebles en aire h\u00famedo. Se pueden utilizar en la fabricaci\u00f3n de materiales de ferroaleaciones de gadolinio, intermedios de compuestos de gadolinio y reactivos qu\u00edmicos. Su f\u00f3rmula qu\u00edmica es GdCl3 o GdCl3 6H2O.<\/p>\n","protected":false},"featured_media":1037659,"comment_status":"open","ping_status":"closed","template":"","meta":{"_acf_changed":false},"product_brand":[],"product_cat":[179],"product_tag":[],"class_list":{"0":"post-1028147","1":"product","2":"type-product","3":"status-publish","4":"has-post-thumbnail","6":"product_cat-materiales-de-evaporacion","8":"first","9":"instock","10":"shipping-taxable","11":"purchasable","12":"product-type-variable"},"acf":[],"_links":{"self":[{"href":"https:\/\/vimaterial.de\/es\/wp-json\/wp\/v2\/product\/1028147","targetHints":{"allow":["GET"]}}],"collection":[{"href":"https:\/\/vimaterial.de\/es\/wp-json\/wp\/v2\/product"}],"about":[{"href":"https:\/\/vimaterial.de\/es\/wp-json\/wp\/v2\/types\/product"}],"replies":[{"embeddable":true,"href":"https:\/\/vimaterial.de\/es\/wp-json\/wp\/v2\/comments?post=1028147"}],"wp:featuredmedia":[{"embeddable":true,"href":"https:\/\/vimaterial.de\/es\/wp-json\/wp\/v2\/media\/1037659"}],"wp:attachment":[{"href":"https:\/\/vimaterial.de\/es\/wp-json\/wp\/v2\/media?parent=1028147"}],"wp:term":[{"taxonomy":"product_brand","embeddable":true,"href":"https:\/\/vimaterial.de\/es\/wp-json\/wp\/v2\/product_brand?post=1028147"},{"taxonomy":"product_cat","embeddable":true,"href":"https:\/\/vimaterial.de\/es\/wp-json\/wp\/v2\/product_cat?post=1028147"},{"taxonomy":"product_tag","embeddable":true,"href":"https:\/\/vimaterial.de\/es\/wp-json\/wp\/v2\/product_tag?post=1028147"}],"curies":[{"name":"wp","href":"https:\/\/api.w.org\/{rel}","templated":true}]}}