{"id":1028098,"date":"2024-06-17T16:12:03","date_gmt":"2024-06-17T08:12:03","guid":{"rendered":"https:\/\/vimaterial.de\/product\/escandato-de-gadolinio-3\/"},"modified":"2024-10-23T14:14:05","modified_gmt":"2024-10-23T06:14:05","slug":"escandato-de-gadolinio-3","status":"publish","type":"product","link":"https:\/\/vimaterial.de\/es\/product\/escandato-de-gadolinio-3\/","title":{"rendered":"Scandate de gadolinio"},"content":{"rendered":"<p>Las part\u00edculas de\u00a0 Scandate de gadolinio son un material con propiedades \u00fanicas y aplicaciones potenciales.<\/p>\n<h3>Informaci\u00f3n b\u00e1sica:<\/h3>\n<p>Composici\u00f3n qu\u00edmica: compuesto por tres elementos: gadolinio (Gd), escandio (Sc) y ox\u00edgeno (O).<\/p>\n<p>Estructura cristalina: Pertenece al sistema cristalino ortorr\u00f3mbico con el grupo espacial Pnma (62).<\/p>\n<p>Densidad: Relativamente alta, lo que le da buena estabilidad y peso en algunas aplicaciones.<\/p>\n<p>Dureza: Tiene un cierto grado de dureza, lo que le permite resistir hasta cierto punto las fuerzas externas.<\/p>\n<h3>Propiedades qu\u00edmicas:<\/h3>\n<p>Estabilidad qu\u00edmica: El escandado de gadolinio tiene una buena estabilidad qu\u00edmica a temperatura y presi\u00f3n ambiente, pero en un entorno qu\u00edmico espec\u00edfico, como \u00e1cidos fuertes y \u00e1lcalis, puede ocurrir alg\u00fan grado de reacci\u00f3n qu\u00edmica.<\/p>\n<p>Reactividad: debido a su estructura cristalina especial y estructura electr\u00f3nica, puede mostrar cierta actividad en algunas reacciones qu\u00edmicas, por ejemplo, al reaccionar con ciertos \u00f3xidos met\u00e1licos u otros compuestos, puede sufrir intercambio i\u00f3nico, redox y otras reacciones.<\/p>\n<h3>\u00c1reas de aplicaci\u00f3n:<\/h3>\n<p>Materiales l\u00e1ser: Scandate de gadolinio dopado con ciertos iones de tierras raras, el scandato de gadolinio se puede utilizar como material de matriz para cristales l\u00e1ser y se utiliza en la preparaci\u00f3n de l\u00e1seres.<\/p>\n<p>Dispositivos \u00f3pticos: Gracias a sus propiedades birrefringentes, se utiliza para preparar dispositivos \u00f3pticos, como polarizadores \u00f3pticos y placas de onda, que tienen potencial de aplicaci\u00f3n en los campos de la comunicaci\u00f3n \u00f3ptica y la detecci\u00f3n \u00f3ptica.<\/p>\n<p>Catalizador: Puede tener actividad catal\u00edtica en ciertas reacciones qu\u00edmicas, por ejemplo, en oxidaci\u00f3n catal\u00edtica, hidrogenaci\u00f3n catal\u00edtica y otras reacciones, se puede utilizar como catalizador o portador de catalizador para mejorar la eficiencia y selectividad de la reacci\u00f3n.<\/p>\n<p>Sensores: Debido a su sensibilidad a los cambios en las cantidades f\u00edsicas, como la temperatura y la presi\u00f3n, Gadolinio Scandate se puede utilizar para preparar sensores de temperatura, sensores de presi\u00f3n, etc.<\/p>\n","protected":false},"excerpt":{"rendered":"<p>Las part\u00edculas Scandate de gadolinio son un material con propiedades \u00fanicas y aplicaciones potenciales.<\/p>\n<p>Materiales l\u00e1ser: Scandate de gadolinio dopado con ciertos iones de tierras raras, se puede utilizar como material de matriz para cristales l\u00e1ser y se utiliza en la preparaci\u00f3n de l\u00e1seres.<\/p>\n<p>Dispositivos \u00f3pticos: Gracias a sus propiedades birrefringentes, se utiliza para preparar dispositivos \u00f3pticos, como polarizadores \u00f3pticos y placas de onda, que tienen potencial de aplicaci\u00f3n en los campos de la comunicaci\u00f3n \u00f3ptica y la detecci\u00f3n \u00f3ptica.<\/p>\n","protected":false},"featured_media":1038748,"comment_status":"open","ping_status":"closed","template":"","meta":{"_acf_changed":false},"product_brand":[],"product_cat":[179],"product_tag":[],"class_list":{"0":"post-1028098","1":"product","2":"type-product","3":"status-publish","4":"has-post-thumbnail","6":"product_cat-materiales-de-evaporacion","8":"first","9":"instock","10":"shipping-taxable","11":"product-type-variable"},"acf":[],"_links":{"self":[{"href":"https:\/\/vimaterial.de\/es\/wp-json\/wp\/v2\/product\/1028098","targetHints":{"allow":["GET"]}}],"collection":[{"href":"https:\/\/vimaterial.de\/es\/wp-json\/wp\/v2\/product"}],"about":[{"href":"https:\/\/vimaterial.de\/es\/wp-json\/wp\/v2\/types\/product"}],"replies":[{"embeddable":true,"href":"https:\/\/vimaterial.de\/es\/wp-json\/wp\/v2\/comments?post=1028098"}],"wp:featuredmedia":[{"embeddable":true,"href":"https:\/\/vimaterial.de\/es\/wp-json\/wp\/v2\/media\/1038748"}],"wp:attachment":[{"href":"https:\/\/vimaterial.de\/es\/wp-json\/wp\/v2\/media?parent=1028098"}],"wp:term":[{"taxonomy":"product_brand","embeddable":true,"href":"https:\/\/vimaterial.de\/es\/wp-json\/wp\/v2\/product_brand?post=1028098"},{"taxonomy":"product_cat","embeddable":true,"href":"https:\/\/vimaterial.de\/es\/wp-json\/wp\/v2\/product_cat?post=1028098"},{"taxonomy":"product_tag","embeddable":true,"href":"https:\/\/vimaterial.de\/es\/wp-json\/wp\/v2\/product_tag?post=1028098"}],"curies":[{"name":"wp","href":"https:\/\/api.w.org\/{rel}","templated":true}]}}