{"id":1028091,"date":"2024-06-17T16:12:03","date_gmt":"2024-06-17T08:12:03","guid":{"rendered":"https:\/\/vimaterial.de\/product\/fluoruro-de-gadolinio-dfm\/"},"modified":"2024-10-23T13:45:02","modified_gmt":"2024-10-23T05:45:02","slug":"fluoruro-de-gadolinio-dfm","status":"publish","type":"product","link":"https:\/\/vimaterial.de\/es\/product\/fluoruro-de-gadolinio-dfm\/","title":{"rendered":"Fluoruro de gadolinio (DFM)"},"content":{"rendered":"<p>El objetivo de fluoruro de gadolinio es un importante objetivo de pulverizaci\u00f3n cat\u00f3dica con m\u00faltiples propiedades y aplicaciones.<\/p>\n<h3>Informaci\u00f3n b\u00e1sica:<\/h3>\n<p>Composici\u00f3n: el componente principal es el GdF\u2083, que est\u00e1 formado por los elementos gadolinio y fl\u00faor.<\/p>\n<p>Apariencia: Por lo general, copos s\u00f3lidos, redondos u otras formas personalizadas.<\/p>\n<p>Densidad: relativamente alta, lo que le da a los objetivos de fluoruro de gadolinio una buena estabilidad durante la pulverizaci\u00f3n cat\u00f3dica.<\/p>\n<p>Punto de fusi\u00f3n: 1231\u00b0C.<\/p>\n<p>Dureza: Tiene un cierto grado de dureza para resistir el bombardeo y la abrasi\u00f3n de los iones durante el proceso de pulverizaci\u00f3n cat\u00f3dica.<\/p>\n<h3>Campo de aplicaci\u00f3n:<\/h3>\n<p>Campo \u00f3ptico: se puede utilizar para preparar pel\u00edculas \u00f3pticas, como el recubrimiento de pel\u00edculas GdF \u2083 en lentes \u00f3pticas, filtros, dispositivos l\u00e1ser y otros componentes \u00f3pticos, que pueden mejorar el rendimiento de los componentes \u00f3pticos, como aumentar el \u00edndice de refracci\u00f3n y mejorar la transmitancia \u00f3ptica.<\/p>\n<p>Campo electr\u00f3nico: en la fabricaci\u00f3n de dispositivos electr\u00f3nicos, el objetivo GdF \u2083 se puede utilizar para la preparaci\u00f3n de pel\u00edculas electr\u00f3nicas, como dispositivos semiconductores, circuitos integrados y otros componentes electr\u00f3nicos recubiertos con una pel\u00edcula de fluoruro de gadolinio, puede mejorar el rendimiento de los componentes electr\u00f3nicos, como mejorar la conductividad el\u00e9ctrica, propiedades magn\u00e9ticas mejoradas.<\/p>\n<p>Investigaci\u00f3n en ciencia de materiales: Debido a que el fluoruro de gadolinio tiene propiedades f\u00edsicas y qu\u00edmicas \u00fanicas, los objetivos de fluoruro de gadolinio tambi\u00e9n tienen aplicaciones importantes en la investigaci\u00f3n de ciencia de materiales.<\/p>\n","protected":false},"excerpt":{"rendered":"<p>El objetivo de fluoruro de gadolinio es un importante objetivo de pulverizaci\u00f3n cat\u00f3dica con m\u00faltiples propiedades y aplicaciones.<\/p>\n<p>Campo \u00f3ptico: se puede utilizar para preparar pel\u00edculas \u00f3pticas, como el recubrimiento de pel\u00edculas GdF \u2083 en lentes \u00f3pticas, filtros, dispositivos l\u00e1ser y otros componentes \u00f3pticos, que pueden mejorar el rendimiento de los componentes \u00f3pticos, como aumentar el \u00edndice de refracci\u00f3n y mejorar la transmitancia \u00f3ptica.<\/p>\n<p>Campo electr\u00f3nico: en la fabricaci\u00f3n de dispositivos electr\u00f3nicos, el objetivo GdF \u2083 se puede utilizar para la preparaci\u00f3n de pel\u00edculas electr\u00f3nicas, como dispositivos semiconductores, circuitos integrados y otros componentes electr\u00f3nicos recubiertos con pel\u00edcula GdF \u2083, puede mejorar el rendimiento de los componentes electr\u00f3nicos, como mejorar la conductividad el\u00e9ctrica, propiedades magn\u00e9ticas mejoradas.<\/p>\n","protected":false},"featured_media":1038741,"comment_status":"open","ping_status":"closed","template":"","meta":{"_acf_changed":false},"product_brand":[],"product_cat":[178],"product_tag":[],"class_list":{"0":"post-1028091","1":"product","2":"type-product","3":"status-publish","4":"has-post-thumbnail","6":"product_cat-catodos-para-sputtering-planar","8":"first","9":"instock","10":"shipping-taxable","11":"product-type-variable"},"acf":[],"_links":{"self":[{"href":"https:\/\/vimaterial.de\/es\/wp-json\/wp\/v2\/product\/1028091","targetHints":{"allow":["GET"]}}],"collection":[{"href":"https:\/\/vimaterial.de\/es\/wp-json\/wp\/v2\/product"}],"about":[{"href":"https:\/\/vimaterial.de\/es\/wp-json\/wp\/v2\/types\/product"}],"replies":[{"embeddable":true,"href":"https:\/\/vimaterial.de\/es\/wp-json\/wp\/v2\/comments?post=1028091"}],"wp:featuredmedia":[{"embeddable":true,"href":"https:\/\/vimaterial.de\/es\/wp-json\/wp\/v2\/media\/1038741"}],"wp:attachment":[{"href":"https:\/\/vimaterial.de\/es\/wp-json\/wp\/v2\/media?parent=1028091"}],"wp:term":[{"taxonomy":"product_brand","embeddable":true,"href":"https:\/\/vimaterial.de\/es\/wp-json\/wp\/v2\/product_brand?post=1028091"},{"taxonomy":"product_cat","embeddable":true,"href":"https:\/\/vimaterial.de\/es\/wp-json\/wp\/v2\/product_cat?post=1028091"},{"taxonomy":"product_tag","embeddable":true,"href":"https:\/\/vimaterial.de\/es\/wp-json\/wp\/v2\/product_tag?post=1028091"}],"curies":[{"name":"wp","href":"https:\/\/api.w.org\/{rel}","templated":true}]}}