{"id":1028008,"date":"2024-06-17T16:12:04","date_gmt":"2024-06-17T08:12:04","guid":{"rendered":"https:\/\/vimaterial.de\/product\/terbio-metalico-4\/"},"modified":"2024-10-23T11:01:58","modified_gmt":"2024-10-23T03:01:58","slug":"terbio-metalico-4","status":"publish","type":"product","link":"https:\/\/vimaterial.de\/es\/product\/terbio-metalico-4\/","title":{"rendered":"Metal terbio"},"content":{"rendered":"<p>Las part\u00edculas de metal terbio son un importante material met\u00e1lico de tierras raras.<\/p>\n<h3>Informaci\u00f3n b\u00e1sica:<\/h3>\n<p>N\u00famero at\u00f3mico: 65.<\/p>\n<p>Peso at\u00f3mico: 158,9254.<\/p>\n<p>Caracter\u00edsticas de apariencia: Las part\u00edculas met\u00e1licas de terbio puro tienen un brillo met\u00e1lico gris plateado en condiciones normales.<\/p>\n<p>Densidad: 8.272g\/cm\u00b3.<\/p>\n<h3>Usos:<\/h3>\n<p>Campo de materiales magn\u00e9ticos: el metal terbio es ampliamente utilizado en materiales magn\u00e9ticos. Por ejemplo, al agregar part\u00edculas de terbio a los materiales magn\u00e9ticos permanentes, la coercitividad y las propiedades magn\u00e9ticas de los materiales se pueden mejorar y utilizar para fabricar imanes permanentes de alto rendimiento, como en motores el\u00e9ctricos, generadores, equipos de im\u00e1genes de resonancia magn\u00e9tica, etc.<\/p>\n<p>Materiales \u00f3pticos: Los compuestos de terbio tienen propiedades \u00f3pticas \u00fanicas y se pueden utilizar en la fabricaci\u00f3n de vidrio \u00f3ptico y f\u00f3sforos. En los f\u00f3sforos, el terbio desempe\u00f1a el papel de excitador y puede emitir luz verde con un color de luz bueno y puro, que se puede utilizar en la visualizaci\u00f3n en color, la iluminaci\u00f3n y otros campos.<\/p>\n<p>Industria de la energ\u00eda at\u00f3mica: El terbio se puede utilizar como material de control y material estructural en la industria de la energ\u00eda at\u00f3mica. El terbio se puede utilizar en reactores nucleares y otros entornos hostiles debido a su alta resistencia a la radiaci\u00f3n y su estabilidad a altas temperaturas.<\/p>\n","protected":false},"excerpt":{"rendered":"<p>Las part\u00edculas met\u00e1licas de metal terbio son un importante material met\u00e1lico de tierras raras.<\/p>\n<p>Campo de materiales magn\u00e9ticos: el metal terbio met\u00e1lico es ampliamente utilizado en materiales magn\u00e9ticos. Por ejemplo, al agregar part\u00edculas de terbio a los materiales magn\u00e9ticos permanentes, la coercitividad y las propiedades magn\u00e9ticas de los materiales se pueden mejorar y utilizar para fabricar imanes permanentes de alto rendimiento, como en motores el\u00e9ctricos, generadores, equipos de im\u00e1genes de resonancia magn\u00e9tica, etc.<\/p>\n<p>Materiales \u00f3pticos: Los compuestos de terbio tienen propiedades \u00f3pticas \u00fanicas y se pueden utilizar en la fabricaci\u00f3n de vidrio \u00f3ptico y f\u00f3sforos. En los f\u00f3sforos, el terbio desempe\u00f1a el papel de excitador y puede emitir luz verde con un color de luz bueno y puro, que se puede utilizar en la visualizaci\u00f3n en color, la iluminaci\u00f3n y otros campos.<\/p>\n<p>&nbsp;<\/p>\n","protected":false},"featured_media":1038697,"comment_status":"open","ping_status":"closed","template":"","meta":{"_acf_changed":false},"product_brand":[],"product_cat":[179],"product_tag":[],"class_list":{"0":"post-1028008","1":"product","2":"type-product","3":"status-publish","4":"has-post-thumbnail","6":"product_cat-materiales-de-evaporacion","8":"first","9":"instock","10":"shipping-taxable","11":"product-type-variable"},"acf":[],"_links":{"self":[{"href":"https:\/\/vimaterial.de\/es\/wp-json\/wp\/v2\/product\/1028008","targetHints":{"allow":["GET"]}}],"collection":[{"href":"https:\/\/vimaterial.de\/es\/wp-json\/wp\/v2\/product"}],"about":[{"href":"https:\/\/vimaterial.de\/es\/wp-json\/wp\/v2\/types\/product"}],"replies":[{"embeddable":true,"href":"https:\/\/vimaterial.de\/es\/wp-json\/wp\/v2\/comments?post=1028008"}],"wp:featuredmedia":[{"embeddable":true,"href":"https:\/\/vimaterial.de\/es\/wp-json\/wp\/v2\/media\/1038697"}],"wp:attachment":[{"href":"https:\/\/vimaterial.de\/es\/wp-json\/wp\/v2\/media?parent=1028008"}],"wp:term":[{"taxonomy":"product_brand","embeddable":true,"href":"https:\/\/vimaterial.de\/es\/wp-json\/wp\/v2\/product_brand?post=1028008"},{"taxonomy":"product_cat","embeddable":true,"href":"https:\/\/vimaterial.de\/es\/wp-json\/wp\/v2\/product_cat?post=1028008"},{"taxonomy":"product_tag","embeddable":true,"href":"https:\/\/vimaterial.de\/es\/wp-json\/wp\/v2\/product_tag?post=1028008"}],"curies":[{"name":"wp","href":"https:\/\/api.w.org\/{rel}","templated":true}]}}