{"id":1027998,"date":"2024-06-17T16:12:04","date_gmt":"2024-06-17T08:12:04","guid":{"rendered":"https:\/\/vimaterial.de\/product\/terbio-metalico-3\/"},"modified":"2024-10-23T11:37:31","modified_gmt":"2024-10-23T03:37:31","slug":"terbio-metalico-3","status":"publish","type":"product","link":"https:\/\/vimaterial.de\/es\/product\/terbio-metalico-3\/","title":{"rendered":"Metal terbio"},"content":{"rendered":"<h3>Informaci\u00f3n b\u00e1sica<\/h3>\n<p>Composici\u00f3n y estructura:Metal terbio se compone principalmente del elemento terbio (Tb) y es un material en el que el terbio se procesa en una l\u00e1mina delgada. Metal terbio es un metal de tierras raras lant\u00e1nidos con un n\u00famero at\u00f3mico de 65, y sus l\u00e1minas suelen tener una estructura cristalina met\u00e1lica.<\/p>\n<p>Aspecto: Generalmente tiene un brillo met\u00e1lico de color gris plateado. Su superficie es relativamente lisa y plana, y el grosor de la l\u00e1mina suele ser muy fino, lo que la hace muy flexible y permite doblarla hasta cierto punto sin romperse.<\/p>\n<h3>Aplicaciones<\/h3>\n<p>Electr\u00f3nica: Metal terbio se utilizan como materiales de electrodos o materiales de blindaje electromagn\u00e9tico en la fabricaci\u00f3n de componentes electr\u00f3nicos.<\/p>\n<p>Aplicaciones \u00f3pticas: Las l\u00e1minas de terbio se pueden utilizar como sustratos para espejos \u00f3pticos o filtros \u00f3pticos. Debido a su brillo met\u00e1lico y ciertas propiedades reflectantes \u00f3pticas, la l\u00e1mina de terbio puede mejorar la eficiencia reflectiva de los sistemas \u00f3pticos o cambiar las caracter\u00edsticas de propagaci\u00f3n de la luz.<\/p>\n<p>Materiales auxiliares para materiales magn\u00e9ticos: La l\u00e1mina de terbio se puede utilizar como aditivo o material aislante en la preparaci\u00f3n de materiales magn\u00e9ticos. Por ejemplo, las l\u00e1minas de terbio se pueden utilizar para separar diferentes capas magn\u00e9ticas en la preparaci\u00f3n de materiales magn\u00e9ticos multicapa, o como material dopante para mejorar las propiedades del material magn\u00e9tico en general.<\/p>\n","protected":false},"excerpt":{"rendered":"<p>Electr\u00f3nica: Metal terbio se utilizan como materiales de electrodos o materiales de blindaje electromagn\u00e9tico en la fabricaci\u00f3n de componentes electr\u00f3nicos.<\/p>\n<p>Aplicaciones \u00f3pticas: Las l\u00e1minas Metal terbio se pueden utilizar como sustratos para espejos \u00f3pticos o filtros \u00f3pticos. Debido a su brillo met\u00e1lico y ciertas propiedades reflectantes \u00f3pticas, la l\u00e1mina de terbio puede mejorar la eficiencia reflectiva de los sistemas \u00f3pticos o cambiar las caracter\u00edsticas de propagaci\u00f3n de la luz.<\/p>\n","protected":false},"featured_media":1038719,"comment_status":"open","ping_status":"closed","template":"","meta":{"_acf_changed":false},"product_brand":[],"product_cat":[188],"product_tag":[],"class_list":{"0":"post-1027998","1":"product","2":"type-product","3":"status-publish","4":"has-post-thumbnail","6":"product_cat-perfil","8":"first","9":"instock","10":"shipping-taxable","11":"purchasable","12":"product-type-variable"},"acf":[],"_links":{"self":[{"href":"https:\/\/vimaterial.de\/es\/wp-json\/wp\/v2\/product\/1027998","targetHints":{"allow":["GET"]}}],"collection":[{"href":"https:\/\/vimaterial.de\/es\/wp-json\/wp\/v2\/product"}],"about":[{"href":"https:\/\/vimaterial.de\/es\/wp-json\/wp\/v2\/types\/product"}],"replies":[{"embeddable":true,"href":"https:\/\/vimaterial.de\/es\/wp-json\/wp\/v2\/comments?post=1027998"}],"wp:featuredmedia":[{"embeddable":true,"href":"https:\/\/vimaterial.de\/es\/wp-json\/wp\/v2\/media\/1038719"}],"wp:attachment":[{"href":"https:\/\/vimaterial.de\/es\/wp-json\/wp\/v2\/media?parent=1027998"}],"wp:term":[{"taxonomy":"product_brand","embeddable":true,"href":"https:\/\/vimaterial.de\/es\/wp-json\/wp\/v2\/product_brand?post=1027998"},{"taxonomy":"product_cat","embeddable":true,"href":"https:\/\/vimaterial.de\/es\/wp-json\/wp\/v2\/product_cat?post=1027998"},{"taxonomy":"product_tag","embeddable":true,"href":"https:\/\/vimaterial.de\/es\/wp-json\/wp\/v2\/product_tag?post=1027998"}],"curies":[{"name":"wp","href":"https:\/\/api.w.org\/{rel}","templated":true}]}}