{"id":1027989,"date":"2024-06-17T16:12:04","date_gmt":"2024-06-17T08:12:04","guid":{"rendered":"https:\/\/vimaterial.de\/product\/terbio-metalico-2\/"},"modified":"2024-10-23T11:18:00","modified_gmt":"2024-10-23T03:18:00","slug":"terbio-metalico-2","status":"publish","type":"product","link":"https:\/\/vimaterial.de\/es\/product\/terbio-metalico-2\/","title":{"rendered":"Metal terbio"},"content":{"rendered":"<p>Metal terbio\u00a0es un importante polvo de material met\u00e1lico de tierras raras.<\/p>\n<h3>Propiedades b\u00e1sicas:<\/h3>\n<p>N\u00famero at\u00f3mico: 65.<\/p>\n<p>Peso at\u00f3mico: 158,9254.<\/p>\n<p>Apariencia Caracter\u00edsticas: suele aparecer como un polvo gris plateado o blanco.<\/p>\n<p>Densidad: 8.234g\/mL (a 25\u00b0C).<\/p>\n<p>Punto de fusi\u00f3n: 1356\u00b0C.<\/p>\n<p>Punto de ebullici\u00f3n: 3230\u00b0C.<\/p>\n<h4>Propiedades qu\u00edmicas:<\/h4>\n<p>Actividad: el polvo de terbio es qu\u00edmicamente m\u00e1s activo y es f\u00e1cil tener una reacci\u00f3n de oxidaci\u00f3n lenta con el ox\u00edgeno en el aire. Al mismo tiempo, puede reaccionar con agua fr\u00eda y debe evitar el contacto con \u00f3xidos, \u00e1cidos y humedad h\u00fameda para evitar reacciones qu\u00edmicas.<\/p>\n<p>Reactividad: Puede reaccionar con algunos \u00e1cidos para producir la sal de terbio y el gas hidr\u00f3geno correspondientes. Por ejemplo, el cloruro de terbio y el gas hidr\u00f3geno se pueden generar reaccionando con \u00e1cido clorh\u00eddrico.<\/p>\n<h3>Usos:<\/h3>\n<p>En el campo de los materiales magn\u00e9ticos: en los materiales magn\u00e9ticos permanentes, Metal terbio puede mejorar la coercitividad y las propiedades magn\u00e9ticas del material, que se utiliza para fabricar imanes permanentes de alto rendimiento, como en motores el\u00e9ctricos, generadores, equipos de im\u00e1genes por resonancia magn\u00e9tica, etc. Ampliamente utilizado.<\/p>\n<p>Materiales \u00f3pticos: Los compuestos met\u00e1licos de terbio tienen propiedades \u00f3pticas \u00fanicas, y el polvo de terbio se puede utilizar en la fabricaci\u00f3n de vidrio \u00f3ptico y f\u00f3sforos. Por ejemplo, el \u00f3xido de terbio se puede utilizar como activador de f\u00f3sforos verdes en tubos de imagen de TV en color.<\/p>\n<p>Industria de la energ\u00eda at\u00f3mica: El terbio se puede utilizar como material de control y material estructural, y puede funcionar en entornos hostiles como los reactores nucleares debido a su buena resistencia a la radiaci\u00f3n y estabilidad a altas temperaturas.<\/p>\n","protected":false},"excerpt":{"rendered":"<p>Metal terbio\u00a0es un importante polvo de material met\u00e1lico de tierras raras.<\/p>\n<p>En el campo de los materiales magn\u00e9ticos: en los materiales magn\u00e9ticos permanentes, Metal terbio puede mejorar la coercitividad y las propiedades magn\u00e9ticas del material, que se utiliza para fabricar imanes permanentes de alto rendimiento, como en motores el\u00e9ctricos, generadores, equipos de im\u00e1genes de resonancia magn\u00e9tica, etc. Ampliamente utilizado.<\/p>\n<p>Materiales \u00f3pticos: Los compuestos met\u00e1licos de terbio tienen propiedades \u00f3pticas \u00fanicas, y el polvo de terbio se puede utilizar en la fabricaci\u00f3n de vidrio \u00f3ptico y f\u00f3sforos. Por ejemplo, el \u00f3xido de terbio se puede utilizar como activador de f\u00f3sforos verdes en tubos de imagen de TV en color.<\/p>\n<p>&nbsp;<\/p>\n","protected":false},"featured_media":1038709,"comment_status":"open","ping_status":"closed","template":"","meta":{"_acf_changed":false},"product_brand":[],"product_cat":[164],"product_tag":[],"class_list":{"0":"post-1027989","1":"product","2":"type-product","3":"status-publish","4":"has-post-thumbnail","6":"product_cat-sin-categoria","8":"first","9":"instock","10":"shipping-taxable","11":"purchasable","12":"product-type-variable"},"acf":[],"_links":{"self":[{"href":"https:\/\/vimaterial.de\/es\/wp-json\/wp\/v2\/product\/1027989","targetHints":{"allow":["GET"]}}],"collection":[{"href":"https:\/\/vimaterial.de\/es\/wp-json\/wp\/v2\/product"}],"about":[{"href":"https:\/\/vimaterial.de\/es\/wp-json\/wp\/v2\/types\/product"}],"replies":[{"embeddable":true,"href":"https:\/\/vimaterial.de\/es\/wp-json\/wp\/v2\/comments?post=1027989"}],"wp:featuredmedia":[{"embeddable":true,"href":"https:\/\/vimaterial.de\/es\/wp-json\/wp\/v2\/media\/1038709"}],"wp:attachment":[{"href":"https:\/\/vimaterial.de\/es\/wp-json\/wp\/v2\/media?parent=1027989"}],"wp:term":[{"taxonomy":"product_brand","embeddable":true,"href":"https:\/\/vimaterial.de\/es\/wp-json\/wp\/v2\/product_brand?post=1027989"},{"taxonomy":"product_cat","embeddable":true,"href":"https:\/\/vimaterial.de\/es\/wp-json\/wp\/v2\/product_cat?post=1027989"},{"taxonomy":"product_tag","embeddable":true,"href":"https:\/\/vimaterial.de\/es\/wp-json\/wp\/v2\/product_tag?post=1027989"}],"curies":[{"name":"wp","href":"https:\/\/api.w.org\/{rel}","templated":true}]}}