{"id":1027975,"date":"2024-06-17T16:12:05","date_gmt":"2024-06-17T08:12:05","guid":{"rendered":"https:\/\/vimaterial.de\/product\/acetato-de-terbio-hidrato\/"},"modified":"2024-10-23T09:17:10","modified_gmt":"2024-10-23T01:17:10","slug":"acetato-de-terbio-hidrato","status":"publish","type":"product","link":"https:\/\/vimaterial.de\/es\/product\/acetato-de-terbio-hidrato\/","title":{"rendered":"Hidrato de acetato de terbio"},"content":{"rendered":"<h3>Informaci\u00f3n b\u00e1sica:<\/h3>\n<p>F\u00f3rmula qu\u00edmica: Tb (CH\u2083COO)\u2083\u30fbxH\u2082O, donde &#8216;x&#8217; representa la cantidad de agua de cristalizaci\u00f3n, y el valor exacto variar\u00e1 seg\u00fan las condiciones de preparaci\u00f3n y otros factores.<\/p>\n<p>Masa molar: alrededor de 354,07 g\/mol (cuando x = 0, solo se considera la masa molecular relativa de la porci\u00f3n de terbio del \u00e1cido ac\u00e9tico).<\/p>\n<p>Densidad: 3,56 g\/cm\u00b3.<\/p>\n<p>Aspecto: generalmente polvo blanco, cristal o s\u00f3lido granular.<\/p>\n<p>Solubilidad: soluble en agua, puede formar una soluci\u00f3n transparente en agua; Tambi\u00e9n moderadamente soluble en \u00e1cidos minerales fuertes.<\/p>\n<h3>Propiedades qu\u00edmicas:<\/h3>\n<p>En condiciones de calentamiento, el agua de cristalizaci\u00f3n se pierde gradualmente y se produce una reacci\u00f3n de deshidrataci\u00f3n. Con un mayor aumento de la temperatura, el acetato se descompondr\u00e1 para producir los productos correspondientes, como los \u00f3xidos.<\/p>\n<p>Puede reaccionar qu\u00edmicamente con otros compuestos, por ejemplo, con \u00e1lcali para formar precipitado de hidr\u00f3xido de terbio.<\/p>\n<h3>Usos:<\/h3>\n<p>Activador del f\u00f3sforo verde: Hidrato de acetato de terbio En equipos de visualizaci\u00f3n como los tubos de imagen de TV en color, como activador del f\u00f3sforo verde, Hidrato de acetato de terbio puede mejorar el rendimiento de luminiscencia del f\u00f3sforo y hacer que la visualizaci\u00f3n de la imagen sea m\u00e1s clara y v\u00edvida.<\/p>\n<p>Materiales especiales para l\u00e1seres: Acetato de Terbio Hidrato utilizado en la fabricaci\u00f3n de l\u00e1seres especiales, con importantes aplicaciones en el campo de la tecnolog\u00eda l\u00e1ser.<\/p>\n<p>Material magnetostrictivo: Hidrato de acetato de terbio es uno de los componentes del material magnetostrictivo Terfenol-D, que tiene un gran efecto magnetoestrictivo y tiene una amplia gama de aplicaciones en los campos de sensores y transductores.<\/p>\n","protected":false},"excerpt":{"rendered":"<p>Acetato de terbio Compuestos hidratados que contienen agua de cristalizaci\u00f3n, generalmente cristales blancos, polvo o s\u00f3lido granular, densidad 3,56 g\/cm\u00b3, soluble en agua, moderadamente soluble en \u00e1cidos minerales fuertes. Hidrato de acetato de terbio Tiene aplicaciones en catalizadores de petr\u00f3leo y protecci\u00f3n del medio ambiente, aleaciones de tierras raras, polvos de pulido, fertilizantes de tierras raras, etc.; es un activador de f\u00f3sforos verdes en tubos de imagen de TV en color, un material para l\u00e1seres especiales, un aditivo en la producci\u00f3n de aleaciones y dispositivos electr\u00f3nicos, y un constituyente del material magnetostrictivo Terfenol &#8211; D. Se ha utilizado en la producci\u00f3n de una amplia gama de productos y se utiliza como aditivo en la producci\u00f3n de dispositivos electr\u00f3nicos.<\/p>\n","protected":false},"featured_media":1038574,"comment_status":"open","ping_status":"closed","template":"","meta":{"_acf_changed":false},"product_brand":[],"product_cat":[184],"product_tag":[],"class_list":{"0":"post-1027975","1":"product","2":"type-product","3":"status-publish","4":"has-post-thumbnail","6":"product_cat-materiales-de-tierras-raras","8":"first","9":"instock","10":"shipping-taxable","11":"purchasable","12":"product-type-variable"},"acf":[],"_links":{"self":[{"href":"https:\/\/vimaterial.de\/es\/wp-json\/wp\/v2\/product\/1027975","targetHints":{"allow":["GET"]}}],"collection":[{"href":"https:\/\/vimaterial.de\/es\/wp-json\/wp\/v2\/product"}],"about":[{"href":"https:\/\/vimaterial.de\/es\/wp-json\/wp\/v2\/types\/product"}],"replies":[{"embeddable":true,"href":"https:\/\/vimaterial.de\/es\/wp-json\/wp\/v2\/comments?post=1027975"}],"wp:featuredmedia":[{"embeddable":true,"href":"https:\/\/vimaterial.de\/es\/wp-json\/wp\/v2\/media\/1038574"}],"wp:attachment":[{"href":"https:\/\/vimaterial.de\/es\/wp-json\/wp\/v2\/media?parent=1027975"}],"wp:term":[{"taxonomy":"product_brand","embeddable":true,"href":"https:\/\/vimaterial.de\/es\/wp-json\/wp\/v2\/product_brand?post=1027975"},{"taxonomy":"product_cat","embeddable":true,"href":"https:\/\/vimaterial.de\/es\/wp-json\/wp\/v2\/product_cat?post=1027975"},{"taxonomy":"product_tag","embeddable":true,"href":"https:\/\/vimaterial.de\/es\/wp-json\/wp\/v2\/product_tag?post=1027975"}],"curies":[{"name":"wp","href":"https:\/\/api.w.org\/{rel}","templated":true}]}}