{"id":1027967,"date":"2024-06-17T16:12:04","date_gmt":"2024-06-17T08:12:04","guid":{"rendered":"https:\/\/vimaterial.de\/product\/terbio-metalico\/"},"modified":"2024-10-23T13:27:52","modified_gmt":"2024-10-23T05:27:52","slug":"terbio-metalico","status":"publish","type":"product","link":"https:\/\/vimaterial.de\/es\/product\/terbio-metalico\/","title":{"rendered":"Metal terbio"},"content":{"rendered":"<p>Los objetivos Metal terbio son un material importante.<\/p>\n<h3>Informaci\u00f3n b\u00e1sica:<\/h3>\n<p>N\u00famero at\u00f3mico: 65.<\/p>\n<p>Aspecto: suele presentarse como una escama s\u00f3lida de color gris plateado o redondeada y otras formas.<\/p>\n<p>Densidad: 8,27 g\/cm\u00b3.<\/p>\n<p>Punto de fusi\u00f3n: 1356\u00b0C.<\/p>\n<h3>Campo de aplicaci\u00f3n:<\/h3>\n<p>Campo \u00f3ptico: se puede utilizar para preparar pel\u00edculas \u00f3pticas, como el recubrimiento de pel\u00edculas Metal terbio en lentes \u00f3pticas, filtros, dispositivos l\u00e1ser y otros componentes \u00f3pticos, que pueden mejorar el rendimiento de los componentes \u00f3pticos, como aumentar el \u00edndice de refracci\u00f3n y mejorar la transmitancia \u00f3ptica.<\/p>\n<p>Electr\u00f3nica: Los objetivos Metal terbio se pueden utilizar para preparar pel\u00edculas electr\u00f3nicas en la fabricaci\u00f3n de dispositivos electr\u00f3nicos, como en dispositivos semiconductores, circuitos integrados y otros componentes electr\u00f3nicos recubiertos con pel\u00edculas de terbio, que pueden mejorar el rendimiento de los componentes electr\u00f3nicos, como mejorar la conductividad el\u00e9ctrica, mejorar las propiedades magn\u00e9ticas, etc.<\/p>\n<p>En el campo del magnetismo, los objetivos de terbio se pueden utilizar para la preparaci\u00f3n de pel\u00edculas magn\u00e9ticas, como materiales de grabaci\u00f3n magn\u00e9tica, sensores magn\u00e9ticos y otros dispositivos magn\u00e9ticos recubiertos con pel\u00edculas de terbio, que pueden mejorar el rendimiento de los dispositivos magn\u00e9ticos, como aumentar la densidad de almacenamiento magn\u00e9tico, mejorar la sensibilidad magn\u00e9tica, etc.<\/p>\n","protected":false},"excerpt":{"rendered":"<p>Los objetivos Metal terbio son un material importante.<\/p>\n<p>Campo \u00f3ptico: se puede utilizar para preparar pel\u00edculas \u00f3pticas, como el recubrimiento de pel\u00edculas de terbio en lentes \u00f3pticas, filtros, dispositivos l\u00e1ser y otros componentes \u00f3pticos, que pueden mejorar el rendimiento de los componentes \u00f3pticos, como aumentar el \u00edndice de refracci\u00f3n y mejorar la transmitancia \u00f3ptica.<\/p>\n<p>Electr\u00f3nica: Los objetivos met\u00e1licos de terbio se pueden utilizar para preparar pel\u00edculas electr\u00f3nicas en la fabricaci\u00f3n de dispositivos electr\u00f3nicos, como en dispositivos semiconductores, circuitos integrados y otros componentes electr\u00f3nicos recubiertos con pel\u00edculas de terbio, que pueden mejorar el rendimiento de los componentes electr\u00f3nicos, como mejorar la conductividad el\u00e9ctrica, mejorar las propiedades magn\u00e9ticas, etc.<\/p>\n","protected":false},"featured_media":1038730,"comment_status":"open","ping_status":"closed","template":"","meta":{"_acf_changed":false},"product_brand":[],"product_cat":[178],"product_tag":[],"class_list":{"0":"post-1027967","1":"product","2":"type-product","3":"status-publish","4":"has-post-thumbnail","6":"product_cat-catodos-para-sputtering-planar","8":"first","9":"instock","10":"shipping-taxable","11":"product-type-variable"},"acf":[],"_links":{"self":[{"href":"https:\/\/vimaterial.de\/es\/wp-json\/wp\/v2\/product\/1027967","targetHints":{"allow":["GET"]}}],"collection":[{"href":"https:\/\/vimaterial.de\/es\/wp-json\/wp\/v2\/product"}],"about":[{"href":"https:\/\/vimaterial.de\/es\/wp-json\/wp\/v2\/types\/product"}],"replies":[{"embeddable":true,"href":"https:\/\/vimaterial.de\/es\/wp-json\/wp\/v2\/comments?post=1027967"}],"wp:featuredmedia":[{"embeddable":true,"href":"https:\/\/vimaterial.de\/es\/wp-json\/wp\/v2\/media\/1038730"}],"wp:attachment":[{"href":"https:\/\/vimaterial.de\/es\/wp-json\/wp\/v2\/media?parent=1027967"}],"wp:term":[{"taxonomy":"product_brand","embeddable":true,"href":"https:\/\/vimaterial.de\/es\/wp-json\/wp\/v2\/product_brand?post=1027967"},{"taxonomy":"product_cat","embeddable":true,"href":"https:\/\/vimaterial.de\/es\/wp-json\/wp\/v2\/product_cat?post=1027967"},{"taxonomy":"product_tag","embeddable":true,"href":"https:\/\/vimaterial.de\/es\/wp-json\/wp\/v2\/product_tag?post=1027967"}],"curies":[{"name":"wp","href":"https:\/\/api.w.org\/{rel}","templated":true}]}}