{"id":1027928,"date":"2024-06-17T16:12:05","date_gmt":"2024-06-17T08:12:05","guid":{"rendered":"https:\/\/vimaterial.de\/product\/oxido-de-terbio-2\/"},"modified":"2024-10-23T10:02:48","modified_gmt":"2024-10-23T02:02:48","slug":"oxido-de-terbio-2","status":"publish","type":"product","link":"https:\/\/vimaterial.de\/es\/product\/oxido-de-terbio-2\/","title":{"rendered":"\u00d3xido de terbio"},"content":{"rendered":"<p>Las part\u00edculas de \u00f3xido de terbio son un compuesto de terbio importante.<\/p>\n<h3>Informaci\u00f3n b\u00e1sica:<\/h3>\n<p>F\u00f3rmula qu\u00edmica: Tb\u2084O\u2087, compuesto por los elementos terbio (Tb) y ox\u00edgeno (O).<\/p>\n<p>Masa molar: 747,69 g\/mol.<\/p>\n<p>N\u00ba CAS: 12037-01-3. Aspecto: Por lo general, aparece como un s\u00f3lido en polvo de color marr\u00f3n oscuro o negro, pero puede variar ligeramente seg\u00fan el m\u00e9todo de preparaci\u00f3n y el tama\u00f1o de part\u00edcula.<\/p>\n<p>Densidad: aprox. 7,3 g\/cm\u00b3.<\/p>\n<p>Punto de fusi\u00f3n: Alto, alrededor de 2350 \u00b0C.<\/p>\n<h3>Usos:<\/h3>\n<p>Preparaci\u00f3n de otros compuestos de terbio: debido a sus propiedades qu\u00edmicas relativamente estables, es una materia prima importante para la preparaci\u00f3n de otros compuestos de terbio (por ejemplo, terbio met\u00e1lico, terbio fluoruro, nitrato, etc.).<\/p>\n<p>Material fluorescente: \u00d3xido de terbio utilizado como activador del f\u00f3sforo verde para tubos de imagen de TV en color, l\u00e1mparas fluorescentes, etc. Es capaz de emitir luz verde en el estado excitado.<\/p>\n<p>Materiales magneto-\u00f3pticos: \u00d3xido de terbio utilizado en la fabricaci\u00f3n de equipos de grabaci\u00f3n magneto-\u00f3pticos y vidrio magneto-\u00f3ptico, etc. Tienen una amplia gama de aplicaciones en la tecnolog\u00eda l\u00e1ser, por ejemplo, se utilizan en la fabricaci\u00f3n de materiales clave como rotadores, aisladores y circuladores, que son ampliamente utilizados en la tecnolog\u00eda l\u00e1ser.<\/p>\n<p>Dispositivos de estado s\u00f3lido: se utilizan como dopantes en dispositivos de estado s\u00f3lido para mejorar el rendimiento del dispositivo, como en l\u00e1seres de estado s\u00f3lido y otros dispositivos.<\/p>\n","protected":false},"excerpt":{"rendered":"<p>Las part\u00edculas de \u00f3xido de terbio son un compuesto de terbio importante.<\/p>\n<p>Preparaci\u00f3n de otros compuestos de terbio: debido a sus propiedades qu\u00edmicas relativamente estables, es una materia prima importante para la preparaci\u00f3n de otros compuestos de terbio (por ejemplo, terbio met\u00e1lico, terbio fluoruro, nitrato, etc.).<\/p>\n<p>Material fluorescente: \u00f3xido de terbio utilizado como activador del f\u00f3sforo verde para tubos de imagen de TV en color, l\u00e1mparas fluorescentes, etc. Es capaz de emitir luz verde en el estado excitado.<\/p>\n<p>&nbsp;<\/p>\n","protected":false},"featured_media":1038623,"comment_status":"open","ping_status":"closed","template":"","meta":{"_acf_changed":false},"product_brand":[],"product_cat":[179],"product_tag":[],"class_list":{"0":"post-1027928","1":"product","2":"type-product","3":"status-publish","4":"has-post-thumbnail","6":"product_cat-materiales-de-evaporacion","8":"first","9":"instock","10":"shipping-taxable","11":"product-type-variable"},"acf":[],"_links":{"self":[{"href":"https:\/\/vimaterial.de\/es\/wp-json\/wp\/v2\/product\/1027928","targetHints":{"allow":["GET"]}}],"collection":[{"href":"https:\/\/vimaterial.de\/es\/wp-json\/wp\/v2\/product"}],"about":[{"href":"https:\/\/vimaterial.de\/es\/wp-json\/wp\/v2\/types\/product"}],"replies":[{"embeddable":true,"href":"https:\/\/vimaterial.de\/es\/wp-json\/wp\/v2\/comments?post=1027928"}],"wp:featuredmedia":[{"embeddable":true,"href":"https:\/\/vimaterial.de\/es\/wp-json\/wp\/v2\/media\/1038623"}],"wp:attachment":[{"href":"https:\/\/vimaterial.de\/es\/wp-json\/wp\/v2\/media?parent=1027928"}],"wp:term":[{"taxonomy":"product_brand","embeddable":true,"href":"https:\/\/vimaterial.de\/es\/wp-json\/wp\/v2\/product_brand?post=1027928"},{"taxonomy":"product_cat","embeddable":true,"href":"https:\/\/vimaterial.de\/es\/wp-json\/wp\/v2\/product_cat?post=1027928"},{"taxonomy":"product_tag","embeddable":true,"href":"https:\/\/vimaterial.de\/es\/wp-json\/wp\/v2\/product_tag?post=1027928"}],"curies":[{"name":"wp","href":"https:\/\/api.w.org\/{rel}","templated":true}]}}