{"id":1027914,"date":"2024-06-17T16:12:05","date_gmt":"2024-06-17T08:12:05","guid":{"rendered":"https:\/\/vimaterial.de\/product\/oxido-de-terbio\/"},"modified":"2024-10-23T10:38:18","modified_gmt":"2024-10-23T02:38:18","slug":"oxido-de-terbio","status":"publish","type":"product","link":"https:\/\/vimaterial.de\/es\/product\/oxido-de-terbio\/","title":{"rendered":"\u00d3xido de terbio"},"content":{"rendered":"<p>Los objetivos de \u00f3xido de terbio son un material funcional importante.<\/p>\n<h3>Informaci\u00f3n b\u00e1sica:<\/h3>\n<p>Composici\u00f3n qu\u00edmica: compuesto principalmente por elementos terbio (Tb) y ox\u00edgeno (O), la f\u00f3rmula qu\u00edmica es Tb\u2084O\u2087, la masa molecular relativa es 747,69.<\/p>\n<p>N\u00famero CAS: 12037-01-3.<\/p>\n<p>Aspecto: suele aparecer como un s\u00f3lido de color canela.<\/p>\n<p>Densidad: alrededor de 7900 kg \/ m\u00b3, la densidad relativa es grande, lo que hace que tenga una mejor estabilidad y uniformidad en el proceso de pulverizaci\u00f3n cat\u00f3dica.<\/p>\n<p>Punto de fusi\u00f3n: Tb\u2084O\u2087 se descompondr\u00e1 en Tb\u2082O\u2083 a alta temperatura, no hay un punto de fusi\u00f3n fijo definido.<\/p>\n<h3>Caracter\u00edsticas de rendimiento:<\/h3>\n<p>Propiedades el\u00e9ctricas: El terbio tiene cierto grado de conductividad el\u00e9ctrica, una propiedad que lo hace potencialmente \u00fatil en la fabricaci\u00f3n de dispositivos electr\u00f3nicos.<\/p>\n<p>Propiedades magn\u00e9ticas: El terbio en s\u00ed mismo tiene un cierto grado de magnetismo, y los objetivos de Tb\u2084O\u2087 tambi\u00e9n pueden exhibir las propiedades magn\u00e9ticas correspondientes, que se pueden aplicar a la preparaci\u00f3n de materiales magn\u00e9ticos.<\/p>\n<p>Propiedades \u00f3pticas: Tiene importantes aplicaciones en el campo \u00f3ptico, por ejemplo, se puede utilizar en la preparaci\u00f3n de pel\u00edculas \u00f3pticas y desempe\u00f1a un papel en la tecnolog\u00eda l\u00e1ser y el almacenamiento \u00f3ptico.<\/p>\n<h3>Campos de aplicaci\u00f3n:<\/h3>\n<p>Campo de semiconductores: Se puede utilizar en la fabricaci\u00f3n de dispositivos semiconductores, por ejemplo, como material para la deposici\u00f3n de pel\u00edcula delgada en dispositivos CMOS (semiconductores de \u00f3xido met\u00e1lico complementario), lo que ayuda a mejorar el rendimiento de los dispositivos semiconductores.<\/p>\n<p>Campo \u00f3ptico de pel\u00edcula delgada: Las pel\u00edculas delgadas de \u00f3xido de terbio se depositan en el sustrato mediante pulverizaci\u00f3n cat\u00f3dica y otros m\u00e9todos, y se pueden usar para fabricar lentes \u00f3pticas, filtros y otros componentes \u00f3pticos para mejorar sus propiedades \u00f3pticas.<\/p>\n<p>Campo de materiales magneto-\u00f3pticos: se utiliza para preparar materiales de almacenamiento magneto-\u00f3pticos, como discos magn\u00e9ticos, etc., utilizando su efecto magneto-\u00f3ptico para lograr el almacenamiento y la lectura de informaci\u00f3n.<\/p>\n<p>Campo de visualizaci\u00f3n de pantalla plana: en la tecnolog\u00eda de pantalla plana, los objetivos de \u00f3xido de terbio se pueden usar para preparar ciertas capas funcionales en pantallas planas para mejorar el efecto y el rendimiento de la pantalla.<\/p>\n","protected":false},"excerpt":{"rendered":"<p>Los objetivos de \u00f3xido de terbio son un material funcional importante.<\/p>\n<p>Campo de semiconductores: Se puede utilizar en la fabricaci\u00f3n de dispositivos semiconductores, por ejemplo, como material para la deposici\u00f3n de pel\u00edcula delgada en dispositivos CMOS (semiconductores de \u00f3xido met\u00e1lico complementario), lo que ayuda a mejorar el rendimiento de los dispositivos semiconductores.<\/p>\n<p>Campo \u00f3ptico de pel\u00edcula delgada: Las pel\u00edculas delgadas de Tb\u2084O\u2087 se depositan en el sustrato mediante pulverizaci\u00f3n cat\u00f3dica y otros m\u00e9todos, y se pueden usar para fabricar lentes \u00f3pticas, filtros y otros componentes \u00f3pticos para mejorar sus propiedades \u00f3pticas.<\/p>\n","protected":false},"featured_media":1038673,"comment_status":"open","ping_status":"closed","template":"","meta":{"_acf_changed":false},"product_brand":[],"product_cat":[178],"product_tag":[],"class_list":{"0":"post-1027914","1":"product","2":"type-product","3":"status-publish","4":"has-post-thumbnail","6":"product_cat-catodos-para-sputtering-planar","8":"first","9":"instock","10":"shipping-taxable","11":"product-type-variable"},"acf":[],"_links":{"self":[{"href":"https:\/\/vimaterial.de\/es\/wp-json\/wp\/v2\/product\/1027914","targetHints":{"allow":["GET"]}}],"collection":[{"href":"https:\/\/vimaterial.de\/es\/wp-json\/wp\/v2\/product"}],"about":[{"href":"https:\/\/vimaterial.de\/es\/wp-json\/wp\/v2\/types\/product"}],"replies":[{"embeddable":true,"href":"https:\/\/vimaterial.de\/es\/wp-json\/wp\/v2\/comments?post=1027914"}],"wp:featuredmedia":[{"embeddable":true,"href":"https:\/\/vimaterial.de\/es\/wp-json\/wp\/v2\/media\/1038673"}],"wp:attachment":[{"href":"https:\/\/vimaterial.de\/es\/wp-json\/wp\/v2\/media?parent=1027914"}],"wp:term":[{"taxonomy":"product_brand","embeddable":true,"href":"https:\/\/vimaterial.de\/es\/wp-json\/wp\/v2\/product_brand?post=1027914"},{"taxonomy":"product_cat","embeddable":true,"href":"https:\/\/vimaterial.de\/es\/wp-json\/wp\/v2\/product_cat?post=1027914"},{"taxonomy":"product_tag","embeddable":true,"href":"https:\/\/vimaterial.de\/es\/wp-json\/wp\/v2\/product_tag?post=1027914"}],"curies":[{"name":"wp","href":"https:\/\/api.w.org\/{rel}","templated":true}]}}