{"id":1027902,"date":"2024-06-17T16:12:06","date_gmt":"2024-06-17T08:12:06","guid":{"rendered":"https:\/\/vimaterial.de\/product\/cloruro-de-terbio\/"},"modified":"2024-10-22T15:05:20","modified_gmt":"2024-10-22T07:05:20","slug":"cloruro-de-terbio","status":"publish","type":"product","link":"https:\/\/vimaterial.de\/es\/product\/cloruro-de-terbio\/","title":{"rendered":"Cloruro de terbio"},"content":{"rendered":"<p>El polvo de cloruro de terbio es un importante compuesto de tierras raras.<\/p>\n<h3>Informaci\u00f3n b\u00e1sica<\/h3>\n<p>F\u00f3rmula qu\u00edmica: TbCl\u2083 .<\/p>\n<p>Peso molecular: 265,28 g\/mol.<\/p>\n<p>Aspecto: generalmente polvo blanco.<\/p>\n<p>Densidad: aprox. 4,35 g\/cm\u00b3.<\/p>\n<p>Punto de fusi\u00f3n: 588\u00b0C.<\/p>\n<p>Solubilidad: soluble en agua.<\/p>\n<h3>Propiedades qu\u00edmicas<\/h3>\n<p>Estabilidad: Tiene cierta estabilidad a temperatura y presi\u00f3n normales, pero es f\u00e1cil de absorber la humedad y puede descomponerse o deteriorarse debido a una reacci\u00f3n qu\u00edmica en ciertas condiciones como alta temperatura, alta humedad u oxidante fuerte.<\/p>\n<p>Reacci\u00f3n con otras sustancias: puede reaccionar con algunos elementos o compuestos met\u00e1licos y no met\u00e1licos, por ejemplo, puede reaccionar con haluros met\u00e1licos alcalinos en determinadas condiciones.<\/p>\n<h3>Campos de aplicaci\u00f3n<\/h3>\n<p>Materiales \u00f3pticos: Debido a las propiedades \u00f3pticas especiales de los iones de terbio, el polvo de cloruro de terbio se puede utilizar en la preparaci\u00f3n de vidrio \u00f3ptico, fibras \u00f3pticas, etc., lo que puede mejorar el \u00edndice de refracci\u00f3n, la transmisi\u00f3n de luz y otras propiedades del material, y tiene importantes aplicaciones en el campo de las comunicaciones \u00f3pticas, la tecnolog\u00eda l\u00e1ser y otros campos.<\/p>\n<p>Dispositivos electr\u00f3nicos: en la fabricaci\u00f3n de componentes electr\u00f3nicos, el cloruro de terbio se puede utilizar como dopante en materiales semiconductores para mejorar sus propiedades el\u00e9ctricas, como mejorar la conductividad el\u00e9ctrica, regular la concentraci\u00f3n de portadores, etc., para ayudar a fabricar dispositivos electr\u00f3nicos de alto rendimiento, como transistores, circuitos integrados, etc.<\/p>\n<p>Materiales magn\u00e9ticos: El terbio, un elemento de tierras raras, tiene un cierto grado de magnetismo, y el polvo de cloruro de terbio puede desempe\u00f1ar un papel en la preparaci\u00f3n de materiales magn\u00e9ticos, que se utilizan en la fabricaci\u00f3n de sensores magn\u00e9ticos, medios de almacenamiento magn\u00e9tico, etc.<\/p>\n","protected":false},"excerpt":{"rendered":"<p>El polvo de cloruro de terbio es un importante compuesto de tierras raras.<\/p>\n<p>Materiales \u00f3pticos: Debido a las propiedades \u00f3pticas especiales de los iones de terbio, el polvo de TbCl\u2083 se puede utilizar en la preparaci\u00f3n de vidrio \u00f3ptico, fibras \u00f3pticas, etc., lo que puede mejorar el \u00edndice de refracci\u00f3n, la transmisi\u00f3n de luz y otras propiedades del material, y tiene importantes aplicaciones en el campo de las comunicaciones \u00f3pticas, la tecnolog\u00eda l\u00e1ser y otros campos.<\/p>\n<p>&nbsp;<\/p>\n","protected":false},"featured_media":1038446,"comment_status":"open","ping_status":"closed","template":"","meta":{"_acf_changed":false},"product_brand":[],"product_cat":[184],"product_tag":[],"class_list":{"0":"post-1027902","1":"product","2":"type-product","3":"status-publish","4":"has-post-thumbnail","6":"product_cat-materiales-de-tierras-raras","8":"first","9":"instock","10":"shipping-taxable","11":"purchasable","12":"product-type-variable"},"acf":[],"_links":{"self":[{"href":"https:\/\/vimaterial.de\/es\/wp-json\/wp\/v2\/product\/1027902","targetHints":{"allow":["GET"]}}],"collection":[{"href":"https:\/\/vimaterial.de\/es\/wp-json\/wp\/v2\/product"}],"about":[{"href":"https:\/\/vimaterial.de\/es\/wp-json\/wp\/v2\/types\/product"}],"replies":[{"embeddable":true,"href":"https:\/\/vimaterial.de\/es\/wp-json\/wp\/v2\/comments?post=1027902"}],"wp:featuredmedia":[{"embeddable":true,"href":"https:\/\/vimaterial.de\/es\/wp-json\/wp\/v2\/media\/1038446"}],"wp:attachment":[{"href":"https:\/\/vimaterial.de\/es\/wp-json\/wp\/v2\/media?parent=1027902"}],"wp:term":[{"taxonomy":"product_brand","embeddable":true,"href":"https:\/\/vimaterial.de\/es\/wp-json\/wp\/v2\/product_brand?post=1027902"},{"taxonomy":"product_cat","embeddable":true,"href":"https:\/\/vimaterial.de\/es\/wp-json\/wp\/v2\/product_cat?post=1027902"},{"taxonomy":"product_tag","embeddable":true,"href":"https:\/\/vimaterial.de\/es\/wp-json\/wp\/v2\/product_tag?post=1027902"}],"curies":[{"name":"wp","href":"https:\/\/api.w.org\/{rel}","templated":true}]}}