{"id":1027874,"date":"2024-06-17T16:12:06","date_gmt":"2024-06-17T08:12:06","guid":{"rendered":"https:\/\/vimaterial.de\/product\/cloruro-de-terbio-hexahidratado\/"},"modified":"2024-10-22T15:24:45","modified_gmt":"2024-10-22T07:24:45","slug":"cloruro-de-terbio-hexahidratado","status":"publish","type":"product","link":"https:\/\/vimaterial.de\/es\/product\/cloruro-de-terbio-hexahidratado\/","title":{"rendered":"Cloruro de terbio hexahidratado"},"content":{"rendered":"<p>Polvo hexahidratado de cloruro de terbio, f\u00f3rmula qu\u00edmica TbCl\u2083\u30fb6H\u2082O, es un polvo cristalino blanco.<\/p>\n<h3>Informaci\u00f3n b\u00e1sica<\/h3>\n<p>Peso molecular: 373,38 g\/mol.<\/p>\n<p>Aspecto: cristalino blanco, la estructura cristalina es ortorr\u00f3mbica, el grupo espacial es Cmcm.<\/p>\n<p>Densidad: alrededor de 2,67 g \/ cm\u00b3.<\/p>\n<p>Punto de fusi\u00f3n: 145 \u00b0C, cuando se calienta por encima del punto de fusi\u00f3n, el cloruro de terbio hexahidratado perder\u00e1 su agua de cristalizaci\u00f3n.<\/p>\n<p>Solubilidad: soluble en agua, su soluci\u00f3n acuosa es \u00e1cida, puede ionizar ion terbio (Tb\u00b3\u207a) e ion cloruro (Cl-) en agua.<\/p>\n<h3>Campos de aplicaci\u00f3n<\/h3>\n<p>Materiales \u00f3pticos: el ion de terbio tiene propiedades \u00f3pticas especiales, el polvo de cloruro de terbio hexahidratado se puede utilizar en la preparaci\u00f3n de vidrio \u00f3ptico, fibras \u00f3pticas, etc., puede mejorar el \u00edndice de refracci\u00f3n, la transmisi\u00f3n de luz y otras propiedades del material, y tiene importantes aplicaciones en el campo de las comunicaciones \u00f3pticas, la tecnolog\u00eda l\u00e1ser y otros campos.<\/p>\n<p>Dispositivos electr\u00f3nicos: El terbio se puede utilizar como dopante en la fabricaci\u00f3n de componentes electr\u00f3nicos para mejorar las propiedades el\u00e9ctricas de los materiales semiconductores, como mejorar la conductividad el\u00e9ctrica, regular la concentraci\u00f3n de portadores, etc., lo que ayuda a fabricar dispositivos electr\u00f3nicos de alto rendimiento, como transistores y circuitos integrados.<\/p>\n<p>Materiales magn\u00e9ticos: El hexahidrato de terbio tiene un cierto grado de magnetismo, y el polvo de cloruro de terbio hexahidratado puede desempe\u00f1ar un papel en la preparaci\u00f3n de materiales magn\u00e9ticos, que se utilizan en la fabricaci\u00f3n de sensores magn\u00e9ticos, medios de almacenamiento magn\u00e9tico, etc.<\/p>\n","protected":false},"excerpt":{"rendered":"<p>Polvo hexahidratado de cloruro de terbio, f\u00f3rmula qu\u00edmica TbCl\u2083\u30fb6H\u2082O, es un polvo cristalino blanco.<\/p>\n<p>Materiales \u00f3pticos: el ion de terbio tiene propiedades \u00f3pticas especiales, el polvo de cloruro de terbio hexahidratado se puede utilizar en la preparaci\u00f3n de vidrio \u00f3ptico, fibras \u00f3pticas, etc., puede mejorar el \u00edndice de refracci\u00f3n, la transmisi\u00f3n de luz y otras propiedades del material, y tiene importantes aplicaciones en el campo de las comunicaciones \u00f3pticas, la tecnolog\u00eda l\u00e1ser y otros campos.<\/p>\n<p>&nbsp;<\/p>\n","protected":false},"featured_media":1038453,"comment_status":"open","ping_status":"closed","template":"","meta":{"_acf_changed":false},"product_brand":[],"product_cat":[184],"product_tag":[],"class_list":{"0":"post-1027874","1":"product","2":"type-product","3":"status-publish","4":"has-post-thumbnail","6":"product_cat-materiales-de-tierras-raras","8":"first","9":"instock","10":"shipping-taxable","11":"purchasable","12":"product-type-variable"},"acf":[],"_links":{"self":[{"href":"https:\/\/vimaterial.de\/es\/wp-json\/wp\/v2\/product\/1027874","targetHints":{"allow":["GET"]}}],"collection":[{"href":"https:\/\/vimaterial.de\/es\/wp-json\/wp\/v2\/product"}],"about":[{"href":"https:\/\/vimaterial.de\/es\/wp-json\/wp\/v2\/types\/product"}],"replies":[{"embeddable":true,"href":"https:\/\/vimaterial.de\/es\/wp-json\/wp\/v2\/comments?post=1027874"}],"wp:featuredmedia":[{"embeddable":true,"href":"https:\/\/vimaterial.de\/es\/wp-json\/wp\/v2\/media\/1038453"}],"wp:attachment":[{"href":"https:\/\/vimaterial.de\/es\/wp-json\/wp\/v2\/media?parent=1027874"}],"wp:term":[{"taxonomy":"product_brand","embeddable":true,"href":"https:\/\/vimaterial.de\/es\/wp-json\/wp\/v2\/product_brand?post=1027874"},{"taxonomy":"product_cat","embeddable":true,"href":"https:\/\/vimaterial.de\/es\/wp-json\/wp\/v2\/product_cat?post=1027874"},{"taxonomy":"product_tag","embeddable":true,"href":"https:\/\/vimaterial.de\/es\/wp-json\/wp\/v2\/product_tag?post=1027874"}],"curies":[{"name":"wp","href":"https:\/\/api.w.org\/{rel}","templated":true}]}}