{"id":1027866,"date":"2024-06-17T16:12:06","date_gmt":"2024-06-17T08:12:06","guid":{"rendered":"https:\/\/vimaterial.de\/product\/fosfato-de-terbio\/"},"modified":"2024-10-22T17:36:38","modified_gmt":"2024-10-22T09:36:38","slug":"fosfato-de-terbio","status":"publish","type":"product","link":"https:\/\/vimaterial.de\/es\/product\/fosfato-de-terbio\/","title":{"rendered":"Fosfato de terbio"},"content":{"rendered":"<h3>Informaci\u00f3n b\u00e1sica<\/h3>\n<p>F\u00f3rmula qu\u00edmica: TbPO\u2084 .<\/p>\n<p>N\u00ba CAS: 13863-48-4.<\/p>\n<p>Peso molecular: 235.903.<\/p>\n<p>Color y forma: generalmente polvo blanco.<\/p>\n<p>Estructura cristalina: Existen diferentes estructuras cristalinas como la monocl\u00ednica y la hexagonal.<\/p>\n<p>Densidad: Su densidad es relativamente grande, pero el valor exacto var\u00eda ligeramente seg\u00fan el m\u00e9todo de preparaci\u00f3n y las condiciones, alrededor de 6-7 g\/cm\u00b3.<\/p>\n<h3>Propiedades qu\u00edmicas<\/h3>\n<p>Estabilidad: qu\u00edmicamente estable, no es f\u00e1cil de descomponer a temperatura y presi\u00f3n normales, pero puede reaccionar bajo ciertas condiciones como alta temperatura, \u00e1cido fuerte y \u00e1lcali fuerte. Acidez y alcalinidad: Tiene un cierto grado de acidez y su soluci\u00f3n acuosa es d\u00e9bilmente \u00e1cida, porque los iones de fosfato sufrir\u00e1n hidr\u00f3lisis.<\/p>\n<h3>\u00c1mbitos de aplicaci\u00f3n<\/h3>\n<p>Materiales emisores de luz: TbPO\u2084 puede emitir fluorescencia verde bajo excitaci\u00f3n UV, es un importante material de f\u00f3sforo verde, que se puede utilizar para fabricar l\u00e1mparas fluorescentes, monitores y otros dispositivos de iluminaci\u00f3n y visualizaci\u00f3n.<\/p>\n<p>Campo biom\u00e9dico: fosfato de terbio Debido a sus propiedades fisicoqu\u00edmicas especiales, tiene un valor de aplicaci\u00f3n potencial en biomarcadores, bioim\u00e1genes, administraci\u00f3n de f\u00e1rmacos, etc.<\/p>\n<p>Cat\u00e1lisis: El fosfato de terbio se puede utilizar como catalizador o portador de catalizador para algunas reacciones qu\u00edmicas, como las reacciones de s\u00edntesis org\u00e1nica.<\/p>\n","protected":false},"excerpt":{"rendered":"<p>Materiales emisores de luz: El fosfato de terbio puede emitir fluorescencia verde bajo excitaci\u00f3n UV, es un importante material de f\u00f3sforo verde, que se puede utilizar para fabricar l\u00e1mparas fluorescentes, monitores y otros dispositivos de iluminaci\u00f3n y visualizaci\u00f3n.<\/p>\n<p>Campo biom\u00e9dico: Basado en sus propiedades fisicoqu\u00edmicas especiales, tiene un valor de aplicaci\u00f3n potencial en biomarcadores, bioim\u00e1genes, administraci\u00f3n de f\u00e1rmacos, etc.<\/p>\n<p>Cat\u00e1lisis: Se puede utilizar como catalizador o portador de catalizador para algunas reacciones qu\u00edmicas, como las reacciones de s\u00edntesis org\u00e1nica.<\/p>\n","protected":false},"featured_media":1038533,"comment_status":"open","ping_status":"closed","template":"","meta":{"_acf_changed":false},"product_brand":[],"product_cat":[164],"product_tag":[],"class_list":{"0":"post-1027866","1":"product","2":"type-product","3":"status-publish","4":"has-post-thumbnail","6":"product_cat-sin-categoria","8":"first","9":"instock","10":"shipping-taxable","11":"product-type-variable"},"acf":[],"_links":{"self":[{"href":"https:\/\/vimaterial.de\/es\/wp-json\/wp\/v2\/product\/1027866","targetHints":{"allow":["GET"]}}],"collection":[{"href":"https:\/\/vimaterial.de\/es\/wp-json\/wp\/v2\/product"}],"about":[{"href":"https:\/\/vimaterial.de\/es\/wp-json\/wp\/v2\/types\/product"}],"replies":[{"embeddable":true,"href":"https:\/\/vimaterial.de\/es\/wp-json\/wp\/v2\/comments?post=1027866"}],"wp:featuredmedia":[{"embeddable":true,"href":"https:\/\/vimaterial.de\/es\/wp-json\/wp\/v2\/media\/1038533"}],"wp:attachment":[{"href":"https:\/\/vimaterial.de\/es\/wp-json\/wp\/v2\/media?parent=1027866"}],"wp:term":[{"taxonomy":"product_brand","embeddable":true,"href":"https:\/\/vimaterial.de\/es\/wp-json\/wp\/v2\/product_brand?post=1027866"},{"taxonomy":"product_cat","embeddable":true,"href":"https:\/\/vimaterial.de\/es\/wp-json\/wp\/v2\/product_cat?post=1027866"},{"taxonomy":"product_tag","embeddable":true,"href":"https:\/\/vimaterial.de\/es\/wp-json\/wp\/v2\/product_tag?post=1027866"}],"curies":[{"name":"wp","href":"https:\/\/api.w.org\/{rel}","templated":true}]}}