{"id":1027844,"date":"2024-06-17T16:12:07","date_gmt":"2024-06-17T08:12:07","guid":{"rendered":"https:\/\/vimaterial.de\/product\/disprosio-metalico-3\/"},"modified":"2025-07-10T14:39:34","modified_gmt":"2025-07-10T06:39:34","slug":"disprosio-metalico-3","status":"publish","type":"product","link":"https:\/\/vimaterial.de\/es\/product\/disprosio-metalico-3\/","title":{"rendered":"Disprosio met\u00e1lico"},"content":{"rendered":"<p><strong><span style=\"color: #0000ff;\"><a style=\"color: #0000ff;\" href=\"https:\/\/vimaterial.de\/es\/product\/disprosio-metalico\/\">Disprosio met\u00e1lico<\/a> <\/span><\/strong>es un metal de tierras raras de color blanco plateado con un punto de fusi\u00f3n de 1412 \u00b0C, un punto de ebullici\u00f3n de 2562 \u00b0C, una densidad de 8,55 g \/ cm3, baja dureza y superconductividad cerca del cero absoluto. El disprosio es bastante estable en el aire, activo a altas temperaturas y f\u00e1cilmente oxidado por el aire y el agua para formar \u00f3xido de disprosio. La abundancia de disprosio en la corteza terrestre es de 6 ppm, y suele coexistir con el erbio, el holmio y otros elementos de tierras raras en minerales como la arena de monacita.<\/p>\n<p>VIMATERIAl apoya la personalizaci\u00f3n del producto, <a href=\"https:\/\/vimaterial.de\/es\/contacto\/\"><span style=\"color: #0000ff;\">Cont\u00e1ctenos<\/span><\/a><\/p>\n<h2><span style=\"font-size: 14pt;\">Propiedades del disprosio met\u00e1lico<\/span><\/h2>\n<p>F\u00f3rmula molecular: Dy<\/p>\n<p>Peso molecular: 162,50 g\/mol<\/p>\n<p>Aspecto: Metal blanco plateado, f\u00e1cilmente oxidable<\/p>\n<p>Densidad: 8,55 g\/cm\u00b3 (25\u00b0C)<\/p>\n<p>Punto de fusi\u00f3n: 1412\u00b0C<\/p>\n<p>Punto de ebullici\u00f3n: 2567\u00b0C<\/p>\n<p>Estructura cristalina: Hexagonal cerrada<\/p>\n<p>Solubilidad: soluble en \u00e1cido diluido, insoluble en agua<\/p>\n<h3>Aplicaci\u00f3n del disprosio met\u00e1lico<\/h3>\n<p>Imanes de tierras raras: El disprosio met\u00e1lico es un material magn\u00e9tico importante, especialmente \u00fatil para fabricar potentes imanes permanentes. El disprosio se utiliza junto con otros elementos de tierras raras para fabricar imanes de alto rendimiento. Los imanes de disprosio tienen un producto de alta energ\u00eda magn\u00e9tica y alta tenacidad magn\u00e9tica y, por lo tanto, se utilizan en una amplia gama de aplicaciones, como motores el\u00e9ctricos y sensores magn\u00e9ticos.<\/p>\n<p>Tecnolog\u00eda de refrigeraci\u00f3n magn\u00e9tica: El efecto de entrop\u00eda magn\u00e9tica del disprosio lo convierte en un componente clave en la tecnolog\u00eda de refrigeraci\u00f3n magn\u00e9tica. En refrigeraci\u00f3n magn\u00e9tica, el disprosio puede realizar un efecto de refrigeraci\u00f3n a trav\u00e9s del cambio de entrop\u00eda magn\u00e9tica. Esta tecnolog\u00eda se puede utilizar en refrigeraci\u00f3n criog\u00e9nica, equipos de im\u00e1genes m\u00e9dicas y sistemas de im\u00e1genes por resonancia magn\u00e9tica (MRI).<\/p>\n<p>Tecnolog\u00edas de iluminaci\u00f3n y visualizaci\u00f3n: Los compuestos met\u00e1licos de disprosio tienen propiedades luminiscentes y se utilizan en la fabricaci\u00f3n de f\u00f3sforos para l\u00e1mparas fluorescentes, diodos emisores de luz y pantallas. El uso de disprosio en la tecnolog\u00eda de pantallas fluorescentes ayuda a mejorar la estabilidad del color y el rendimiento de la pantalla.<\/p>\n<p>Resonancia magn\u00e9tica nuclear (RMN): El disprosio met\u00e1lico se utiliza como sonda en estudios de resonancia magn\u00e9tica nuclear (RMN), especialmente en experimentos de RMN de estado s\u00f3lido. Las propiedades magn\u00e9ticas especiales del disprosio lo hacen \u00fanico en este sentido.<\/p>\n<p>Aleaciones met\u00e1licas: El disprosio met\u00e1lico se puede alear con hierro y otros elementos de tierras raras para producir una gama de aleaciones met\u00e1licas para aplicaciones industriales espec\u00edficas. Estas aleaciones exhiben un excelente rendimiento en entornos como altas temperaturas y altos campos magn\u00e9ticos.<\/p>\n<h3>M\u00e9todos de detecci\u00f3n de disprosio met\u00e1lico<\/h3>\n<p>1. Espectroscopia de absorci\u00f3n at\u00f3mica (AAS): Este es un m\u00e9todo de an\u00e1lisis cuantitativo com\u00fan que utiliza espectros de absorci\u00f3n en longitudes de onda espec\u00edficas para determinar la concentraci\u00f3n de disprosio en una muestra. La muestra se disuelve o se convierte en una forma gaseosa y luego se atomiza a un estado at\u00f3mico. Posteriormente, se utiliza una fuente de luz de una longitud de onda espec\u00edfica para iluminar la muestra, y se mide la intensidad de la luz absorbida por la muestra para inferir la concentraci\u00f3n de disprosio.<\/p>\n<p>2. Espectrometr\u00eda de emisi\u00f3n \u00f3ptica de plasma acoplado inductivamente (ICP-OES): Este es un m\u00e9todo de an\u00e1lisis altamente sensible que puede detectar m\u00faltiples elementos al mismo tiempo. La muestra se ioniza y se roc\u00eda en un plasma de alta temperatura, que excita espectros de radiaci\u00f3n \u00fanicos para varios elementos. El instrumento de detecci\u00f3n analiza estos espectros para identificar y determinar el contenido de disprosio en funci\u00f3n de su intensidad y longitud de onda.<\/p>\n<p>3. Espectrometr\u00eda de masas (MS): La espectrometr\u00eda de masas detecta elementos midiendo con precisi\u00f3n la masa molecular de los iones en una muestra. En el an\u00e1lisis de disprosio, se puede usar un espectr\u00f3metro de masas para medir la masa de los iones de disprosio, y la presencia y concentraci\u00f3n de disprosio se puede determinar analizando la masa y la abundancia relativa de sus iones.<\/p>\n<p>4. Espectroscopia de fluorescencia: Este m\u00e9todo utiliza la fluorescencia producida por el disprosio en condiciones espec\u00edficas para su detecci\u00f3n. Cuando la muestra se expone a una fuente de luz de excitaci\u00f3n, el elemento disprosio absorbe energ\u00eda y emite fluorescencia de una longitud de onda espec\u00edfica. La presencia y concentraci\u00f3n de disprosio se determinan midiendo la intensidad y las caracter\u00edsticas de la fluorescencia.<\/p>\n<p>5. Difracci\u00f3n de rayos X (XRD): Aunque no mide directamente el contenido de disprosio, la difracci\u00f3n de rayos X se puede utilizar para analizar las caracter\u00edsticas de la estructura cristalina de la muestra. Este m\u00e9todo puede ayudar a confirmar el contenido relativo y la estructura de los compuestos de tierras raras en la muestra, determinando as\u00ed indirectamente la presencia de disprosio.<\/p>\n<h2><span style=\"font-size: 14pt;\">Control de calidad<\/span><\/h2>\n<p><span style=\"color: #0000ff;\"><a style=\"color: #0000ff;\" href=\"https:\/\/vimaterial.de\/es\/control-de-calidad\/\">VI HALBLEITERMATERIAL GmbH<\/a><\/span> implementa un estricto control de calidad en todo el proceso y 8D mecanismo de resoluci\u00f3n de problemas para garantizar que los productos cumplan con REACH, ASTM y los est\u00e1ndares de la industria, y apoyar el desarrollo sostenible y la trazabilidad de la cadena de suministro. La compa\u00f1\u00eda se compromete a proporcionar a los clientes productos y servicios de alta calidad mediante la gesti\u00f3n de todo el proceso, desde la investigaci\u00f3n y el desarrollo hasta la entrega, y se adhiere al principio de reelaboraci\u00f3n de productos no conformes.<\/p>\n<h2><span style=\"font-size: 14pt;\">Embalaje y almacenamiento<\/span><\/h2>\n<p>Los gr\u00e1nulos de metal de disprosio deben empacarse en un paquete sellado al vac\u00edo, forrado con material a prueba de golpes y empacado en una caja de cart\u00f3n especial. La capacidad se puede personalizar de acuerdo con los requisitos de los clientes.<\/p>\n<p>Los gr\u00e1nulos met\u00e1licos de disprosio deben colocarse en un gabinete seco por debajo del punto de roc\u00edo de -40 \u00b0C para su almacenamiento a largo plazo, y est\u00e1 estrictamente prohibido almacenarlos con \u00e1cidos y oxidantes.<\/p>\n","protected":false},"excerpt":{"rendered":"<p><strong><span style=\"color: #0000ff;\"><a style=\"color: #0000ff;\" href=\"https:\/\/vimaterial.de\/es\/product\/disprosio-metalico\/\">Disprosio met\u00e1lico<\/a> <\/span><\/strong>es un metal de tierras raras de color blanco plateado con un punto de fusi\u00f3n de 1412 \u00b0C, un punto de ebullici\u00f3n de 2562 \u00b0C, una densidad de 8,55 g \/ cm3, baja dureza y superconductividad cerca del cero absoluto. El disprosio es bastante estable en el aire, activo a altas temperaturas y f\u00e1cilmente oxidado por el aire y el agua para formar \u00f3xido de disprosio. La abundancia de disprosio en la corteza terrestre es de 6 ppm, y suele coexistir con el erbio, el holmio y otros elementos de tierras raras en minerales como la arena de monacita.<\/p>\n<p>VIMATERIAl apoya la personalizaci\u00f3n del producto, <a href=\"https:\/\/vimaterial.de\/es\/contacto\/\"><span style=\"color: #0000ff;\">Cont\u00e1ctenos<\/span><\/a><\/p>\n","protected":false},"featured_media":1036258,"comment_status":"open","ping_status":"closed","template":"","meta":{"_acf_changed":false},"product_brand":[],"product_cat":[179],"product_tag":[],"class_list":{"0":"post-1027844","1":"product","2":"type-product","3":"status-publish","4":"has-post-thumbnail","6":"product_cat-materiales-de-evaporacion","8":"first","9":"instock","10":"shipping-taxable","11":"purchasable","12":"product-type-variable"},"acf":[],"_links":{"self":[{"href":"https:\/\/vimaterial.de\/es\/wp-json\/wp\/v2\/product\/1027844","targetHints":{"allow":["GET"]}}],"collection":[{"href":"https:\/\/vimaterial.de\/es\/wp-json\/wp\/v2\/product"}],"about":[{"href":"https:\/\/vimaterial.de\/es\/wp-json\/wp\/v2\/types\/product"}],"replies":[{"embeddable":true,"href":"https:\/\/vimaterial.de\/es\/wp-json\/wp\/v2\/comments?post=1027844"}],"wp:featuredmedia":[{"embeddable":true,"href":"https:\/\/vimaterial.de\/es\/wp-json\/wp\/v2\/media\/1036258"}],"wp:attachment":[{"href":"https:\/\/vimaterial.de\/es\/wp-json\/wp\/v2\/media?parent=1027844"}],"wp:term":[{"taxonomy":"product_brand","embeddable":true,"href":"https:\/\/vimaterial.de\/es\/wp-json\/wp\/v2\/product_brand?post=1027844"},{"taxonomy":"product_cat","embeddable":true,"href":"https:\/\/vimaterial.de\/es\/wp-json\/wp\/v2\/product_cat?post=1027844"},{"taxonomy":"product_tag","embeddable":true,"href":"https:\/\/vimaterial.de\/es\/wp-json\/wp\/v2\/product_tag?post=1027844"}],"curies":[{"name":"wp","href":"https:\/\/api.w.org\/{rel}","templated":true}]}}