{"id":1027827,"date":"2024-06-17T16:12:07","date_gmt":"2024-06-17T08:12:07","guid":{"rendered":"https:\/\/vimaterial.de\/product\/disprosio-metalico-2\/"},"modified":"2025-07-10T17:43:02","modified_gmt":"2025-07-10T09:43:02","slug":"disprosio-metalico-2","status":"publish","type":"product","link":"https:\/\/vimaterial.de\/es\/product\/disprosio-metalico-2\/","title":{"rendered":"Disprosio met\u00e1lico"},"content":{"rendered":"<p>Las varillas <span style=\"color: #0000ff;\"><a style=\"color: #0000ff;\" href=\"https:\/\/vimaterial.de\/es\/product\/disprosio-metalico-4\/\"><strong>Disprosio met\u00e1lico<\/strong><\/a><\/span>\u00a0son varillas met\u00e1licas con el elemento de tierras raras disprosio (Dy) como componente principal, que suelen presentar un brillo met\u00e1lico gris plateado, con alta densidad y cierto grado de ductilidad, y se utilizan principalmente en materiales magn\u00e9ticos permanentes y campos \u00f3pticos.<\/p>\n<p>VIMATERIAL ofrece productos personalizados y servicios de encuadernaci\u00f3n de objetivos, <span style=\"color: #0000ff;\"><a style=\"color: #0000ff;\" href=\"https:\/\/vimaterial.de\/es\/contacto\/\">cont\u00e1ctenos.<\/a><\/span><\/p>\n<h2><span style=\"font-size: 14pt;\">Propiedades del disprosio met\u00e1lico<\/span><\/h2>\n<p>F\u00f3rmula molecular: Dy<\/p>\n<p>Peso molecular: 162,50 g\/mol<\/p>\n<p>Aspecto: brillo met\u00e1lico gris plateado, en forma de varilla<\/p>\n<p>Densidad: 8.551 g\/cm\u00b3 (25 \u00b0C)<\/p>\n<p>Punto de fusi\u00f3n: 1412 \u00b0C<\/p>\n<p>Punto de ebullici\u00f3n: 2562 \u00b0C<\/p>\n<p>Estructura cristalina: Estructura hexagonal densa apilada a temperatura ambiente, transformada en estructura c\u00fabica centrada en el cuerpo a alta temperatura.<\/p>\n<h2><span style=\"font-size: 14pt;\">Aplicaciones del disprosio met\u00e1lico<\/span><\/h2>\n<p>En el campo de los materiales magn\u00e9ticos permanentes: como componente clave agregado a los imanes permanentes de NdFeB de alto rendimiento, puede mejorar su coercitividad y estabilidad t\u00e9rmica, y se utiliza en motores de accionamiento de autom\u00f3viles de nueva energ\u00eda, generadores de turbinas e\u00f3licas y otros equipos.<\/p>\n<p>En la industria nuclear, los is\u00f3topos de disprosio tienen una fuerte capacidad de absorci\u00f3n de neutrones, y las barras de control en las que se procesan pueden regular eficazmente la velocidad de las reacciones de fisi\u00f3n nuclear en los reactores nucleares.<\/p>\n<p>En el campo de la \u00f3ptica, los materiales dopados con disprosio se pueden utilizar para fabricar cristales l\u00e1ser y dispositivos emisores de luz, que se pueden aplicar a equipos l\u00e1ser m\u00e9dicos, iluminaci\u00f3n de estado s\u00f3lido y otros escenarios.<\/p>\n<h2><span style=\"font-size: 14pt;\">Control de calidad<\/span><\/h2>\n<p><span style=\"color: #0000ff;\"><a style=\"color: #0000ff;\" href=\"https:\/\/vimaterial.de\/es\/control-de-calidad\/\">VI HALBLEITERMATERIAL GmbH<\/a><\/span> implementa un estricto control de calidad en todo el proceso y 8D mecanismo de resoluci\u00f3n de problemas para garantizar que los productos cumplan con REACH, ASTM y los est\u00e1ndares de la industria, y apoyar el desarrollo sostenible y la trazabilidad de la cadena de suministro. La compa\u00f1\u00eda se compromete a proporcionar a los clientes productos y servicios de alta calidad mediante la gesti\u00f3n de todo el proceso, desde la investigaci\u00f3n y el desarrollo hasta la entrega, y se adhiere al principio de reelaboraci\u00f3n de productos no conformes.<\/p>\n<h2><span style=\"font-size: 14pt;\"><strong>Embalaje y almacenamiento<\/strong><\/span><\/h2>\n<p>Las varillas <strong>Dy<\/strong> generalmente se empaquetan en empaques sellados al vac\u00edo para evitar la oxidaci\u00f3n de las varillas de disprosio en contacto con el aire y la humedad. Se utilizan cajas de cart\u00f3n especiales, rellenas de material amortiguador para evitar deformaciones o da\u00f1os en las varillas debido a colisiones durante el transporte.<\/p>\n<p>Las varillas <strong>Dy<\/strong> deben almacenarse en un almac\u00e9n seco y bien ventilado, evitando la humedad (humedad relativa \u2264 60%), las altas temperaturas y la luz solar directa, y lejos de gases corrosivos (como niebla \u00e1cida, cloro gaseoso) y fuentes de fuego.<\/p>\n","protected":false},"excerpt":{"rendered":"<p>Las varillas <span style=\"color: #0000ff;\"><a style=\"color: #0000ff;\" href=\"https:\/\/vimaterial.de\/es\/product\/disprosio-metalico-4\/\"><strong>Disprosio met\u00e1lico<\/strong><\/a><\/span>\u00a0son varillas met\u00e1licas con el elemento de tierras raras disprosio (Dy) como componente principal, que suelen presentar un brillo met\u00e1lico gris plateado, con alta densidad y cierto grado de ductilidad, y se utilizan principalmente en materiales magn\u00e9ticos permanentes y campos \u00f3pticos.<\/p>\n<p>VIMATERIAL ofrece productos personalizados y servicios de encuadernaci\u00f3n de objetivos, <span style=\"color: #0000ff;\"><a style=\"color: #0000ff;\" href=\"https:\/\/vimaterial.de\/es\/contacto\/\">cont\u00e1ctenos.<\/a><\/span><\/p>\n","protected":false},"featured_media":1036271,"comment_status":"open","ping_status":"closed","template":"","meta":{"_acf_changed":false},"product_brand":[],"product_cat":[188],"product_tag":[],"class_list":{"0":"post-1027827","1":"product","2":"type-product","3":"status-publish","4":"has-post-thumbnail","6":"product_cat-perfil","8":"first","9":"instock","10":"shipping-taxable","11":"purchasable","12":"product-type-variable"},"acf":[],"_links":{"self":[{"href":"https:\/\/vimaterial.de\/es\/wp-json\/wp\/v2\/product\/1027827","targetHints":{"allow":["GET"]}}],"collection":[{"href":"https:\/\/vimaterial.de\/es\/wp-json\/wp\/v2\/product"}],"about":[{"href":"https:\/\/vimaterial.de\/es\/wp-json\/wp\/v2\/types\/product"}],"replies":[{"embeddable":true,"href":"https:\/\/vimaterial.de\/es\/wp-json\/wp\/v2\/comments?post=1027827"}],"wp:featuredmedia":[{"embeddable":true,"href":"https:\/\/vimaterial.de\/es\/wp-json\/wp\/v2\/media\/1036271"}],"wp:attachment":[{"href":"https:\/\/vimaterial.de\/es\/wp-json\/wp\/v2\/media?parent=1027827"}],"wp:term":[{"taxonomy":"product_brand","embeddable":true,"href":"https:\/\/vimaterial.de\/es\/wp-json\/wp\/v2\/product_brand?post=1027827"},{"taxonomy":"product_cat","embeddable":true,"href":"https:\/\/vimaterial.de\/es\/wp-json\/wp\/v2\/product_cat?post=1027827"},{"taxonomy":"product_tag","embeddable":true,"href":"https:\/\/vimaterial.de\/es\/wp-json\/wp\/v2\/product_tag?post=1027827"}],"curies":[{"name":"wp","href":"https:\/\/api.w.org\/{rel}","templated":true}]}}