{"id":1027819,"date":"2024-06-17T16:12:07","date_gmt":"2024-06-17T08:12:07","guid":{"rendered":"https:\/\/vimaterial.de\/product\/disprosio-metalico\/"},"modified":"2025-07-10T17:15:42","modified_gmt":"2025-07-10T09:15:42","slug":"disprosio-metalico","status":"publish","type":"product","link":"https:\/\/vimaterial.de\/es\/product\/disprosio-metalico\/","title":{"rendered":"Disprosio met\u00e1lico"},"content":{"rendered":"<p><strong><span style=\"color: #0000ff;\">El polvo <a href=\"https:\/\/vimaterial.de\/es\/product\/disprosio-metalico-2\/\">Disprosio met\u00e1lico<\/a><\/span><\/strong> es un tipo de polvo met\u00e1lico de tierras raras de alta actividad, gris-negro, que tiene un momento magn\u00e9tico ultra alto y una excelente capacidad de absorci\u00f3n de neutrones, y se utiliza principalmente en aditivos para imanes de ferroboron, masas enfriadas magn\u00e9ticamente y preparaci\u00f3n de aleaciones especiales.<\/p>\n<p>VIMATERIAL admite productos personalizados,<span style=\"color: #0000ff;\"><a style=\"color: #0000ff;\" href=\"https:\/\/vimaterial.de\/es\/contacto\/\"> cont\u00e1ctenos.<\/a><\/span><\/p>\n<h2><span style=\"font-size: 14pt;\">Propiedades del disprosio met\u00e1lico<\/span><\/h2>\n<p>F\u00f3rmula molecular: Dy<\/p>\n<p>Peso molecular: 162,50 g\/mol<\/p>\n<p>Aspecto: polvo gris-negro (brillo met\u00e1lico bajo protecci\u00f3n de gas inerte)<\/p>\n<p>Densidad: 8,55 g\/cm\u00b3 (25\u00b0C)<\/p>\n<p>Punto de fusi\u00f3n: 1412\u00b0C<\/p>\n<p>Punto de ebullici\u00f3n: 2567\u00b0C<\/p>\n<p>Estructura cristalina: hexagonal cerrada<\/p>\n<p>Actividad: se oxida f\u00e1cilmente en el aire, reacciona con el agua, necesita protecci\u00f3n con gas inerte<\/p>\n<h2><span style=\"font-size: 14pt;\">Aplicaciones del disprosio met\u00e1lico<\/span><\/h2>\n<p>Materiales de imanes permanentes: como aditivo clave (1-3% en peso) de los imanes de NdFeB, mejora significativamente la coercitividad y la estabilidad a altas temperaturas de los imanes, y es ampliamente utilizado en motores de autom\u00f3viles de nueva energ\u00eda y turbinas e\u00f3licas.<\/p>\n<p>Aleaciones especiales: como aditivo de tierras raras puede mejorar significativamente las propiedades magnetostrictivas de las aleaciones, utilizadas en sensores de precisi\u00f3n y sistemas de sonar y otros fabricantes de equipos de alta gama.<\/p>\n<h2><span style=\"font-size: 14pt;\">Control de calidad<\/span><\/h2>\n<p><span style=\"color: #0000ff;\"><a style=\"color: #0000ff;\" href=\"https:\/\/vimaterial.de\/es\/control-de-calidad\/\">VI HALBLEITERMATERIAL GmbH<\/a> <\/span>implementa un estricto control de calidad en todo el proceso y 8D mecanismo de resoluci\u00f3n de problemas para garantizar que los productos cumplan con REACH, ASTM y los est\u00e1ndares de la industria, y apoyar el desarrollo sostenible y la trazabilidad de la cadena de suministro. La compa\u00f1\u00eda se compromete a proporcionar a los clientes productos y servicios de alta calidad mediante la gesti\u00f3n de todo el proceso, desde la investigaci\u00f3n y el desarrollo hasta la entrega, y se adhiere al principio de reelaboraci\u00f3n de productos no conformes.<\/p>\n<h2><span style=\"font-size: 14pt;\">Embalaje y almacenamiento<\/span><\/h2>\n<p><strong>El polvo DyN<\/strong> debe empacarse en bolsas de papel de aluminio al vac\u00edo de doble capa llenas de gas arg\u00f3n y selladas, y la caja exterior debe empacarse en una caja de cart\u00f3n especial.<\/p>\n<p><strong>El polvo de DyN<\/strong> debe almacenarse en una guantera de gas inerte por debajo del punto de roc\u00edo de -30 \u00b0C, y est\u00e1 estrictamente prohibido coexistir con \u00e1cidos y oxidantes.<\/p>\n","protected":false},"excerpt":{"rendered":"<p><strong><span style=\"color: #0000ff;\">El polvo <a href=\"https:\/\/vimaterial.de\/es\/product\/disprosio-metalico-2\/\">Disprosio met\u00e1lico<\/a><\/span><\/strong> es un tipo de polvo met\u00e1lico de tierras raras de alta actividad, gris-negro, que tiene un momento magn\u00e9tico ultra alto y una excelente capacidad de absorci\u00f3n de neutrones, y se utiliza principalmente en aditivos para imanes de ferroboron, masas enfriadas magn\u00e9ticamente y preparaci\u00f3n de aleaciones especiales.<\/p>\n<p>VIMATERIAL admite productos personalizados,<span style=\"color: #0000ff;\"><a style=\"color: #0000ff;\" href=\"https:\/\/vimaterial.de\/es\/contacto\/\"> cont\u00e1ctenos.<\/a><\/span><\/p>\n","protected":false},"featured_media":1036276,"comment_status":"open","ping_status":"closed","template":"","meta":{"_acf_changed":false},"product_brand":[],"product_cat":[184],"product_tag":[],"class_list":{"0":"post-1027819","1":"product","2":"type-product","3":"status-publish","4":"has-post-thumbnail","6":"product_cat-materiales-de-tierras-raras","8":"first","9":"instock","10":"shipping-taxable","11":"purchasable","12":"product-type-variable"},"acf":[],"_links":{"self":[{"href":"https:\/\/vimaterial.de\/es\/wp-json\/wp\/v2\/product\/1027819","targetHints":{"allow":["GET"]}}],"collection":[{"href":"https:\/\/vimaterial.de\/es\/wp-json\/wp\/v2\/product"}],"about":[{"href":"https:\/\/vimaterial.de\/es\/wp-json\/wp\/v2\/types\/product"}],"replies":[{"embeddable":true,"href":"https:\/\/vimaterial.de\/es\/wp-json\/wp\/v2\/comments?post=1027819"}],"wp:featuredmedia":[{"embeddable":true,"href":"https:\/\/vimaterial.de\/es\/wp-json\/wp\/v2\/media\/1036276"}],"wp:attachment":[{"href":"https:\/\/vimaterial.de\/es\/wp-json\/wp\/v2\/media?parent=1027819"}],"wp:term":[{"taxonomy":"product_brand","embeddable":true,"href":"https:\/\/vimaterial.de\/es\/wp-json\/wp\/v2\/product_brand?post=1027819"},{"taxonomy":"product_cat","embeddable":true,"href":"https:\/\/vimaterial.de\/es\/wp-json\/wp\/v2\/product_cat?post=1027819"},{"taxonomy":"product_tag","embeddable":true,"href":"https:\/\/vimaterial.de\/es\/wp-json\/wp\/v2\/product_tag?post=1027819"}],"curies":[{"name":"wp","href":"https:\/\/api.w.org\/{rel}","templated":true}]}}