{"id":1027802,"date":"2024-06-17T16:01:38","date_gmt":"2024-06-17T08:01:38","guid":{"rendered":"https:\/\/vimaterial.de\/product\/titanato-de-lantano-oxido-de-lantano-y-titanio-3\/"},"modified":"2025-01-09T16:14:41","modified_gmt":"2025-01-09T08:14:41","slug":"titanato-de-lantano-oxido-de-lantano-y-titanio-3","status":"publish","type":"product","link":"https:\/\/vimaterial.de\/es\/product\/titanato-de-lantano-oxido-de-lantano-y-titanio-3\/","title":{"rendered":"Titanato de lantano (\u00f3xido de lantano y titanio)"},"content":{"rendered":"<p>El titanato de lantano se refiere a un compuesto formado por lantano y titanio, con la f\u00f3rmula qu\u00edmica LaTiO3. Es una sustancia con las caracter\u00edsticas de los \u00f3xidos de metales de transici\u00f3n, con estabilidad a altas temperaturas, alta dureza, alta resistencia a la corrosi\u00f3n, alta constante diel\u00e9ctrica y piezoelectricidad. VIMATERIAL se especializa en proporcionar varios tipos de objetivos de pulverizaci\u00f3n cat\u00f3dica: objetivos met\u00e1licos, objetivos de aleaci\u00f3n, objetivos cer\u00e1micos, etc. <\/p>\n<h2><span style=\"font-size: 14pt;\">Propiedades<\/span><\/h2>\n<p>La pel\u00edcula de titanato de lantano tiene las excelentes caracter\u00edsticas de baja absorci\u00f3n de p\u00e9rdidas, f\u00e1cil preparaci\u00f3n y rendimiento estable. Se puede utilizar como un excelente material de recubrimiento para la preparaci\u00f3n de pel\u00edculas l\u00e1ser, por lo que tiene un gran potencial de desarrollo. <\/p>\n<h2><span style=\"font-size: 14pt;\">\u00bfCu\u00e1les son las aplicaciones del titanato de lantano?<\/span><\/h2>\n<p>El titanato de lantano tiene una amplia gama de posibilidades de aplicaci\u00f3n y desempe\u00f1a un papel importante en la electr\u00f3nica, la optoelectr\u00f3nica, la energ\u00eda y otros campos. Por ejemplo, el titanato de lantano se puede utilizar como materiales ferroel\u00e9ctricos, piezoel\u00e9ctricos y piroel\u00e9ctricos para la fabricaci\u00f3n de sensores, condensadores de pel\u00edcula, dispositivos electr\u00f3nicos, generadores, etc.; Tambi\u00e9n se puede utilizar como materiales an\u00f3dicos para dispositivos de almacenamiento de energ\u00eda y pilas de combustible de \u00f3xido s\u00f3lido.<\/p>\n<h2><span style=\"font-size: 14pt;\">Control de calidad<\/span><\/h2>\n<p>Nuestros productos implementan el sistema de gesti\u00f3n de calidad m\u00e1s estricto. Existen estrictos est\u00e1ndares de inspecci\u00f3n para los materiales entrantes, los procesos, las inspecciones finales y las inspecciones de f\u00e1brica. Se adoptar\u00e1n estrictas medidas de aislamiento para el procesamiento no calificado para evitar que los productos no calificados fluyan hacia el siguiente proceso. Las muestras se proporcionar\u00e1n a los clientes de acuerdo con los requisitos del cliente para la reinspecci\u00f3n.   <\/p>\n<h2><span style=\"font-size: 14pt;\">Embalaje y almacenamiento<\/span><\/h2>\n<p>Interior: envasado al vac\u00edo con bolsa transparente, exterior: caja de cart\u00f3n\/madera. Este producto debe sellarse y almacenarse en un ambiente seco y fresco. No debe exponerse al aire durante mucho tiempo y debe evitarse la presi\u00f3n fuerte.<\/p>\n","protected":false},"excerpt":{"rendered":"<p>El titanato de lantano se refiere a un compuesto formado por lantano y titanio, con la f\u00f3rmula qu\u00edmica LaTiO3. Es una sustancia con las caracter\u00edsticas de los \u00f3xidos de metales de transici\u00f3n, con estabilidad a altas temperaturas, alta dureza, alta resistencia a la corrosi\u00f3n, alta constante diel\u00e9ctrica y piezoelectricidad. VIMATERIAL se especializa en proporcionar varios [&hellip;]<\/p>\n","protected":false},"featured_media":1033809,"comment_status":"open","ping_status":"closed","template":"","meta":{"_acf_changed":false},"product_brand":[],"product_cat":[184],"product_tag":[],"class_list":{"0":"post-1027802","1":"product","2":"type-product","3":"status-publish","4":"has-post-thumbnail","6":"product_cat-materiales-de-tierras-raras","8":"first","9":"instock","10":"shipping-taxable","11":"product-type-variable"},"acf":[],"_links":{"self":[{"href":"https:\/\/vimaterial.de\/es\/wp-json\/wp\/v2\/product\/1027802","targetHints":{"allow":["GET"]}}],"collection":[{"href":"https:\/\/vimaterial.de\/es\/wp-json\/wp\/v2\/product"}],"about":[{"href":"https:\/\/vimaterial.de\/es\/wp-json\/wp\/v2\/types\/product"}],"replies":[{"embeddable":true,"href":"https:\/\/vimaterial.de\/es\/wp-json\/wp\/v2\/comments?post=1027802"}],"wp:featuredmedia":[{"embeddable":true,"href":"https:\/\/vimaterial.de\/es\/wp-json\/wp\/v2\/media\/1033809"}],"wp:attachment":[{"href":"https:\/\/vimaterial.de\/es\/wp-json\/wp\/v2\/media?parent=1027802"}],"wp:term":[{"taxonomy":"product_brand","embeddable":true,"href":"https:\/\/vimaterial.de\/es\/wp-json\/wp\/v2\/product_brand?post=1027802"},{"taxonomy":"product_cat","embeddable":true,"href":"https:\/\/vimaterial.de\/es\/wp-json\/wp\/v2\/product_cat?post=1027802"},{"taxonomy":"product_tag","embeddable":true,"href":"https:\/\/vimaterial.de\/es\/wp-json\/wp\/v2\/product_tag?post=1027802"}],"curies":[{"name":"wp","href":"https:\/\/api.w.org\/{rel}","templated":true}]}}