{"id":1027416,"date":"2024-06-17T16:05:10","date_gmt":"2024-06-17T08:05:10","guid":{"rendered":"https:\/\/vimaterial.de\/product\/nitrato-de-cerio-hexahidratado\/"},"modified":"2025-04-25T10:26:17","modified_gmt":"2025-04-25T02:26:17","slug":"nitrato-de-cerio-hexahidratado","status":"publish","type":"product","link":"https:\/\/vimaterial.de\/es\/product\/nitrato-de-cerio-hexahidratado\/","title":{"rendered":"Nitrato de cerio hexahidratado"},"content":{"rendered":"<p>El polvo hexahidratado de nitrato de cerio es un compuesto inorg\u00e1nico blanco o blanquecino, f\u00e1cilmente delicuescente, soluble en agua y alcoholes, formado por iones de cerio e iones de nitrato con seis aguas cristalinas.<\/p>\n<h2><span style=\"font-size: 14pt;\">Propiedades<\/span><\/h2>\n<p>Peso molecular: 434,12 g\/mol<\/p>\n<p>F\u00f3rmula molecular: Ce(NO\u2083)\u2083-6H\u2082O<\/p>\n<p>N\u00ba CAS: 10294-41-4<\/p>\n<p>Aspecto: El nitrato de cerio hexahidratado suele ser un polvo cristalino de color blanco a amarillo.<\/p>\n<p>Densidad: 1,67 &#8211; 1,9 g\/cm\u00b3.<\/p>\n<p>Punto de fusi\u00f3n: 65 \u00b0C<\/p>\n<p>Punto de ebullici\u00f3n: por encima de 200 \u00b0C (descomposici\u00f3n)<\/p>\n<p>Solubilidad: El nitrato de cerio hexahidratado es soluble en agua y etanol y es delicuescente, absorbe f\u00e1cilmente la humedad y se humedece en el aire.<\/p>\n<p>Oxidaci\u00f3n: El nitrato de cerio hexahidratado es un agente oxidante.<\/p>\n<p>Estabilidad: se descompondr\u00e1 a alta temperatura y puede formar una mezcla explosiva cuando se mezcla con agente reductor, materia org\u00e1nica y material inflamable.<\/p>\n<p>Magnetismo: El nitrato de cerio hexahidratado es paramagn\u00e9tico.<\/p>\n<p>Conductividad: El nitrato de cerio hexahidratado tiene una conductividad d\u00e9bil, pero los iones ionizados en la soluci\u00f3n pueden conducir la electricidad.<\/p>\n<h2><span style=\"font-size: 14pt;\">Aplicaciones<\/span><\/h2>\n<p><strong>Petroqu\u00edmica:<\/strong> Utilizados como catalizadores petroqu\u00edmicos en una variedad de reacciones qu\u00edmicas, por ejemplo, la adici\u00f3n de cerio a tolueno y estireno mejora la producci\u00f3n de estireno. En los catalizadores FCC, la adici\u00f3n de nitrato de cerio hexahidratado a los catalizadores que contienen zeolitas proporciona actividad catal\u00edtica en el reactor y estabilidad t\u00e9rmica en el regenerador. <\/p>\n<p><strong>Cat\u00e1lisis ambiental:<\/strong> Se puede utilizar en reacciones catal\u00edticas relacionadas con la protecci\u00f3n del medio ambiente, por ejemplo, para ayudar a eliminar gases nocivos en algunos procesos de tratamiento de gases de escape.<\/p>\n<p><strong>Aditivos para pantallas de l\u00e1mparas de vapor:<\/strong> Se utiliza en la producci\u00f3n de pantallas de l\u00e1mparas de vapor, que pueden mejorar el rendimiento de las pantallas.<\/p>\n<p><strong>Aditivos de carburo cementado:<\/strong> Se utilizan como aditivos en la fabricaci\u00f3n de carburo cementado para mejorar el rendimiento de la aleaci\u00f3n.<\/p>\n<p><strong>Ingrediente del polvo pulidor:<\/strong> Es uno de los componentes de ciertos polvos de pulido y se utiliza en el pulido de metales, vidrio y otros materiales.<\/p>\n<p><strong>Campo de material electr\u00f3nico:<\/strong> Se utiliza en la fabricaci\u00f3n de dispositivos electr\u00f3nicos como tubos de electrones, por ejemplo, se utiliza para preparar algunos materiales electr\u00f3nicos especiales o recubrimientos.<\/p>\n<p><strong>Campo farmac\u00e9utico:<\/strong> Se utiliza como reactivo anal\u00edtico en qu\u00edmica anal\u00edtica y tambi\u00e9n se utiliza en la industria farmac\u00e9utica.<\/p>\n<p><strong>Campo agr\u00edcola:<\/strong> Se puede utilizar en la preparaci\u00f3n de fertilizantes de tierras raras para mejorar la estructura del suelo y mejorar el rendimiento y la calidad de los cultivos.<\/p>\n<p><strong>Campo de fundici\u00f3n de metales:<\/strong> En la fundici\u00f3n de hierro y acero, se puede utilizar para eliminar el ox\u00edgeno y el azufre libres del acero, mediante la formaci\u00f3n de oxisulfuros estables, y para unir algunos oligoelementos no deseados, como el plomo y el antimonio.<\/p>\n","protected":false},"excerpt":{"rendered":"<p>El polvo hexahidratado de nitrato de cerio es un compuesto inorg\u00e1nico blanco o blanquecino, f\u00e1cilmente delicuescente, soluble en agua y alcoholes, formado por iones de cerio e iones de nitrato con seis aguas cristalinas.<\/p>\n","protected":false},"featured_media":1033959,"comment_status":"open","ping_status":"closed","template":"","meta":{"_acf_changed":false},"product_brand":[],"product_cat":[184],"product_tag":[],"class_list":{"0":"post-1027416","1":"product","2":"type-product","3":"status-publish","4":"has-post-thumbnail","6":"product_cat-materiales-de-tierras-raras","8":"first","9":"instock","10":"shipping-taxable","11":"purchasable","12":"product-type-variable"},"acf":[],"_links":{"self":[{"href":"https:\/\/vimaterial.de\/es\/wp-json\/wp\/v2\/product\/1027416","targetHints":{"allow":["GET"]}}],"collection":[{"href":"https:\/\/vimaterial.de\/es\/wp-json\/wp\/v2\/product"}],"about":[{"href":"https:\/\/vimaterial.de\/es\/wp-json\/wp\/v2\/types\/product"}],"replies":[{"embeddable":true,"href":"https:\/\/vimaterial.de\/es\/wp-json\/wp\/v2\/comments?post=1027416"}],"wp:featuredmedia":[{"embeddable":true,"href":"https:\/\/vimaterial.de\/es\/wp-json\/wp\/v2\/media\/1033959"}],"wp:attachment":[{"href":"https:\/\/vimaterial.de\/es\/wp-json\/wp\/v2\/media?parent=1027416"}],"wp:term":[{"taxonomy":"product_brand","embeddable":true,"href":"https:\/\/vimaterial.de\/es\/wp-json\/wp\/v2\/product_brand?post=1027416"},{"taxonomy":"product_cat","embeddable":true,"href":"https:\/\/vimaterial.de\/es\/wp-json\/wp\/v2\/product_cat?post=1027416"},{"taxonomy":"product_tag","embeddable":true,"href":"https:\/\/vimaterial.de\/es\/wp-json\/wp\/v2\/product_tag?post=1027416"}],"curies":[{"name":"wp","href":"https:\/\/api.w.org\/{rel}","templated":true}]}}