{"id":1027365,"date":"2024-06-17T16:05:11","date_gmt":"2024-06-17T08:05:11","guid":{"rendered":"https:\/\/vimaterial.de\/product\/bromuro-de-cerio\/"},"modified":"2024-09-25T17:08:50","modified_gmt":"2024-09-25T09:08:50","slug":"bromuro-de-cerio","status":"publish","type":"product","link":"https:\/\/vimaterial.de\/es\/product\/bromuro-de-cerio\/","title":{"rendered":"Bromuro de cerio"},"content":{"rendered":"<p>El bromuro de cerio (CeBr\u2083) es un compuesto inorg\u00e1nico, que se encuentra com\u00fanmente en forma cristalina o en polvo.Es un haluro de tierras raras compuesto de cerio (Ce) y bromo (Br), y exhibe propiedades \u00f3pticas y de centelleo \u00fanicas.El polvo de CeBr\u2083 es muy valorado en aplicaciones cient\u00edficas e industriales debido a su capacidad para detectar y medir la radiaci\u00f3n gamma.<\/p>\n<p>Propiedades:<\/p>\n<p>Alta eficiencia: El bromuro de cerio cuenta con un alto rendimiento de fotones, lo que lo hace muy eficiente para convertir la radiaci\u00f3n en luz visible.<\/p>\n<p>Baja higroscopicidad: El CeBr\u2083 es relativamente menos higrosc\u00f3pico en comparaci\u00f3n con otros haluros de tierras raras, lo que significa que absorbe menos humedad del aire, lo que mejora su estabilidad y longevidad.<\/p>\n<p>Resoluci\u00f3n de alta energ\u00eda: Este material es conocido por su capacidad para ofrecer una resoluci\u00f3n de alta energ\u00eda, que es fundamental para distinguir entre los diferentes tipos de radiaci\u00f3n.<\/p>\n<p>Aplicaciones:<\/p>\n<p>Centelleadores: CeBr\u2083 es ampliamente utilizado en detectores de centelleo, particularmente para la detecci\u00f3n de rayos gamma.Tiene una alta salida de luz y tiempos de respuesta r\u00e1pidos, lo que lo hace ideal para aplicaciones que requieren una detecci\u00f3n precisa de radiaci\u00f3n, como im\u00e1genes m\u00e9dicas, investigaci\u00f3n nuclear y seguridad nacional.<\/p>\n<p>Dispositivos \u00f3pticos: Debido a su excelente transparencia y caracter\u00edsticas \u00f3pticas, CeBr\u2083 tambi\u00e9n se utiliza en componentes \u00f3pticos especializados.<\/p>\n<p>El polvo de bromuro de cerio generalmente se prepara con alta pureza para estas aplicaciones avanzadas, lo que garantiza un rendimiento \u00f3ptimo en entornos sensibles.<\/p>\n","protected":false},"excerpt":{"rendered":"<p>El bromuro de cerio (CeBr\u2083) es un compuesto inorg\u00e1nico, que se encuentra com\u00fanmente en forma cristalina o en polvo.<br \/>\nEs un haluro de tierras raras compuesto de cerio (Ce) y bromo (Br), y exhibe propiedades \u00f3pticas y de centelleo \u00fanicas.<br \/>\nEl polvo de CeBr\u2083 es muy valorado en aplicaciones cient\u00edficas e industriales debido a su capacidad para detectar y medir la radiaci\u00f3n gamma.<\/p>\n","protected":false},"featured_media":1033984,"comment_status":"open","ping_status":"closed","template":"","meta":{"_acf_changed":false},"product_brand":[],"product_cat":[184],"product_tag":[],"class_list":{"0":"post-1027365","1":"product","2":"type-product","3":"status-publish","4":"has-post-thumbnail","6":"product_cat-materiales-de-tierras-raras","8":"first","9":"instock","10":"shipping-taxable","11":"product-type-variable"},"acf":[],"_links":{"self":[{"href":"https:\/\/vimaterial.de\/es\/wp-json\/wp\/v2\/product\/1027365","targetHints":{"allow":["GET"]}}],"collection":[{"href":"https:\/\/vimaterial.de\/es\/wp-json\/wp\/v2\/product"}],"about":[{"href":"https:\/\/vimaterial.de\/es\/wp-json\/wp\/v2\/types\/product"}],"replies":[{"embeddable":true,"href":"https:\/\/vimaterial.de\/es\/wp-json\/wp\/v2\/comments?post=1027365"}],"wp:featuredmedia":[{"embeddable":true,"href":"https:\/\/vimaterial.de\/es\/wp-json\/wp\/v2\/media\/1033984"}],"wp:attachment":[{"href":"https:\/\/vimaterial.de\/es\/wp-json\/wp\/v2\/media?parent=1027365"}],"wp:term":[{"taxonomy":"product_brand","embeddable":true,"href":"https:\/\/vimaterial.de\/es\/wp-json\/wp\/v2\/product_brand?post=1027365"},{"taxonomy":"product_cat","embeddable":true,"href":"https:\/\/vimaterial.de\/es\/wp-json\/wp\/v2\/product_cat?post=1027365"},{"taxonomy":"product_tag","embeddable":true,"href":"https:\/\/vimaterial.de\/es\/wp-json\/wp\/v2\/product_tag?post=1027365"}],"curies":[{"name":"wp","href":"https:\/\/api.w.org\/{rel}","templated":true}]}}