{"id":1027328,"date":"2024-06-17T16:05:12","date_gmt":"2024-06-17T08:05:12","guid":{"rendered":"https:\/\/vimaterial.de\/product\/fluoruro-de-cerio-3\/"},"modified":"2024-10-25T09:01:04","modified_gmt":"2024-10-25T01:01:04","slug":"fluoruro-de-cerio-3","status":"publish","type":"product","link":"https:\/\/vimaterial.de\/es\/product\/fluoruro-de-cerio-3\/","title":{"rendered":"Fluoruro de cerio"},"content":{"rendered":"<p>Los gr\u00e1nulos de fluoruro de cerio (CeF\u2083) son un compuesto inorg\u00e1nico importante.<\/p>\n<h3>Propiedades f\u00edsicas:<\/h3>\n<p>Aspecto: generalmente un polvo blanco, a veces mostrando gr\u00e1nulos de mijo.<\/p>\n<p>Densidad: 6,16 g\/ml a 25 \u00b0C.<\/p>\n<p>Punto de fusi\u00f3n: alrededor de 1640 \u00b0C.<\/p>\n<p>Punto de ebullici\u00f3n: alrededor de 2300 \u00b0C.<\/p>\n<h3>Propiedades qu\u00edmicas:<\/h3>\n<p>Solubilidad: insoluble en agua, pero soluble en \u00e1cido.6 Se hidroliza lentamente en un ambiente h\u00famedo.<\/p>\n<h3>Usos:<\/h3>\n<p>Detecci\u00f3n de radiaci\u00f3n: en los detectores de centelleo, los gr\u00e1nulos de fluoruro de cerio se pueden utilizar como material cristalino para la detecci\u00f3n de radiaci\u00f3n, capaz de emitir luz cuando se expone a la radiaci\u00f3n.<\/p>\n<p>\u00d3ptica: se puede utilizar como material de recubrimiento \u00f3ptico para componentes \u00f3pticos como lentes, donde mejora el rendimiento del sistema \u00f3ptico debido a su alto \u00edndice de refracci\u00f3n.<\/p>\n<p>Catalizador: Es un catalizador en una variedad de procesos industriales, como la refinaci\u00f3n de petr\u00f3leo y la s\u00edntesis qu\u00edmica.<\/p>\n<p>Aplicaciones dentales: se utiliza como agente radiopaco en materiales de obturaci\u00f3n dental y composites, tambi\u00e9n en cer\u00e1micas dentales y pr\u00f3tesis.<\/p>\n","protected":false},"excerpt":{"rendered":"<p>Los gr\u00e1nulos de fluoruro de cerio (CeF\u2083) son un compuesto inorg\u00e1nico importante.<\/p>\n<p>Detecci\u00f3n de radiaci\u00f3n: en los detectores de centelleo, los gr\u00e1nulos de fluoruro de cerio se pueden utilizar como material cristalino para la detecci\u00f3n de radiaci\u00f3n, capaz de emitir luz cuando se expone a la radiaci\u00f3n.<\/p>\n<p>\u00d3ptica: se puede utilizar como material de recubrimiento \u00f3ptico para componentes \u00f3pticos como lentes, donde mejora el rendimiento del sistema \u00f3ptico debido a su alto \u00edndice de refracci\u00f3n.<\/p>\n","protected":false},"featured_media":1033999,"comment_status":"open","ping_status":"closed","template":"","meta":{"_acf_changed":false},"product_brand":[],"product_cat":[179],"product_tag":[],"class_list":{"0":"post-1027328","1":"product","2":"type-product","3":"status-publish","4":"has-post-thumbnail","6":"product_cat-materiales-de-evaporacion","8":"first","9":"instock","10":"shipping-taxable","11":"purchasable","12":"product-type-variable"},"acf":[],"_links":{"self":[{"href":"https:\/\/vimaterial.de\/es\/wp-json\/wp\/v2\/product\/1027328","targetHints":{"allow":["GET"]}}],"collection":[{"href":"https:\/\/vimaterial.de\/es\/wp-json\/wp\/v2\/product"}],"about":[{"href":"https:\/\/vimaterial.de\/es\/wp-json\/wp\/v2\/types\/product"}],"replies":[{"embeddable":true,"href":"https:\/\/vimaterial.de\/es\/wp-json\/wp\/v2\/comments?post=1027328"}],"wp:featuredmedia":[{"embeddable":true,"href":"https:\/\/vimaterial.de\/es\/wp-json\/wp\/v2\/media\/1033999"}],"wp:attachment":[{"href":"https:\/\/vimaterial.de\/es\/wp-json\/wp\/v2\/media?parent=1027328"}],"wp:term":[{"taxonomy":"product_brand","embeddable":true,"href":"https:\/\/vimaterial.de\/es\/wp-json\/wp\/v2\/product_brand?post=1027328"},{"taxonomy":"product_cat","embeddable":true,"href":"https:\/\/vimaterial.de\/es\/wp-json\/wp\/v2\/product_cat?post=1027328"},{"taxonomy":"product_tag","embeddable":true,"href":"https:\/\/vimaterial.de\/es\/wp-json\/wp\/v2\/product_tag?post=1027328"}],"curies":[{"name":"wp","href":"https:\/\/api.w.org\/{rel}","templated":true}]}}