{"id":1027257,"date":"2024-06-17T16:05:12","date_gmt":"2024-06-17T08:05:12","guid":{"rendered":"https:\/\/vimaterial.de\/product\/fluoruro-de-cerio\/"},"modified":"2024-10-25T09:27:56","modified_gmt":"2024-10-25T01:27:56","slug":"fluoruro-de-cerio","status":"publish","type":"product","link":"https:\/\/vimaterial.de\/es\/product\/fluoruro-de-cerio\/","title":{"rendered":"Fluoruro de cerio"},"content":{"rendered":"<p>El objetivo de fluoruro de cerio es un material de recubrimiento importante.<\/p>\n<h3>Informaci\u00f3n b\u00e1sica:<\/h3>\n<p>F\u00f3rmula qu\u00edmica: CeF\u2083, un compuesto i\u00f3nico compuesto por el metal de tierras raras cerio y el elemento fl\u00faor.<\/p>\n<p>N\u00ba CAS: 7758-88-5.<\/p>\n<p>Aspecto: Generalmente s\u00f3lido cristalino blanco.<\/p>\n<p>Punto de fusi\u00f3n: alrededor de 1460 \u00b0C.<\/p>\n<p>Punto de ebullici\u00f3n: alrededor de 2300 \u00b0C.<\/p>\n<p>Densidad: 6,16 g\/cm\u00b3.<\/p>\n<h3>Campos de aplicaci\u00f3n:<\/h3>\n<p>Campo de semiconductores: en la fabricaci\u00f3n de semiconductores, el material objetivo de fluoruro de cerio se puede utilizar para preparar la capa aislante de los dispositivos electr\u00f3nicos, la capa conductora y otras pel\u00edculas delgadas, como en la fabricaci\u00f3n de circuitos integrados, que se utilizan para formar una capa aislante entre la capa de interconexi\u00f3n met\u00e1lica, para mejorar el rendimiento y la confiabilidad del circuito.<\/p>\n<p>Campo \u00f3ptico: utilizado en la fabricaci\u00f3n de lentes \u00f3pticas, filtros \u00f3pticos, ventanas \u00f3pticas y otros componentes \u00f3pticos del recubrimiento, puede mejorar el rendimiento \u00f3ptico de los componentes \u00f3pticos, como aumentar la transmisi\u00f3n de luz, reducir la reflexi\u00f3n.<\/p>\n<p>Campo magn\u00e9tico: En dispositivos de almacenamiento magn\u00e9tico, como discos duros, discos magn\u00e9ticos, etc., los objetivos de fluoruro de cerio se pueden usar para preparar pel\u00edculas de grabaci\u00f3n magn\u00e9tica para mejorar la densidad y la estabilidad del almacenamiento magn\u00e9tico.<\/p>\n<p>Nuevo campo de energ\u00eda: en equipos de nueva energ\u00eda como c\u00e9lulas solares, pilas de combustible, etc., los objetivos de CeF\u2083 se pueden utilizar para preparar materiales de electrodos para el recubrimiento para mejorar la actividad catal\u00edtica y la estabilidad de los electrodos, mejorando as\u00ed la eficiencia y el rendimiento de los equipos de nueva energ\u00eda.<\/p>\n","protected":false},"excerpt":{"rendered":"<p>El objetivo de fluoruro de cerio es un material de recubrimiento importante.<\/p>\n<p>Campo de semiconductores: en la fabricaci\u00f3n de semiconductores, el material objetivo de fluoruro de cerio se puede utilizar para preparar la capa aislante de los dispositivos electr\u00f3nicos, la capa conductora y otras pel\u00edculas delgadas, como en la fabricaci\u00f3n de circuitos integrados, que se utilizan para formar una capa aislante entre la capa de interconexi\u00f3n met\u00e1lica, para mejorar el rendimiento y la confiabilidad del circuito.<\/p>\n<p>Campo \u00f3ptico: utilizado en la fabricaci\u00f3n de lentes \u00f3pticas, filtros \u00f3pticos, ventanas \u00f3pticas y otros componentes \u00f3pticos del recubrimiento, puede mejorar el rendimiento \u00f3ptico de los componentes \u00f3pticos, como aumentar la transmisi\u00f3n de luz, reducir la reflexi\u00f3n.<\/p>\n","protected":false},"featured_media":1034009,"comment_status":"open","ping_status":"closed","template":"","meta":{"_acf_changed":false},"product_brand":[],"product_cat":[178],"product_tag":[],"class_list":{"0":"post-1027257","1":"product","2":"type-product","3":"status-publish","4":"has-post-thumbnail","6":"product_cat-catodos-para-sputtering-planar","8":"first","9":"instock","10":"shipping-taxable","11":"product-type-variable"},"acf":[],"_links":{"self":[{"href":"https:\/\/vimaterial.de\/es\/wp-json\/wp\/v2\/product\/1027257","targetHints":{"allow":["GET"]}}],"collection":[{"href":"https:\/\/vimaterial.de\/es\/wp-json\/wp\/v2\/product"}],"about":[{"href":"https:\/\/vimaterial.de\/es\/wp-json\/wp\/v2\/types\/product"}],"replies":[{"embeddable":true,"href":"https:\/\/vimaterial.de\/es\/wp-json\/wp\/v2\/comments?post=1027257"}],"wp:featuredmedia":[{"embeddable":true,"href":"https:\/\/vimaterial.de\/es\/wp-json\/wp\/v2\/media\/1034009"}],"wp:attachment":[{"href":"https:\/\/vimaterial.de\/es\/wp-json\/wp\/v2\/media?parent=1027257"}],"wp:term":[{"taxonomy":"product_brand","embeddable":true,"href":"https:\/\/vimaterial.de\/es\/wp-json\/wp\/v2\/product_brand?post=1027257"},{"taxonomy":"product_cat","embeddable":true,"href":"https:\/\/vimaterial.de\/es\/wp-json\/wp\/v2\/product_cat?post=1027257"},{"taxonomy":"product_tag","embeddable":true,"href":"https:\/\/vimaterial.de\/es\/wp-json\/wp\/v2\/product_tag?post=1027257"}],"curies":[{"name":"wp","href":"https:\/\/api.w.org\/{rel}","templated":true}]}}