{"id":1027173,"date":"2024-06-17T16:05:14","date_gmt":"2024-06-17T08:05:14","guid":{"rendered":"https:\/\/vimaterial.de\/product\/fosfato-de-cerio\/"},"modified":"2024-10-24T16:05:52","modified_gmt":"2024-10-24T08:05:52","slug":"fosfato-de-cerio","status":"publish","type":"product","link":"https:\/\/vimaterial.de\/es\/product\/fosfato-de-cerio\/","title":{"rendered":"Fosfato de cerio"},"content":{"rendered":"<p>El polvo de fosfato de cerio es un compuesto inorg\u00e1nico importante.<\/p>\n<h3>Informaci\u00f3n b\u00e1sica:<\/h3>\n<p>F\u00f3rmula qu\u00edmica: generalmente se expresa como CePO4, el primero es CePO4 anhidro, el segundo es fosfato de cerio con agua cristalina.<\/p>\n<p>Masa molar: la masa molar del CePO4 anhidro es de aproximadamente 235,0874 g\/mol, y la masa molar del fosfato de cerio que contiene agua de cristalizaci\u00f3n es de aproximadamente 253,09 g\/mol (calculada como si contuviera un agua de cristalizaci\u00f3n).<\/p>\n<p>Aspecto: s\u00f3lido polvoriento generalmente blanco o amarillento.<\/p>\n<p>Densidad: La densidad relativa es alta, alrededor de 5,22 g\/cm\u00b3.<\/p>\n<p>Solubilidad: Dif\u00edcil de disolver en agua y \u00e1cidos inorg\u00e1nicos.<\/p>\n<p>PUNTO DE FUSI\u00d3N: Punto de fusi\u00f3n relativamente alto, lo que le permite mantener una estructura estable a altas temperaturas ambiente.<\/p>\n<h3>\u00c1reas de aplicaci\u00f3n:<\/h3>\n<p>Ciencia de los materiales: se puede utilizar en la preparaci\u00f3n de materiales cer\u00e1micos electr\u00f3nicos, como materiales diel\u00e9ctricos, materiales piezoel\u00e9ctricos y otros aditivos, puede mejorar las propiedades el\u00e9ctricas del material.<\/p>\n<p>Campo \u00f3ptico: Tiene importantes aplicaciones en materiales \u00f3pticos como el f\u00f3sforo y el vidrio. Por ejemplo, en el f\u00f3sforo, el CePO4 se puede utilizar como activador para mejorar la eficiencia luminosa y el brillo del f\u00f3sforo.<\/p>\n<p>Campo catalizador: Se puede utilizar como catalizador o portador de catalizador para catalizar algunas reacciones qu\u00edmicas, como la reacci\u00f3n de oxidaci\u00f3n y la reacci\u00f3n de hidrogenaci\u00f3n.<\/p>\n","protected":false},"excerpt":{"rendered":"<p>El polvo de fosfato de cerio es un compuesto inorg\u00e1nico importante.<\/p>\n<p>Ciencia de los materiales: se puede utilizar en la preparaci\u00f3n de materiales cer\u00e1micos electr\u00f3nicos, como materiales diel\u00e9ctricos, materiales piezoel\u00e9ctricos y otros aditivos, puede mejorar las propiedades el\u00e9ctricas del material.<\/p>\n<p>Campo \u00f3ptico: Tiene importantes aplicaciones en materiales \u00f3pticos como el f\u00f3sforo y el vidrio. Por ejemplo, en el f\u00f3sforo, el fosfato de cerio se puede utilizar como activador para mejorar la eficiencia luminosa y el brillo del f\u00f3sforo.<\/p>\n<p>&nbsp;<\/p>\n","protected":false},"featured_media":1034039,"comment_status":"open","ping_status":"closed","template":"","meta":{"_acf_changed":false},"product_brand":[],"product_cat":[164],"product_tag":[],"class_list":{"0":"post-1027173","1":"product","2":"type-product","3":"status-publish","4":"has-post-thumbnail","6":"product_cat-sin-categoria","8":"first","9":"instock","10":"shipping-taxable","11":"purchasable","12":"product-type-variable"},"acf":[],"_links":{"self":[{"href":"https:\/\/vimaterial.de\/es\/wp-json\/wp\/v2\/product\/1027173","targetHints":{"allow":["GET"]}}],"collection":[{"href":"https:\/\/vimaterial.de\/es\/wp-json\/wp\/v2\/product"}],"about":[{"href":"https:\/\/vimaterial.de\/es\/wp-json\/wp\/v2\/types\/product"}],"replies":[{"embeddable":true,"href":"https:\/\/vimaterial.de\/es\/wp-json\/wp\/v2\/comments?post=1027173"}],"wp:featuredmedia":[{"embeddable":true,"href":"https:\/\/vimaterial.de\/es\/wp-json\/wp\/v2\/media\/1034039"}],"wp:attachment":[{"href":"https:\/\/vimaterial.de\/es\/wp-json\/wp\/v2\/media?parent=1027173"}],"wp:term":[{"taxonomy":"product_brand","embeddable":true,"href":"https:\/\/vimaterial.de\/es\/wp-json\/wp\/v2\/product_brand?post=1027173"},{"taxonomy":"product_cat","embeddable":true,"href":"https:\/\/vimaterial.de\/es\/wp-json\/wp\/v2\/product_cat?post=1027173"},{"taxonomy":"product_tag","embeddable":true,"href":"https:\/\/vimaterial.de\/es\/wp-json\/wp\/v2\/product_tag?post=1027173"}],"curies":[{"name":"wp","href":"https:\/\/api.w.org\/{rel}","templated":true}]}}