{"id":1027160,"date":"2024-06-17T16:05:15","date_gmt":"2024-06-17T08:05:15","guid":{"rendered":"https:\/\/vimaterial.de\/product\/siliciuro-de-cerio-2\/"},"modified":"2024-10-24T14:02:05","modified_gmt":"2024-10-24T06:02:05","slug":"siliciuro-de-cerio-2","status":"publish","type":"product","link":"https:\/\/vimaterial.de\/es\/product\/siliciuro-de-cerio-2\/","title":{"rendered":"Siliciuro de cerio"},"content":{"rendered":"<h3>Informaci\u00f3n b\u00e1sica<\/h3>\n<p>F\u00f3rmula qu\u00edmica: CeSi2, compuesto por dos elementos, cerio (Ce) y silicio (Si), de los cuales el cerio es un elemento de tierras raras que desempe\u00f1a un papel importante en la contribuci\u00f3n a las propiedades qu\u00edmicas y f\u00edsicas del compuesto.<\/p>\n<p>Peso molecular: alrededor de 196,3 g\/mol.<\/p>\n<p>N\u00famero CAS: 12014 &#8211; 85 &#8211; 6.<\/p>\n<p>Aspecto: Generalmente un polvo gris.<\/p>\n<p>Densidad: La densidad es alta, aproximadamente 4,84 g\/cm\u00b3.<\/p>\n<p>Punto de fusi\u00f3n y ebullici\u00f3n: El punto de fusi\u00f3n es de aproximadamente 1620 \u00b0C. El alto punto de fusi\u00f3n indica que se puede utilizar en una amplia gama de aplicaciones.<\/p>\n<p>Estructura cristalina: Estructura cristalina tetragonal.<\/p>\n<h3>Campos de aplicaci\u00f3n<\/h3>\n<p>Materiales electr\u00f3nicos: Siliciuro de cerio Como materiales semiconductores, se utilizan en la fabricaci\u00f3n de dispositivos electr\u00f3nicos, como transistores y circuitos integrados. Sus propiedades semiconductoras se pueden utilizar para controlar la conducci\u00f3n de corriente y el procesamiento de se\u00f1ales, y desempe\u00f1an un papel en la miniaturizaci\u00f3n y el alto rendimiento de los dispositivos electr\u00f3nicos.<\/p>\n<p>Campo de material termoel\u00e9ctrico: El siliciuro de cerio tiene aplicaciones potenciales en la conversi\u00f3n termoel\u00e9ctrica. Debido a sus propiedades el\u00e9ctricas y t\u00e9rmicas especiales, son capaces de convertir el calor y la electricidad entre s\u00ed, y pueden utilizarse para preparar equipos como generadores termoel\u00e9ctricos o enfriadores termoel\u00e9ctricos para mejorar la eficiencia del uso de la energ\u00eda.<\/p>\n<p>Campo de investigaci\u00f3n de la ciencia de los materiales: Es un material importante para estudiar las propiedades de las tierras raras: compuestos de silicio. A trav\u00e9s del estudio de la investigaci\u00f3n, podemos obtener una comprensi\u00f3n profunda de la interacci\u00f3n entre los elementos de tierras raras y los elementos de silicio, as\u00ed como el impacto de esta interacci\u00f3n en las propiedades f\u00edsicas y qu\u00edmicas de los materiales, proporcionando una base te\u00f3rica y experimental para el desarrollo de nuevos materiales.<\/p>\n","protected":false},"excerpt":{"rendered":"<p>Materiales electr\u00f3nicos:Siliciuro de cerio Como materiales semiconductores, se utilizan en la fabricaci\u00f3n de dispositivos electr\u00f3nicos, como transistores y circuitos integrados. Sus propiedades semiconductoras se pueden utilizar para controlar la conducci\u00f3n de corriente y el procesamiento de se\u00f1ales, y desempe\u00f1an un papel en la miniaturizaci\u00f3n y el alto rendimiento de los dispositivos electr\u00f3nicos.<\/p>\n<p>Campo de material termoel\u00e9ctrico: El siliciuro de cerio tiene aplicaciones potenciales en la conversi\u00f3n termoel\u00e9ctrica. Debido a sus propiedades el\u00e9ctricas y t\u00e9rmicas especiales, son capaces de convertir el calor y la electricidad entre s\u00ed, y pueden utilizarse para preparar equipos como generadores termoel\u00e9ctricos o enfriadores termoel\u00e9ctricos para mejorar la eficiencia del uso de la energ\u00eda.<\/p>\n","protected":false},"featured_media":1034049,"comment_status":"open","ping_status":"closed","template":"","meta":{"_acf_changed":false},"product_brand":[],"product_cat":[183,184],"product_tag":[],"class_list":{"0":"post-1027160","1":"product","2":"type-product","3":"status-publish","4":"has-post-thumbnail","6":"product_cat-c-n-b-si-materiales","7":"product_cat-materiales-de-tierras-raras","9":"first","10":"instock","11":"shipping-taxable","12":"product-type-variable"},"acf":[],"_links":{"self":[{"href":"https:\/\/vimaterial.de\/es\/wp-json\/wp\/v2\/product\/1027160","targetHints":{"allow":["GET"]}}],"collection":[{"href":"https:\/\/vimaterial.de\/es\/wp-json\/wp\/v2\/product"}],"about":[{"href":"https:\/\/vimaterial.de\/es\/wp-json\/wp\/v2\/types\/product"}],"replies":[{"embeddable":true,"href":"https:\/\/vimaterial.de\/es\/wp-json\/wp\/v2\/comments?post=1027160"}],"wp:featuredmedia":[{"embeddable":true,"href":"https:\/\/vimaterial.de\/es\/wp-json\/wp\/v2\/media\/1034049"}],"wp:attachment":[{"href":"https:\/\/vimaterial.de\/es\/wp-json\/wp\/v2\/media?parent=1027160"}],"wp:term":[{"taxonomy":"product_brand","embeddable":true,"href":"https:\/\/vimaterial.de\/es\/wp-json\/wp\/v2\/product_brand?post=1027160"},{"taxonomy":"product_cat","embeddable":true,"href":"https:\/\/vimaterial.de\/es\/wp-json\/wp\/v2\/product_cat?post=1027160"},{"taxonomy":"product_tag","embeddable":true,"href":"https:\/\/vimaterial.de\/es\/wp-json\/wp\/v2\/product_tag?post=1027160"}],"curies":[{"name":"wp","href":"https:\/\/api.w.org\/{rel}","templated":true}]}}