{"id":1027151,"date":"2024-06-17T16:05:14","date_gmt":"2024-06-17T08:05:14","guid":{"rendered":"https:\/\/vimaterial.de\/product\/siliciuro-de-cerio\/"},"modified":"2024-10-24T16:29:16","modified_gmt":"2024-10-24T08:29:16","slug":"siliciuro-de-cerio","status":"publish","type":"product","link":"https:\/\/vimaterial.de\/es\/product\/siliciuro-de-cerio\/","title":{"rendered":"Siliciuro de cerio"},"content":{"rendered":"<h3>Informaci\u00f3n b\u00e1sica<\/h3>\n<p>F\u00f3rmula qu\u00edmica: CeSi\u2082, compuesto por los elementos cerio (Ce) y silicio (Si), siendo el cerio un elemento de tierras raras.<\/p>\n<p>Peso molecular: aprox. 196,3 g\/mol.<br \/>\nN\u00ba CAS: 12014 &#8211; 85 &#8211; 6.<br \/>\nAspecto y forma: Generalmente part\u00edculas grises o gris-negras.<br \/>\nDensidad: La densidad es de aproximadamente 4,84 g\/cm\u00b3.<br \/>\nPunto de fusi\u00f3n y ebullici\u00f3n: El punto de fusi\u00f3n es de aproximadamente 1620 \u00b0C. El alto punto de fusi\u00f3n indica que se puede utilizar en una amplia gama de aplicaciones.<br \/>\nEstructura cristalina: Tiene una estructura cristalina tetragonal.<br \/>\nPropiedades el\u00e9ctricas: Es un material semiconductor.<\/p>\n<h3>Campos de aplicaci\u00f3n<\/h3>\n<p>Campo de materiales electr\u00f3nicos: Como materiales semiconductores, el siliciuro de cerio se utiliza en la fabricaci\u00f3n de dispositivos electr\u00f3nicos como transistores y circuitos integrados. Sus propiedades semiconductoras se pueden utilizar para controlar la conducci\u00f3n de corriente y el procesamiento de se\u00f1ales, y desempe\u00f1an un papel en la miniaturizaci\u00f3n y el alto rendimiento de los dispositivos electr\u00f3nicos.<\/p>\n<p>Campo de material termoel\u00e9ctrico: El siliciuro de cerio tiene aplicaciones potenciales en la conversi\u00f3n termoel\u00e9ctrica. Debido a sus propiedades el\u00e9ctricas y t\u00e9rmicas especiales, son capaces de convertir el calor y la electricidad entre s\u00ed, y pueden utilizarse para preparar equipos como generadores termoel\u00e9ctricos o enfriadores termoel\u00e9ctricos para mejorar la eficiencia del uso de la energ\u00eda.<\/p>\n<p>Campo de investigaci\u00f3n de la ciencia de los materiales: El siliciuro de cerio es un material importante para estudiar las propiedades de los compuestos de silicio de tierras raras. A trav\u00e9s del estudio del CeSi\u2082, podemos obtener una comprensi\u00f3n m\u00e1s profunda de las interacciones entre los elementos de tierras raras y los elementos de silicio, as\u00ed como los efectos de dichas interacciones en las propiedades f\u00edsicas y qu\u00edmicas de los materiales, proporcionando bases te\u00f3ricas y experimentales para el desarrollo de nuevos materiales.<\/p>\n","protected":false},"excerpt":{"rendered":"<p>Campo de materiales electr\u00f3nicos: Como materiales semiconductores, el siliciuro de cerio se utiliza en la fabricaci\u00f3n de dispositivos electr\u00f3nicos como transistores y circuitos integrados. Sus propiedades semiconductoras se pueden utilizar para controlar la conducci\u00f3n de corriente y el procesamiento de se\u00f1ales, y desempe\u00f1an un papel en la miniaturizaci\u00f3n y el alto rendimiento de los dispositivos electr\u00f3nicos.<\/p>\n<p>Campo de material termoel\u00e9ctrico: Tiene aplicaciones potenciales en la conversi\u00f3n termoel\u00e9ctrica. Debido a sus propiedades el\u00e9ctricas y t\u00e9rmicas especiales, son capaces de convertir el calor y la electricidad entre s\u00ed, y pueden utilizarse para preparar equipos como generadores termoel\u00e9ctricos o enfriadores termoel\u00e9ctricos para mejorar la eficiencia del uso de la energ\u00eda.<\/p>\n","protected":false},"featured_media":1034044,"comment_status":"open","ping_status":"closed","template":"","meta":{"_acf_changed":false},"product_brand":[],"product_cat":[179],"product_tag":[],"class_list":{"0":"post-1027151","1":"product","2":"type-product","3":"status-publish","4":"has-post-thumbnail","6":"product_cat-materiales-de-evaporacion","8":"first","9":"instock","10":"shipping-taxable","11":"product-type-variable"},"acf":[],"_links":{"self":[{"href":"https:\/\/vimaterial.de\/es\/wp-json\/wp\/v2\/product\/1027151","targetHints":{"allow":["GET"]}}],"collection":[{"href":"https:\/\/vimaterial.de\/es\/wp-json\/wp\/v2\/product"}],"about":[{"href":"https:\/\/vimaterial.de\/es\/wp-json\/wp\/v2\/types\/product"}],"replies":[{"embeddable":true,"href":"https:\/\/vimaterial.de\/es\/wp-json\/wp\/v2\/comments?post=1027151"}],"wp:featuredmedia":[{"embeddable":true,"href":"https:\/\/vimaterial.de\/es\/wp-json\/wp\/v2\/media\/1034044"}],"wp:attachment":[{"href":"https:\/\/vimaterial.de\/es\/wp-json\/wp\/v2\/media?parent=1027151"}],"wp:term":[{"taxonomy":"product_brand","embeddable":true,"href":"https:\/\/vimaterial.de\/es\/wp-json\/wp\/v2\/product_brand?post=1027151"},{"taxonomy":"product_cat","embeddable":true,"href":"https:\/\/vimaterial.de\/es\/wp-json\/wp\/v2\/product_cat?post=1027151"},{"taxonomy":"product_tag","embeddable":true,"href":"https:\/\/vimaterial.de\/es\/wp-json\/wp\/v2\/product_tag?post=1027151"}],"curies":[{"name":"wp","href":"https:\/\/api.w.org\/{rel}","templated":true}]}}