{"id":1027121,"date":"2024-06-17T16:05:15","date_gmt":"2024-06-17T08:05:15","guid":{"rendered":"https:\/\/vimaterial.de\/product\/oxido-de-praseodimio-4\/"},"modified":"2024-10-24T15:00:02","modified_gmt":"2024-10-24T07:00:02","slug":"oxido-de-praseodimio-4","status":"publish","type":"product","link":"https:\/\/vimaterial.de\/es\/product\/oxido-de-praseodimio-4\/","title":{"rendered":"\u00d3xido de praseodimio"},"content":{"rendered":"<h3>Informaci\u00f3n b\u00e1sica<\/h3>\n<p>F\u00f3rmula qu\u00edmica: Pr2O3, formado por los elementos praseodimio (Pr) y ox\u00edgeno (O), de los cuales el praseodimio es un elemento de tierras raras que exhibe una valencia de +3 en este compuesto.<\/p>\n<p>Peso molecular: alrededor de 329,81 g\/mol.<\/p>\n<p>CAS No. 12037 &#8211; 29 &#8211; 5.<\/p>\n<p>Aspecto y color: Generalmente gr\u00e1nulos de color amarillo verdoso o negro-verde. Densidad: Alta densidad, aproximadamente 7,07 g\/cm\u00b3.<\/p>\n<p>Punto de fusi\u00f3n y punto de ebullici\u00f3n: el punto de fusi\u00f3n es de aproximadamente 2307 \u00b0C, el punto de ebullici\u00f3n es de aproximadamente 4000 \u00b0C.<\/p>\n<p>Solubilidad: Dif\u00edcil de disolver en agua, la solubilidad en agua es extremadamente baja. Estructura cristalina: Tiene una estructura cristalina c\u00fabica.<\/p>\n<h3>Campos de aplicaci\u00f3n<\/h3>\n<p>Campo de material \u00f3ptico: \u00f3xido de praseodimio debido a sus propiedades \u00f3pticas especiales, como absorber y emitir longitudes de onda espec\u00edficas de luz, se puede utilizar en la fabricaci\u00f3n de vidrio \u00f3ptico, fibras \u00f3pticas y otros materiales.<\/p>\n<p>Materiales magn\u00e9ticos: El praseodimio tiene propiedades magn\u00e9ticas especiales y se puede utilizar como materia prima para la preparaci\u00f3n de materiales magn\u00e9ticos. Campo catalizador: Se puede utilizar como catalizador o precursor de un catalizador en algunas reacciones qu\u00edmicas.<\/p>\n<p>En el campo de los materiales cer\u00e1micos: El \u00f3xido de praseodimio se puede utilizar para preparar materiales cer\u00e1micos con propiedades especiales.<\/p>\n","protected":false},"excerpt":{"rendered":"<p>Campo de material \u00f3ptico: \u00f3xido de praseodimio debido a sus propiedades \u00f3pticas especiales, como absorber y emitir longitudes de onda espec\u00edficas de luz, se puede utilizar en la fabricaci\u00f3n de vidrio \u00f3ptico, fibras \u00f3pticas y otros materiales.<\/p>\n<p>Materiales magn\u00e9ticos: El praseodimio tiene propiedades magn\u00e9ticas especiales y se puede utilizar como materia prima para la preparaci\u00f3n de materiales magn\u00e9ticos.<\/p>\n","protected":false},"featured_media":1034064,"comment_status":"open","ping_status":"closed","template":"","meta":{"_acf_changed":false},"product_brand":[],"product_cat":[179],"product_tag":[],"class_list":{"0":"post-1027121","1":"product","2":"type-product","3":"status-publish","4":"has-post-thumbnail","6":"product_cat-materiales-de-evaporacion","8":"first","9":"instock","10":"shipping-taxable","11":"purchasable","12":"product-type-variable"},"acf":[],"_links":{"self":[{"href":"https:\/\/vimaterial.de\/es\/wp-json\/wp\/v2\/product\/1027121","targetHints":{"allow":["GET"]}}],"collection":[{"href":"https:\/\/vimaterial.de\/es\/wp-json\/wp\/v2\/product"}],"about":[{"href":"https:\/\/vimaterial.de\/es\/wp-json\/wp\/v2\/types\/product"}],"replies":[{"embeddable":true,"href":"https:\/\/vimaterial.de\/es\/wp-json\/wp\/v2\/comments?post=1027121"}],"wp:featuredmedia":[{"embeddable":true,"href":"https:\/\/vimaterial.de\/es\/wp-json\/wp\/v2\/media\/1034064"}],"wp:attachment":[{"href":"https:\/\/vimaterial.de\/es\/wp-json\/wp\/v2\/media?parent=1027121"}],"wp:term":[{"taxonomy":"product_brand","embeddable":true,"href":"https:\/\/vimaterial.de\/es\/wp-json\/wp\/v2\/product_brand?post=1027121"},{"taxonomy":"product_cat","embeddable":true,"href":"https:\/\/vimaterial.de\/es\/wp-json\/wp\/v2\/product_cat?post=1027121"},{"taxonomy":"product_tag","embeddable":true,"href":"https:\/\/vimaterial.de\/es\/wp-json\/wp\/v2\/product_tag?post=1027121"}],"curies":[{"name":"wp","href":"https:\/\/api.w.org\/{rel}","templated":true}]}}