{"id":1027104,"date":"2024-06-17T16:05:15","date_gmt":"2024-06-17T08:05:15","guid":{"rendered":"https:\/\/vimaterial.de\/product\/oxido-de-praseodimio-2\/"},"modified":"2024-10-24T15:12:33","modified_gmt":"2024-10-24T07:12:33","slug":"oxido-de-praseodimio-2","status":"publish","type":"product","link":"https:\/\/vimaterial.de\/es\/product\/oxido-de-praseodimio-2\/","title":{"rendered":"\u00d3xido de praseodimio"},"content":{"rendered":"<p>El polvo de \u00f3xido de praseodimio es un importante material de \u00f3xido de tierras raras.<\/p>\n<h3>Informaci\u00f3n b\u00e1sica:<\/h3>\n<p>F\u00f3rmula qu\u00edmica:, consiste en el elemento de tierras raras praseodimio (Pr) y ox\u00edgeno, en el que el praseodimio muestra una valencia de +3.<\/p>\n<p>Peso molecular: alrededor de 329,81 g\/mol.<\/p>\n<p>Aspecto: Por lo general, un s\u00f3lido en polvo de color amarillento a marr\u00f3n oscuro.<\/p>\n<p>Densidad: aprox. 6,77 g\/cm\u00b3.<\/p>\n<p>Punto de fusi\u00f3n: 2410\u00b0C.<\/p>\n<p>Estructura cristalina: con estructura de sistema cristalino hexagonal.<\/p>\n<h3>Propiedades qu\u00edmicas:<\/h3>\n<p>Reacci\u00f3n con el agua: reacciona con el agua para generar y emitir una gran cantidad de calor.<\/p>\n<p>Reacci\u00f3n con \u00e1cido: puede reaccionar con el \u00e1cido para formar la sal correspondiente, como reaccionar con \u00e1cido clorh\u00eddrico para formar cloruro de praseodimio.<\/p>\n<h3>Campo de aplicaci\u00f3n:<\/h3>\n<p>Materiales \u00f3pticos: El \u00f3xido de praseodimio se puede utilizar en la fabricaci\u00f3n de vidrio \u00f3ptico, fibra \u00f3ptica, etc. La adici\u00f3n de vidrio puede cambiar las propiedades \u00f3pticas del vidrio, como la absorci\u00f3n y transmisi\u00f3n de longitudes de onda espec\u00edficas de la luz, y tambi\u00e9n se puede utilizar para fabricar materiales l\u00e1ser.<\/p>\n<p>Materiales cer\u00e1micos: El \u00f3xido de praseodimio agregado a las formulaciones cer\u00e1micas, puede mejorar las propiedades f\u00edsicas de la cer\u00e1mica, como mejorar la dureza, la resistencia al desgaste y la resistencia a altas temperaturas, y puede dar colores \u00fanicos a la cer\u00e1mica.<\/p>\n<p>Catalizadores: Se pueden utilizar como catalizadores o precursores de catalizadores para algunas reacciones qu\u00edmicas, por ejemplo, en los campos del tratamiento de gases de escape de autom\u00f3viles y la fabricaci\u00f3n de productos qu\u00edmicos.<\/p>\n<p>Material magn\u00e9tico: Es \u00fatil para la preparaci\u00f3n de material magn\u00e9tico y se puede combinar con otros elementos para mejorar el rendimiento del material magn\u00e9tico.<\/p>\n","protected":false},"excerpt":{"rendered":"<p>El polvo de \u00f3xido de praseodimio es un importante material de \u00f3xido de tierras raras.<\/p>\n<p>Materiales \u00f3pticos: El \u00f3xido de praseodimio se puede utilizar en la fabricaci\u00f3n de vidrio \u00f3ptico, fibra \u00f3ptica, etc. La adici\u00f3n de vidrio puede cambiar las propiedades \u00f3pticas del vidrio, como la absorci\u00f3n y transmisi\u00f3n de longitudes de onda espec\u00edficas de la luz, y tambi\u00e9n se puede utilizar para fabricar materiales l\u00e1ser.<\/p>\n<p>Materiales cer\u00e1micos: agregado a las formulaciones cer\u00e1micas, puede mejorar las propiedades f\u00edsicas de la cer\u00e1mica, como mejorar la dureza, la resistencia al desgaste y la resistencia a altas temperaturas, y puede dar colores \u00fanicos a la cer\u00e1mica.<\/p>\n<p>&nbsp;<\/p>\n","protected":false},"featured_media":1034069,"comment_status":"open","ping_status":"closed","template":"","meta":{"_acf_changed":false},"product_brand":[],"product_cat":[186,184],"product_tag":[],"class_list":{"0":"post-1027104","1":"product","2":"type-product","3":"status-publish","4":"has-post-thumbnail","6":"product_cat-materiales-de-oxido-hidroxido","7":"product_cat-materiales-de-tierras-raras","9":"first","10":"instock","11":"shipping-taxable","12":"product-type-variable"},"acf":[],"_links":{"self":[{"href":"https:\/\/vimaterial.de\/es\/wp-json\/wp\/v2\/product\/1027104","targetHints":{"allow":["GET"]}}],"collection":[{"href":"https:\/\/vimaterial.de\/es\/wp-json\/wp\/v2\/product"}],"about":[{"href":"https:\/\/vimaterial.de\/es\/wp-json\/wp\/v2\/types\/product"}],"replies":[{"embeddable":true,"href":"https:\/\/vimaterial.de\/es\/wp-json\/wp\/v2\/comments?post=1027104"}],"wp:featuredmedia":[{"embeddable":true,"href":"https:\/\/vimaterial.de\/es\/wp-json\/wp\/v2\/media\/1034069"}],"wp:attachment":[{"href":"https:\/\/vimaterial.de\/es\/wp-json\/wp\/v2\/media?parent=1027104"}],"wp:term":[{"taxonomy":"product_brand","embeddable":true,"href":"https:\/\/vimaterial.de\/es\/wp-json\/wp\/v2\/product_brand?post=1027104"},{"taxonomy":"product_cat","embeddable":true,"href":"https:\/\/vimaterial.de\/es\/wp-json\/wp\/v2\/product_cat?post=1027104"},{"taxonomy":"product_tag","embeddable":true,"href":"https:\/\/vimaterial.de\/es\/wp-json\/wp\/v2\/product_tag?post=1027104"}],"curies":[{"name":"wp","href":"https:\/\/api.w.org\/{rel}","templated":true}]}}