{"id":1027051,"date":"2024-06-17T16:05:16","date_gmt":"2024-06-17T08:05:16","guid":{"rendered":"https:\/\/vimaterial.de\/product\/cloruro-de-praseodimio\/"},"modified":"2024-10-24T13:25:19","modified_gmt":"2024-10-24T05:25:19","slug":"cloruro-de-praseodimio","status":"publish","type":"product","link":"https:\/\/vimaterial.de\/es\/product\/cloruro-de-praseodimio\/","title":{"rendered":"Cloruro de praseodimio"},"content":{"rendered":"<p>El polvo de cloruro de praseodimio es un compuesto inorg\u00e1nico importante.<\/p>\n<h3>Informaci\u00f3n b\u00e1sica:<\/h3>\n<p>F\u00f3rmula qu\u00edmica: PrCl\u2083.<\/p>\n<p>Peso molecular: El cloruro de praseodimio anhidro tiene un peso molecular de 247,24 g\/mol; su heptahidrato tiene un peso molecular de 373,77 g\/mol.<\/p>\n<p>N\u00ba CAS: 10361-79-2 (anhidro); 17272-46-7 (hexahidrato).<\/p>\n<p>Aspecto: polvo azul verdoso a temperatura ambiente.<\/p>\n<p>Densidad: El cloruro de praseodimio anhidro tiene una densidad de 4,02 g\/cm\u00b3; El heptahidrato tiene una densidad de 2.250 g\/cm\u00b3.<\/p>\n<p>Punto de fusi\u00f3n: 786\u00b0C.<\/p>\n<p>Punto de ebullici\u00f3n: 1710\u00b0C.<\/p>\n<p>Solubilidad: higrosc\u00f3pico, soluble en agua y etanol.<\/p>\n<p>Estructura cristalina: estructura cristalina hexagonal.<\/p>\n<h3>Propiedades qu\u00edmicas:<\/h3>\n<p>Reacci\u00f3n de hidr\u00f3lisis: La reacci\u00f3n de hidr\u00f3lisis ocurrir\u00e1 en un ambiente h\u00famedo para producir productos relacionados con el hidr\u00f3xido de praseodimio.<\/p>\n<p>Estabilidad t\u00e9rmica: Tiene un cierto grado de estabilidad t\u00e9rmica, pero puede descomponerse o reaccionar con otras sustancias a temperaturas m\u00e1s altas.<\/p>\n<h3>Usos:<\/h3>\n<p>Campo industrial: Se puede utilizar para colorear vidrio y cer\u00e1mica, y puede dar colores espec\u00edficos y propiedades \u00f3pticas a productos de vidrio y cer\u00e1mica. Por ejemplo, el PrCl\u2083 puede a\u00f1adirse a algunos vidrios especiales para darles colores y propiedades \u00f3pticas \u00fanicas.<\/p>\n<p>Reactivo qu\u00edmico: Como reactivo qu\u00edmico importante, se utiliza en an\u00e1lisis qu\u00edmicos, s\u00edntesis y otros experimentos. Por ejemplo, el cloruro de praseodimio se puede utilizar como catalizador o reactivo en algunas reacciones qu\u00edmicas.<\/p>\n<p>Materiales magn\u00e9ticos: Se utiliza en la preparaci\u00f3n de materiales magn\u00e9ticos, como materiales magn\u00e9ticos permanentes. La estructura electr\u00f3nica especial del elemento praseodimio le da un importante valor de aplicaci\u00f3n en materiales magn\u00e9ticos, y el cloruro de praseodimio es una de las materias primas importantes para la preparaci\u00f3n de estos materiales magn\u00e9ticos.<\/p>\n","protected":false},"excerpt":{"rendered":"<p>El polvo de cloruro de praseodimio (PrCl\u2083) es un compuesto inorg\u00e1nico importante.<\/p>\n<p>Campo industrial: Se puede utilizar para colorear vidrio y cer\u00e1mica, y puede dar colores espec\u00edficos y propiedades \u00f3pticas a productos de vidrio y cer\u00e1mica. Por ejemplo, el cloruro de praseodimio se puede a\u00f1adir a algunos vidrios especiales para darles colores y propiedades \u00f3pticas \u00fanicas.<\/p>\n<p>Reactivo qu\u00edmico: Como reactivo qu\u00edmico importante, se utiliza en an\u00e1lisis qu\u00edmicos, s\u00edntesis y otros experimentos. Por ejemplo, el cloruro de praseodimio se puede utilizar como catalizador o reactivo en algunas reacciones qu\u00edmicas.<\/p>\n<p>&nbsp;<\/p>\n","protected":false},"featured_media":1034084,"comment_status":"open","ping_status":"closed","template":"","meta":{"_acf_changed":false},"product_brand":[],"product_cat":[184],"product_tag":[],"class_list":{"0":"post-1027051","1":"product","2":"type-product","3":"status-publish","4":"has-post-thumbnail","6":"product_cat-materiales-de-tierras-raras","8":"first","9":"instock","10":"shipping-taxable","11":"purchasable","12":"product-type-variable"},"acf":[],"_links":{"self":[{"href":"https:\/\/vimaterial.de\/es\/wp-json\/wp\/v2\/product\/1027051","targetHints":{"allow":["GET"]}}],"collection":[{"href":"https:\/\/vimaterial.de\/es\/wp-json\/wp\/v2\/product"}],"about":[{"href":"https:\/\/vimaterial.de\/es\/wp-json\/wp\/v2\/types\/product"}],"replies":[{"embeddable":true,"href":"https:\/\/vimaterial.de\/es\/wp-json\/wp\/v2\/comments?post=1027051"}],"wp:featuredmedia":[{"embeddable":true,"href":"https:\/\/vimaterial.de\/es\/wp-json\/wp\/v2\/media\/1034084"}],"wp:attachment":[{"href":"https:\/\/vimaterial.de\/es\/wp-json\/wp\/v2\/media?parent=1027051"}],"wp:term":[{"taxonomy":"product_brand","embeddable":true,"href":"https:\/\/vimaterial.de\/es\/wp-json\/wp\/v2\/product_brand?post=1027051"},{"taxonomy":"product_cat","embeddable":true,"href":"https:\/\/vimaterial.de\/es\/wp-json\/wp\/v2\/product_cat?post=1027051"},{"taxonomy":"product_tag","embeddable":true,"href":"https:\/\/vimaterial.de\/es\/wp-json\/wp\/v2\/product_tag?post=1027051"}],"curies":[{"name":"wp","href":"https:\/\/api.w.org\/{rel}","templated":true}]}}