{"id":1026888,"date":"2024-06-17T16:08:36","date_gmt":"2024-06-17T08:08:36","guid":{"rendered":"https:\/\/vimaterial.de\/product\/oxido-de-samario-2\/"},"modified":"2024-10-24T10:40:42","modified_gmt":"2024-10-24T02:40:42","slug":"oxido-de-samario-2","status":"publish","type":"product","link":"https:\/\/vimaterial.de\/es\/product\/oxido-de-samario-2\/","title":{"rendered":"\u00d3xido de samario"},"content":{"rendered":"<p>Las escamas de Sm\u2082O\u2083 son materiales en escamas compuestos de \u00f3xido de samario. La f\u00f3rmula qu\u00edmica del \u00f3xido de samario es Sm\u2082O\u2083, en la que el samario (Sm) es un elemento de tierras raras con n\u00famero at\u00f3mico 62.Este material hereda las propiedades qu\u00edmicas b\u00e1sicas de Sm\u2082O\u2083 y, al mismo tiempo, tiene algunas propiedades f\u00edsicas especiales debido a la estructura de la l\u00e1mina.<\/p>\n<h3>Informaci\u00f3n b\u00e1sica<\/h3>\n<p>Apariencia y forma: Aparece en forma de escamas, y el grosor, el tama\u00f1o y otras dimensiones de las escamas pueden variar seg\u00fan el m\u00e9todo de preparaci\u00f3n y la aplicaci\u00f3n.<\/p>\n<p>Color y transparencia: Generalmente amarillento.<\/p>\n<p>Densidad y dureza: la densidad es de unos 8.347 g\/cm\u00b3.<\/p>\n<h3>Campos de aplicaci\u00f3n<\/h3>\n<p>En el campo de los materiales electr\u00f3nicos, se puede utilizar como capa aislante o material diel\u00e9ctrico en dispositivos electr\u00f3nicos. Como su estructura de escamas puede proporcionar un buen rendimiento de aislamiento y ciertas caracter\u00edsticas de capacitancia, se puede utilizar para fabricar componentes electr\u00f3nicos como condensadores.<\/p>\n<p>Campo \u00f3ptico: Se puede utilizar para fabricar filtros \u00f3pticos o ventanas \u00f3pticas. Se puede utilizar para filtrar o regular la luz por sus propiedades de absorci\u00f3n y transmisi\u00f3n de longitudes de onda espec\u00edficas de luz.<\/p>\n<p>Campo catal\u00edtico: Como portador de catalizador, su estructura laminar puede aumentar el \u00e1rea de carga de la sustancia activa y mejorar la eficiencia catal\u00edtica del catalizador.<\/p>\n","protected":false},"excerpt":{"rendered":"<p>Las escamas de Sm\u2082O\u2083 son materiales en escamas compuestos de \u00f3xido de samario. La f\u00f3rmula qu\u00edmica del \u00f3xido de samario es Sm\u2082O\u2083, en la que el samario (Sm) es un elemento de tierras raras con n\u00famero at\u00f3mico 62.Este material hereda las propiedades qu\u00edmicas b\u00e1sicas de Sm\u2082O\u2083 y, al mismo tiempo, tiene algunas propiedades f\u00edsicas especiales debido a la estructura de la l\u00e1mina.<\/p>\n<p>En el campo de los materiales electr\u00f3nicos, se puede utilizar como capa aislante o material diel\u00e9ctrico en dispositivos electr\u00f3nicos. Como su estructura de escamas puede proporcionar un buen rendimiento de aislamiento y ciertas caracter\u00edsticas de capacitancia, se puede utilizar para fabricar componentes electr\u00f3nicos como condensadores.<\/p>\n<p>&nbsp;<\/p>\n<p>&nbsp;<\/p>\n","protected":false},"featured_media":1034199,"comment_status":"open","ping_status":"closed","template":"","meta":{"_acf_changed":false},"product_brand":[],"product_cat":[179],"product_tag":[],"class_list":{"0":"post-1026888","1":"product","2":"type-product","3":"status-publish","4":"has-post-thumbnail","6":"product_cat-materiales-de-evaporacion","8":"first","9":"instock","10":"shipping-taxable","11":"purchasable","12":"product-type-variable"},"acf":[],"_links":{"self":[{"href":"https:\/\/vimaterial.de\/es\/wp-json\/wp\/v2\/product\/1026888","targetHints":{"allow":["GET"]}}],"collection":[{"href":"https:\/\/vimaterial.de\/es\/wp-json\/wp\/v2\/product"}],"about":[{"href":"https:\/\/vimaterial.de\/es\/wp-json\/wp\/v2\/types\/product"}],"replies":[{"embeddable":true,"href":"https:\/\/vimaterial.de\/es\/wp-json\/wp\/v2\/comments?post=1026888"}],"wp:featuredmedia":[{"embeddable":true,"href":"https:\/\/vimaterial.de\/es\/wp-json\/wp\/v2\/media\/1034199"}],"wp:attachment":[{"href":"https:\/\/vimaterial.de\/es\/wp-json\/wp\/v2\/media?parent=1026888"}],"wp:term":[{"taxonomy":"product_brand","embeddable":true,"href":"https:\/\/vimaterial.de\/es\/wp-json\/wp\/v2\/product_brand?post=1026888"},{"taxonomy":"product_cat","embeddable":true,"href":"https:\/\/vimaterial.de\/es\/wp-json\/wp\/v2\/product_cat?post=1026888"},{"taxonomy":"product_tag","embeddable":true,"href":"https:\/\/vimaterial.de\/es\/wp-json\/wp\/v2\/product_tag?post=1026888"}],"curies":[{"name":"wp","href":"https:\/\/api.w.org\/{rel}","templated":true}]}}