{"id":1026886,"date":"2024-06-17T16:08:36","date_gmt":"2024-06-17T08:08:36","guid":{"rendered":"https:\/\/vimaterial.de\/product\/oxido-de-samario\/"},"modified":"2024-10-24T10:18:51","modified_gmt":"2024-10-24T02:18:51","slug":"oxido-de-samario","status":"publish","type":"product","link":"https:\/\/vimaterial.de\/es\/product\/oxido-de-samario\/","title":{"rendered":"\u00d3xido de samario"},"content":{"rendered":"<h3>Informaci\u00f3n b\u00e1sica:<\/h3>\n<p>F\u00f3rmula qu\u00edmica: sm\u2082O\u2083, compuesto por los elementos de tierras raras samario (Sm) y ox\u00edgeno (O).<\/p>\n<p>N\u00ba CAS: 12060 &#8211; 58 &#8211; 1. Aspecto: generalmente gr\u00e1nulos pulverulentos de color amarillo claro, pero el color puede variar ligeramente seg\u00fan la pureza, el tama\u00f1o de part\u00edcula y otros factores. Densidad: La densidad relativa es alta, alrededor de 8.347 g\/cm\u00b3.<\/p>\n<p>Punto de fusi\u00f3n: Alto punto de fusi\u00f3n, aprox. 2335 \u00b0C.<\/p>\n<h3>Propiedades qu\u00edmicas:<\/h3>\n<p>Estabilidad: es m\u00e1s estable a temperatura y presi\u00f3n ambiente, pero su estabilidad qu\u00edmica se ver\u00e1 afectada en entornos hostiles como alta temperatura, \u00e1cido fuerte y \u00e1lcali. Es f\u00e1cil absorber di\u00f3xido de carbono y agua en el aire, y puede ocurrir un cierto grado de reacci\u00f3n qu\u00edmica.<\/p>\n<p>Propiedades oxidantes: tiene cierto grado de propiedades oxidantes, aunque su capacidad oxidante es relativamente d\u00e9bil.<\/p>\n<h3>Campo de aplicaci\u00f3n:<\/h3>\n<p>Material magn\u00e9tico permanente: el \u00f3xido de samario se puede utilizar para preparar imanes permanentes de samario y cobalto, que tienen altas propiedades magn\u00e9ticas y son ampliamente utilizados en motores el\u00e9ctricos, equipos electr\u00f3nicos, aeroespaciales y otros campos.<\/p>\n<p>Vidrio \u00f3ptico: \u00f3xido de samario utilizado como aditivo del vidrio \u00f3ptico y vidrio absorbente de infrarrojos, que puede absorber radiaci\u00f3n infrarroja y se utiliza para fabricar vidrio \u00f3ptico especial.<\/p>\n<p>Catalizador: Se puede utilizar como catalizador o portador de catalizador para algunas reacciones qu\u00edmicas, como la reacci\u00f3n de deshidrataci\u00f3n y deshidrogenaci\u00f3n de alcoholes.<\/p>\n<p>Material de blindaje de neutrones: debido a la buena capacidad de absorci\u00f3n del neutr\u00f3n, se puede utilizar para preparar material de blindaje de neutrones, que tiene importantes aplicaciones en el campo de la industria nuclear.<\/p>\n","protected":false},"excerpt":{"rendered":"<p>El \u00f3xido de samario es un importante \u00f3xido de tierras raras.<\/p>\n<p>Material magn\u00e9tico permanente: el \u00f3xido de samario se puede utilizar para preparar imanes permanentes de samario y cobalto, que tienen altas propiedades magn\u00e9ticas y son ampliamente utilizados en motores el\u00e9ctricos, equipos electr\u00f3nicos, aeroespaciales y otros campos.<\/p>\n<p>Vidrio \u00f3ptico: se utiliza como aditivo del vidrio \u00f3ptico y el vidrio absorbente de infrarrojos, que puede absorber la radiaci\u00f3n infrarroja y se utiliza para fabricar vidrio \u00f3ptico especial.<\/p>\n<p>&nbsp;<\/p>\n","protected":false},"featured_media":1034194,"comment_status":"open","ping_status":"closed","template":"","meta":{"_acf_changed":false},"product_brand":[],"product_cat":[179],"product_tag":[],"class_list":{"0":"post-1026886","1":"product","2":"type-product","3":"status-publish","4":"has-post-thumbnail","6":"product_cat-materiales-de-evaporacion","8":"first","9":"instock","10":"shipping-taxable","11":"purchasable","12":"product-type-variable"},"acf":[],"_links":{"self":[{"href":"https:\/\/vimaterial.de\/es\/wp-json\/wp\/v2\/product\/1026886","targetHints":{"allow":["GET"]}}],"collection":[{"href":"https:\/\/vimaterial.de\/es\/wp-json\/wp\/v2\/product"}],"about":[{"href":"https:\/\/vimaterial.de\/es\/wp-json\/wp\/v2\/types\/product"}],"replies":[{"embeddable":true,"href":"https:\/\/vimaterial.de\/es\/wp-json\/wp\/v2\/comments?post=1026886"}],"wp:featuredmedia":[{"embeddable":true,"href":"https:\/\/vimaterial.de\/es\/wp-json\/wp\/v2\/media\/1034194"}],"wp:attachment":[{"href":"https:\/\/vimaterial.de\/es\/wp-json\/wp\/v2\/media?parent=1026886"}],"wp:term":[{"taxonomy":"product_brand","embeddable":true,"href":"https:\/\/vimaterial.de\/es\/wp-json\/wp\/v2\/product_brand?post=1026886"},{"taxonomy":"product_cat","embeddable":true,"href":"https:\/\/vimaterial.de\/es\/wp-json\/wp\/v2\/product_cat?post=1026886"},{"taxonomy":"product_tag","embeddable":true,"href":"https:\/\/vimaterial.de\/es\/wp-json\/wp\/v2\/product_tag?post=1026886"}],"curies":[{"name":"wp","href":"https:\/\/api.w.org\/{rel}","templated":true}]}}