{"id":1026848,"date":"2024-06-17T15:56:39","date_gmt":"2024-06-17T07:56:39","guid":{"rendered":"https:\/\/vimaterial.de\/product\/plomo-metal-4\/"},"modified":"2024-10-25T16:56:14","modified_gmt":"2024-10-25T08:56:14","slug":"plomo-metal-4","status":"publish","type":"product","link":"https:\/\/vimaterial.de\/es\/product\/plomo-metal-4\/","title":{"rendered":"Plomo met\u00e1lico"},"content":{"rendered":"<h3>Informaci\u00f3n b\u00e1sica<\/h3>\n<p>Composici\u00f3n qu\u00edmica: Pb. Estructura at\u00f3mica y forma cristalina: el n\u00famero at\u00f3mico del plomo es 82. El plomo tiene una estructura cristalina c\u00fabica centrada en las caras.<br \/>\nColor: Las part\u00edculas de plomo son generalmente de color gris plateado.<br \/>\nDensidad: Plomo met\u00e1lico tiene una alta densidad de aproximadamente 11,34 g\/cm\u00b3.<br \/>\nDureza: El plomo es un metal relativamente blando con una dureza de Mohs de aproximadamente 1,5.<br \/>\nPuntos de fusi\u00f3n y ebullici\u00f3n: El plomo tiene un punto de fusi\u00f3n de 327,5 \u00b0C y un punto de ebullici\u00f3n de 1749 \u00b0C. Por debajo del punto de fusi\u00f3n, las part\u00edculas de plomo permanecen en su forma original.<br \/>\nConductividad t\u00e9rmica y el\u00e9ctrica: El plomo tiene buena conductividad t\u00e9rmica y el\u00e9ctrica.<\/p>\n<h3>\u00c1reas de aplicaci\u00f3n<\/h3>\n<p>Industria de bater\u00edas: En las bater\u00edas de plomo-\u00e1cido, las part\u00edculas de plomo son una materia prima importante para la fabricaci\u00f3n de placas polares. Protecci\u00f3n contra la radiaci\u00f3n: Las part\u00edculas de plomo met\u00e1lico se pueden utilizar para fabricar materiales de protecci\u00f3n contra la radiaci\u00f3n porque el plomo tiene un buen efecto de protecci\u00f3n contra los rayos (por ejemplo, rayos X, rayos gamma).<\/p>\n<p>Industria metal\u00fargica: En el proceso metal\u00fargico, las part\u00edculas de plomo met\u00e1lico se pueden agregar a otras aleaciones met\u00e1licas como aditivos para mejorar el rendimiento de la aleaci\u00f3n.<\/p>\n<p>Materiales de construcci\u00f3n: En algunos materiales de construcci\u00f3n especiales, las part\u00edculas de plomo se pueden utilizar para el aislamiento ac\u00fastico y la amortiguaci\u00f3n de vibraciones. Por ejemplo, agregar part\u00edculas de plomo al concreto puede mejorar el aislamiento ac\u00fastico y el rendimiento s\u00edsmico de un edificio.<\/p>\n","protected":false},"excerpt":{"rendered":"<p>Industria de bater\u00edas: En las bater\u00edas de plomo-metal-\u00e1cido, las part\u00edculas de plomo son una materia prima importante para la fabricaci\u00f3n de placas polares.<\/p>\n<p>Protecci\u00f3n contra la radiaci\u00f3n: Las part\u00edculas de plomo met\u00e1lico se pueden utilizar para fabricar materiales de protecci\u00f3n contra la radiaci\u00f3n porque el plomo tiene un buen efecto de protecci\u00f3n contra los rayos (por ejemplo, rayos X, rayos gamma).<\/p>\n<p>Industria metal\u00fargica: En el proceso metal\u00fargico, las part\u00edculas de plomo se pueden agregar a otras aleaciones met\u00e1licas como aditivos para mejorar el rendimiento de la aleaci\u00f3n.<\/p>\n","protected":false},"featured_media":1033457,"comment_status":"open","ping_status":"closed","template":"","meta":{"_acf_changed":false},"product_brand":[],"product_cat":[179],"product_tag":[],"class_list":{"0":"post-1026848","1":"product","2":"type-product","3":"status-publish","4":"has-post-thumbnail","6":"product_cat-materiales-de-evaporacion","8":"first","9":"instock","10":"shipping-taxable","11":"purchasable","12":"product-type-variable"},"acf":[],"_links":{"self":[{"href":"https:\/\/vimaterial.de\/es\/wp-json\/wp\/v2\/product\/1026848","targetHints":{"allow":["GET"]}}],"collection":[{"href":"https:\/\/vimaterial.de\/es\/wp-json\/wp\/v2\/product"}],"about":[{"href":"https:\/\/vimaterial.de\/es\/wp-json\/wp\/v2\/types\/product"}],"replies":[{"embeddable":true,"href":"https:\/\/vimaterial.de\/es\/wp-json\/wp\/v2\/comments?post=1026848"}],"wp:featuredmedia":[{"embeddable":true,"href":"https:\/\/vimaterial.de\/es\/wp-json\/wp\/v2\/media\/1033457"}],"wp:attachment":[{"href":"https:\/\/vimaterial.de\/es\/wp-json\/wp\/v2\/media?parent=1026848"}],"wp:term":[{"taxonomy":"product_brand","embeddable":true,"href":"https:\/\/vimaterial.de\/es\/wp-json\/wp\/v2\/product_brand?post=1026848"},{"taxonomy":"product_cat","embeddable":true,"href":"https:\/\/vimaterial.de\/es\/wp-json\/wp\/v2\/product_cat?post=1026848"},{"taxonomy":"product_tag","embeddable":true,"href":"https:\/\/vimaterial.de\/es\/wp-json\/wp\/v2\/product_tag?post=1026848"}],"curies":[{"name":"wp","href":"https:\/\/api.w.org\/{rel}","templated":true}]}}