{"id":1026838,"date":"2024-06-17T15:56:39","date_gmt":"2024-06-17T07:56:39","guid":{"rendered":"https:\/\/vimaterial.de\/product\/plomo-metal-3\/"},"modified":"2024-10-25T16:42:07","modified_gmt":"2024-10-25T08:42:07","slug":"plomo-metal-3","status":"publish","type":"product","link":"https:\/\/vimaterial.de\/es\/product\/plomo-metal-3\/","title":{"rendered":"Plomo met\u00e1lico"},"content":{"rendered":"<h3>Informaci\u00f3n b\u00e1sica<\/h3>\n<p>F\u00f3rmula qu\u00edmica: Pb.<\/p>\n<p>Peso at\u00f3mico: alrededor de 207.2.<\/p>\n<p>Estructura cristalina: El plomo pertenece al sistema de cristal c\u00fabico.<\/p>\n<p>Aspecto: El polvo de plomo suele ser de color gris oscuro.<\/p>\n<p>Densidad: 11,34 g\/cm\u00b3.<\/p>\n<h3>\u00c1mbitos de aplicaci\u00f3n<\/h3>\n<p>Fabricaci\u00f3n de bater\u00edas: El polvo Plomo met\u00e1lico es la principal materia prima para las placas de bater\u00eda de plomo-\u00e1cido. En el proceso de fabricaci\u00f3n de la bater\u00eda, el polvo de plomo se mezcla con otros materiales como el \u00e1cido sulf\u00farico y se forma en placas de bater\u00eda a trav\u00e9s de los pasos del proceso de recubrimiento en pasta, curado y formaci\u00f3n qu\u00edmica, de modo que la bater\u00eda puede almacenar y liberar energ\u00eda el\u00e9ctrica.<\/p>\n<p>Protecci\u00f3n contra la radiaci\u00f3n: El polvo Plomo met\u00e1lico se puede utilizar para fabricar materiales de protecci\u00f3n contra la radiaci\u00f3n debido a su buena capacidad de absorci\u00f3n de rayos (por ejemplo, rayos X, \u03b3 rayos).<\/p>\n<p>Materias primas qu\u00edmicas: el polvo de plomo se puede utilizar como materia prima qu\u00edmica para la producci\u00f3n de diversos compuestos de plomo, como \u00f3xido de plomo, cloruro de plomo, nitrato de plomo, etc. Estos compuestos de plomo tienen una amplia gama de aplicaciones en pigmentos, cer\u00e1mica, vidrio y otras industrias.<\/p>\n","protected":false},"excerpt":{"rendered":"<p>Fabricaci\u00f3n de bater\u00edas:Plomo met\u00e1lico es la principal materia prima para las placas de bater\u00eda de plomo-\u00e1cido. En el proceso de fabricaci\u00f3n de la bater\u00eda, el polvo de plomo se mezcla con otros materiales como el \u00e1cido sulf\u00farico y se forma en placas de bater\u00eda a trav\u00e9s de los pasos del proceso de recubrimiento en pasta, curado y formaci\u00f3n qu\u00edmica, de modo que la bater\u00eda puede almacenar y liberar energ\u00eda el\u00e9ctrica.<\/p>\n<p>Protecci\u00f3n contra la radiaci\u00f3n: El polvo Plomo met\u00e1lico se puede utilizar para fabricar materiales de protecci\u00f3n contra la radiaci\u00f3n debido a su buena capacidad de absorci\u00f3n de rayos (por ejemplo, rayos X, \u03b3 rayos).<\/p>\n<p>&nbsp;<\/p>\n","protected":false},"featured_media":1033452,"comment_status":"open","ping_status":"closed","template":"","meta":{"_acf_changed":false},"product_brand":[],"product_cat":[193],"product_tag":[],"class_list":{"0":"post-1026838","1":"product","2":"type-product","3":"status-publish","4":"has-post-thumbnail","6":"product_cat-polvo-de-aleaciones-y-metales-puros","8":"first","9":"instock","10":"shipping-taxable","11":"purchasable","12":"product-type-variable"},"acf":[],"_links":{"self":[{"href":"https:\/\/vimaterial.de\/es\/wp-json\/wp\/v2\/product\/1026838","targetHints":{"allow":["GET"]}}],"collection":[{"href":"https:\/\/vimaterial.de\/es\/wp-json\/wp\/v2\/product"}],"about":[{"href":"https:\/\/vimaterial.de\/es\/wp-json\/wp\/v2\/types\/product"}],"replies":[{"embeddable":true,"href":"https:\/\/vimaterial.de\/es\/wp-json\/wp\/v2\/comments?post=1026838"}],"wp:featuredmedia":[{"embeddable":true,"href":"https:\/\/vimaterial.de\/es\/wp-json\/wp\/v2\/media\/1033452"}],"wp:attachment":[{"href":"https:\/\/vimaterial.de\/es\/wp-json\/wp\/v2\/media?parent=1026838"}],"wp:term":[{"taxonomy":"product_brand","embeddable":true,"href":"https:\/\/vimaterial.de\/es\/wp-json\/wp\/v2\/product_brand?post=1026838"},{"taxonomy":"product_cat","embeddable":true,"href":"https:\/\/vimaterial.de\/es\/wp-json\/wp\/v2\/product_cat?post=1026838"},{"taxonomy":"product_tag","embeddable":true,"href":"https:\/\/vimaterial.de\/es\/wp-json\/wp\/v2\/product_tag?post=1026838"}],"curies":[{"name":"wp","href":"https:\/\/api.w.org\/{rel}","templated":true}]}}